{"id":2232,"date":"2024-10-28T17:49:42","date_gmt":"2024-10-28T16:49:42","guid":{"rendered":"https:\/\/ristorantele4stagioni.com\/?post_type=product&#038;p=2232"},"modified":"2025-09-19T15:17:18","modified_gmt":"2025-09-19T13:17:18","slug":"menu-degustazione-del-territorio-4stagioni","status":"publish","type":"product","link":"https:\/\/ristorantele4stagioni.com\/en\/prodotto\/menu-degustazione-del-territorio-4stagioni\/","title":{"rendered":"Menu degustazione del territorio"},"content":{"rendered":"","protected":false},"excerpt":{"rendered":"<p><span lang=\"it-IT\">A Casa Sassone ogni piatto \u00e8 una celebrazione delle stagioni, con ingredienti di provenienza locale che ci permettono di offrire una qualit\u00e0 autentica.<br \/>\n<\/span><strong>Il menu degustazione del territorio comprende un antipasto, un primo, un secondo e un dolce.<\/strong><\/p>\n<h6>Acqua e caff\u00e8 sono inclusi.<br \/>\nIl prezzo si intende per persona.<br \/>\nCon un supplemento \u00e8 possibile prenotare il tavolo nel nostro Caveau.<\/h6>\n","protected":false},"featured_media":4271,"template":"","meta":{"_acf_changed":false,"_monsterinsights_skip_tracking":false,"_monsterinsights_sitenote_active":false,"_monsterinsights_sitenote_note":"","_monsterinsights_sitenote_category":0},"product_brand":[],"product_cat":[29],"product_tag":[37],"class_list":{"0":"post-2232","1":"product","2":"type-product","3":"status-publish","4":"has-post-thumbnail","6":"product_cat-gift-voucher","7":"product_tag-le-4-stagioni","9":"first","10":"instock","11":"shipping-taxable","12":"purchasable","13":"product-type-pw-gift-card"},"acf":[],"yoast_head":"<!-- This site is optimized with the Yoast SEO plugin v27.1.1 - https:\/\/yoast.com\/product\/yoast-seo-wordpress\/ -->\n<title>Menu degustazione del territorio - Ristorante Le 4 Stagioni di Casa Sassone<\/title>\n<meta name=\"robots\" content=\"index, follow, max-snippet:-1, max-image-preview:large, max-video-preview:-1\" \/>\n<link rel=\"canonical\" href=\"https:\/\/ristorantele4stagioni.com\/prodotto\/menu-degustazione-del-territorio-4stagioni\/\" \/>\n<meta property=\"og:locale\" content=\"en_US\" \/>\n<meta property=\"og:type\" content=\"article\" \/>\n<meta property=\"og:title\" content=\"Menu degustazione del territorio - Ristorante Le 4 Stagioni di Casa Sassone\" \/>\n<meta property=\"og:description\" content=\"A Casa Sassone ogni piatto \u00e8 una celebrazione delle stagioni, con ingredienti di provenienza locale che ci permettono di offrire una qualit\u00e0 autentica. Il menu degustazione del territorio comprende un antipasto, un primo, un secondo e un dolce. Acqua e caff\u00e8 sono inclusi. Il prezzo si intende per persona. Con un supplemento \u00e8 possibile prenotare il tavolo nel nostro Caveau.\" \/>\n<meta property=\"og:url\" content=\"https:\/\/ristorantele4stagioni.com\/prodotto\/menu-degustazione-del-territorio-4stagioni\/\" \/>\n<meta property=\"og:site_name\" content=\"Ristorante Le 4 Stagioni di Casa Sassone\" \/>\n<meta property=\"article:publisher\" content=\"https:\/\/www.facebook.com\/ristorantele4stagioni\" \/>\n<meta property=\"article:modified_time\" content=\"2025-09-19T13:17:18+00:00\" \/>\n<meta property=\"og:image\" content=\"https:\/\/ristorantele4stagioni.com\/wp-content\/uploads\/2024\/10\/voucher-4stag.jpg\" \/>\n\t<meta property=\"og:image:width\" content=\"1080\" \/>\n\t<meta property=\"og:image:height\" content=\"1080\" \/>\n\t<meta property=\"og:image:type\" content=\"image\/jpeg\" \/>\n<meta name=\"twitter:card\" content=\"summary_large_image\" \/>\n<meta name=\"twitter:site\" content=\"@ristorante4stag\" \/>\n<meta name=\"twitter:label1\" content=\"Est. reading time\" \/>\n\t<meta name=\"twitter:data1\" content=\"1 minute\" \/>\n<script type=\"application\/ld+json\" class=\"yoast-schema-graph\">{\"@context\":\"https:\/\/schema.org\",\"@graph\":[{\"@type\":\"WebPage\",\"@id\":\"https:\/\/ristorantele4stagioni.com\/prodotto\/menu-degustazione-del-territorio-4stagioni\/\",\"url\":\"https:\/\/ristorantele4stagioni.com\/prodotto\/menu-degustazione-del-territorio-4stagioni\/\",\"name\":\"Menu degustazione del territorio - Ristorante Le 4 Stagioni di Casa Sassone\",\"isPartOf\":{\"@id\":\"https:\/\/ristorantele4stagioni.com\/#website\"},\"primaryImageOfPage\":{\"@id\":\"https:\/\/ristorantele4stagioni.com\/prodotto\/menu-degustazione-del-territorio-4stagioni\/#primaryimage\"},\"image\":{\"@id\":\"https:\/\/ristorantele4stagioni.com\/prodotto\/menu-degustazione-del-territorio-4stagioni\/#primaryimage\"},\"thumbnailUrl\":\"https:\/\/ristorantele4stagioni.com\/wp-content\/uploads\/2024\/10\/voucher-4stag.jpg\",\"datePublished\":\"2024-10-28T16:49:42+00:00\",\"dateModified\":\"2025-09-19T13:17:18+00:00\",\"breadcrumb\":{\"@id\":\"https:\/\/ristorantele4stagioni.com\/prodotto\/menu-degustazione-del-territorio-4stagioni\/#breadcrumb\"},\"inLanguage\":\"en-US\",\"potentialAction\":[{\"@type\":\"ReadAction\",\"target\":[\"https:\/\/ristorantele4stagioni.com\/prodotto\/menu-degustazione-del-territorio-4stagioni\/\"]}]},{\"@type\":\"ImageObject\",\"inLanguage\":\"en-US\",\"@id\":\"https:\/\/ristorantele4stagioni.com\/prodotto\/menu-degustazione-del-territorio-4stagioni\/#primaryimage\",\"url\":\"https:\/\/ristorantele4stagioni.com\/wp-content\/uploads\/2024\/10\/voucher-4stag.jpg\",\"contentUrl\":\"https:\/\/ristorantele4stagioni.com\/wp-content\/uploads\/2024\/10\/voucher-4stag.jpg\",\"width\":1080,\"height\":1080},{\"@type\":\"BreadcrumbList\",\"@id\":\"https:\/\/ristorantele4stagioni.com\/prodotto\/menu-degustazione-del-territorio-4stagioni\/#breadcrumb\",\"itemListElement\":[{\"@type\":\"ListItem\",\"position\":1,\"name\":\"Home\",\"item\":\"https:\/\/ristorantele4stagioni.com\/en\/home-2\/\"},{\"@type\":\"ListItem\",\"position\":2,\"name\":\"Shop\",\"item\":\"https:\/\/ristorantele4stagioni.com\/negozio\/\"},{\"@type\":\"ListItem\",\"position\":3,\"name\":\"Menu degustazione del territorio\"}]},{\"@type\":\"WebSite\",\"@id\":\"https:\/\/ristorantele4stagioni.com\/#website\",\"url\":\"https:\/\/ristorantele4stagioni.com\/\",\"name\":\"Ristorante Le 4 Stagioni di Casa Sassone e Charcuterie a Saluzzo\",\"description\":\"Nel cuore del centro storico di Saluzzo, capitale del Marchesato\",\"publisher\":{\"@id\":\"https:\/\/ristorantele4stagioni.com\/#organization\"},\"potentialAction\":[{\"@type\":\"SearchAction\",\"target\":{\"@type\":\"EntryPoint\",\"urlTemplate\":\"https:\/\/ristorantele4stagioni.com\/?s={search_term_string}\"},\"query-input\":{\"@type\":\"PropertyValueSpecification\",\"valueRequired\":true,\"valueName\":\"search_term_string\"}}],\"inLanguage\":\"en-US\"},{\"@type\":\"Organization\",\"@id\":\"https:\/\/ristorantele4stagioni.com\/#organization\",\"name\":\"Ristorante Le 4 Stagioni di Casa Sassone\",\"url\":\"https:\/\/ristorantele4stagioni.com\/\",\"logo\":{\"@type\":\"ImageObject\",\"inLanguage\":\"en-US\",\"@id\":\"https:\/\/ristorantele4stagioni.com\/#\/schema\/logo\/image\/\",\"url\":\"https:\/\/ristorantele4stagioni.com\/wp-content\/uploads\/2024\/11\/logo-ristorante4stagioni-bagliore.png\",\"contentUrl\":\"https:\/\/ristorantele4stagioni.com\/wp-content\/uploads\/2024\/11\/logo-ristorante4stagioni-bagliore.png\",\"width\":800,\"height\":610,\"caption\":\"Ristorante Le 4 Stagioni di Casa Sassone\"},\"image\":{\"@id\":\"https:\/\/ristorantele4stagioni.com\/#\/schema\/logo\/image\/\"},\"sameAs\":[\"https:\/\/www.facebook.com\/ristorantele4stagioni\",\"https:\/\/x.com\/ristorante4stag\",\"https:\/\/www.instagram.com\/le4stagioni.ristorante\/\",\"https:\/\/www.tripadvisor.it\/Restaurant_Review-g194893-d940554-Reviews-Le_Quattro_Stagioni_d_Italia-Saluzzo_Province_of_Cuneo_Piedmont.html\"]}]}<\/script>\n<!-- \/ Yoast SEO plugin. -->","yoast_head_json":{"title":"Menu degustazione del territorio - Ristorante Le 4 Stagioni di Casa Sassone","robots":{"index":"index","follow":"follow","max-snippet":"max-snippet:-1","max-image-preview":"max-image-preview:large","max-video-preview":"max-video-preview:-1"},"canonical":"https:\/\/ristorantele4stagioni.com\/prodotto\/menu-degustazione-del-territorio-4stagioni\/","og_locale":"en_US","og_type":"article","og_title":"Menu degustazione del territorio - Ristorante Le 4 Stagioni di Casa Sassone","og_description":"A Casa Sassone ogni piatto \u00e8 una celebrazione delle stagioni, con ingredienti di provenienza locale che ci permettono di offrire una qualit\u00e0 autentica. Il menu degustazione del territorio comprende un antipasto, un primo, un secondo e un dolce. Acqua e caff\u00e8 sono inclusi. Il prezzo si intende per persona. Con un supplemento \u00e8 possibile prenotare il tavolo nel nostro Caveau.","og_url":"https:\/\/ristorantele4stagioni.com\/prodotto\/menu-degustazione-del-territorio-4stagioni\/","og_site_name":"Ristorante Le 4 Stagioni di Casa Sassone","article_publisher":"https:\/\/www.facebook.com\/ristorantele4stagioni","article_modified_time":"2025-09-19T13:17:18+00:00","og_image":[{"width":1080,"height":1080,"url":"https:\/\/ristorantele4stagioni.com\/wp-content\/uploads\/2024\/10\/voucher-4stag.jpg","type":"image\/jpeg"}],"twitter_card":"summary_large_image","twitter_site":"@ristorante4stag","twitter_misc":{"Est. reading time":"1 minute"},"schema":{"@context":"https:\/\/schema.org","@graph":[{"@type":"WebPage","@id":"https:\/\/ristorantele4stagioni.com\/prodotto\/menu-degustazione-del-territorio-4stagioni\/","url":"https:\/\/ristorantele4stagioni.com\/prodotto\/menu-degustazione-del-territorio-4stagioni\/","name":"Menu degustazione del territorio - Ristorante Le 4 Stagioni di Casa Sassone","isPartOf":{"@id":"https:\/\/ristorantele4stagioni.com\/#website"},"primaryImageOfPage":{"@id":"https:\/\/ristorantele4stagioni.com\/prodotto\/menu-degustazione-del-territorio-4stagioni\/#primaryimage"},"image":{"@id":"https:\/\/ristorantele4stagioni.com\/prodotto\/menu-degustazione-del-territorio-4stagioni\/#primaryimage"},"thumbnailUrl":"https:\/\/ristorantele4stagioni.com\/wp-content\/uploads\/2024\/10\/voucher-4stag.jpg","datePublished":"2024-10-28T16:49:42+00:00","dateModified":"2025-09-19T13:17:18+00:00","breadcrumb":{"@id":"https:\/\/ristorantele4stagioni.com\/prodotto\/menu-degustazione-del-territorio-4stagioni\/#breadcrumb"},"inLanguage":"en-US","potentialAction":[{"@type":"ReadAction","target":["https:\/\/ristorantele4stagioni.com\/prodotto\/menu-degustazione-del-territorio-4stagioni\/"]}]},{"@type":"ImageObject","inLanguage":"en-US","@id":"https:\/\/ristorantele4stagioni.com\/prodotto\/menu-degustazione-del-territorio-4stagioni\/#primaryimage","url":"https:\/\/ristorantele4stagioni.com\/wp-content\/uploads\/2024\/10\/voucher-4stag.jpg","contentUrl":"https:\/\/ristorantele4stagioni.com\/wp-content\/uploads\/2024\/10\/voucher-4stag.jpg","width":1080,"height":1080},{"@type":"BreadcrumbList","@id":"https:\/\/ristorantele4stagioni.com\/prodotto\/menu-degustazione-del-territorio-4stagioni\/#breadcrumb","itemListElement":[{"@type":"ListItem","position":1,"name":"Home","item":"https:\/\/ristorantele4stagioni.com\/en\/home-2\/"},{"@type":"ListItem","position":2,"name":"Shop","item":"https:\/\/ristorantele4stagioni.com\/negozio\/"},{"@type":"ListItem","position":3,"name":"Menu degustazione del territorio"}]},{"@type":"WebSite","@id":"https:\/\/ristorantele4stagioni.com\/#website","url":"https:\/\/ristorantele4stagioni.com\/","name":"Ristorante Le 4 Stagioni di Casa Sassone e Charcuterie a Saluzzo","description":"Nel cuore del centro storico di Saluzzo, capitale del Marchesato","publisher":{"@id":"https:\/\/ristorantele4stagioni.com\/#organization"},"potentialAction":[{"@type":"SearchAction","target":{"@type":"EntryPoint","urlTemplate":"https:\/\/ristorantele4stagioni.com\/?s={search_term_string}"},"query-input":{"@type":"PropertyValueSpecification","valueRequired":true,"valueName":"search_term_string"}}],"inLanguage":"en-US"},{"@type":"Organization","@id":"https:\/\/ristorantele4stagioni.com\/#organization","name":"Ristorante Le 4 Stagioni di Casa Sassone","url":"https:\/\/ristorantele4stagioni.com\/","logo":{"@type":"ImageObject","inLanguage":"en-US","@id":"https:\/\/ristorantele4stagioni.com\/#\/schema\/logo\/image\/","url":"https:\/\/ristorantele4stagioni.com\/wp-content\/uploads\/2024\/11\/logo-ristorante4stagioni-bagliore.png","contentUrl":"https:\/\/ristorantele4stagioni.com\/wp-content\/uploads\/2024\/11\/logo-ristorante4stagioni-bagliore.png","width":800,"height":610,"caption":"Ristorante Le 4 Stagioni di Casa Sassone"},"image":{"@id":"https:\/\/ristorantele4stagioni.com\/#\/schema\/logo\/image\/"},"sameAs":["https:\/\/www.facebook.com\/ristorantele4stagioni","https:\/\/x.com\/ristorante4stag","https:\/\/www.instagram.com\/le4stagioni.ristorante\/","https:\/\/www.tripadvisor.it\/Restaurant_Review-g194893-d940554-Reviews-Le_Quattro_Stagioni_d_Italia-Saluzzo_Province_of_Cuneo_Piedmont.html"]}]}},"_links":{"self":[{"href":"https:\/\/ristorantele4stagioni.com\/en\/wp-json\/wp\/v2\/product\/2232","targetHints":{"allow":["GET"]}}],"collection":[{"href":"https:\/\/ristorantele4stagioni.com\/en\/wp-json\/wp\/v2\/product"}],"about":[{"href":"https:\/\/ristorantele4stagioni.com\/en\/wp-json\/wp\/v2\/types\/product"}],"wp:featuredmedia":[{"embeddable":true,"href":"https:\/\/ristorantele4stagioni.com\/en\/wp-json\/wp\/v2\/media\/4271"}],"wp:attachment":[{"href":"https:\/\/ristorantele4stagioni.com\/en\/wp-json\/wp\/v2\/media?parent=2232"}],"wp:term":[{"taxonomy":"product_brand","embeddable":true,"href":"https:\/\/ristorantele4stagioni.com\/en\/wp-json\/wp\/v2\/product_brand?post=2232"},{"taxonomy":"product_cat","embeddable":true,"href":"https:\/\/ristorantele4stagioni.com\/en\/wp-json\/wp\/v2\/product_cat?post=2232"},{"taxonomy":"product_tag","embeddable":true,"href":"https:\/\/ristorantele4stagioni.com\/en\/wp-json\/wp\/v2\/product_tag?post=2232"}],"curies":[{"name":"wp","href":"https:\/\/api.w.org\/{rel}","templated":true}]}}