{"id":1928,"date":"2024-04-22T20:41:04","date_gmt":"2024-04-22T18:41:04","guid":{"rendered":"https:\/\/ristorantele4stagioni.com\/lavora-con-noi\/"},"modified":"2024-08-09T12:23:43","modified_gmt":"2024-08-09T10:23:43","slug":"travailler-avec-nous","status":"publish","type":"page","link":"https:\/\/ristorantele4stagioni.com\/fr\/travailler-avec-nous\/","title":{"rendered":"Travailler avec nous"},"content":{"rendered":"<h1>Travailler avec nous<\/h1>\n<blockquote>\n<p style=\"text-align: center;\"><em>\u201cAu c\u0153ur de l&#8217;ancien marquisat de Saluzzo, dans la terre qui a donn\u00e9 naissance \u00e0 Nino Bergese, le terrain d&#8217;entra\u00eenement de l&#8217;hospitalit\u00e9 internationale.\u201d<\/em><\/p>\n<\/blockquote>\n<p><img decoding=\"async\" src=\"\/wp-content\/uploads\/2024\/04\/lavora-con-noi-4.png\" alt=\"\"><\/p>\n<div>\n<p>Aux <b>Le Quattro Stagioni<\/b>, il y a ceux qui commencent leur parcours, ceux qui se perfectionnent, ceux qui enseignent. Chaque ann\u00e9e, les jeunes employ\u00e9s trouvent dans notre restaurant une salle de sport o\u00f9 ils apprennent les fondements de la restauration ou perfectionnent l&#8217;art de l&#8217;hospitalit\u00e9 internationale.<\/p>\n<p>Beaucoup s&#8217;arr\u00eatent, d&#8217;autres continuent ailleurs, mais tous apportent avec eux la philosophie de <b>Casa Sassone. <\/b><\/p>\n<p><b>Pour toujours<\/b><\/p>\n<\/div>\n<h1>VOULEZ-VOUS REJOINDRE NOTRE BRIGADE?<\/h1>\n<div>\n<p class=\"wpcf7-contact-form-not-found\"><strong>Error:<\/strong> Contact form not found.<\/p><\/div>\n<p><!--more--><br \/>\n<!-- {\"type\":\"layout\",\"children\":[{\"type\":\"section\",\"props\":{\"image_position\":\"center-center\",\"style\":\"default\",\"title_breakpoint\":\"xl\",\"title_position\":\"top-left\",\"title_rotation\":\"left\",\"vertical_align\":\"\",\"width\":\"default\"},\"children\":[{\"type\":\"row\",\"children\":[{\"type\":\"column\",\"props\":{\"image_position\":\"center-center\",\"position_sticky_breakpoint\":\"m\"},\"children\":[{\"type\":\"headline\",\"props\":{\"content\":\"Travailler avec nous\",\"text_align\":\"center\",\"title_element\":\"h1\",\"title_style\":\"h1\"}},{\"type\":\"quotation\",\"props\":{\"block_align\":\"center\",\"content\":\"\n\n<p style=\\\"text-align: center;\\\"><em>\\u201cAu c\\u0153ur de l'ancien marquisat de Saluzzo, dans la terre qui a donn\\u00e9 naissance \\u00e0 Nino Bergese, le terrain d'entra\\u00eenement de l'hospitalit\\u00e9 internationale.\\u201d<\\\/em><\\\/p>\",\"maxwidth\":\"2xlarge\"}}]}]}]},{\"name\":\"valori home\",\"type\":\"section\",\"props\":{\"animation\":\"fade\",\"animation_delay\":false,\"image\":\"wp-content\\\/uploads\\\/yootheme\\\/home-restaurant-bg.svg\",\"image_position\":\"bottom-right\",\"padding\":\"large\",\"padding_remove_top\":true,\"style\":\"default\",\"title_breakpoint\":\"xl\",\"title_position\":\"top-left\",\"title_rotation\":\"left\",\"vertical_align\":\"\",\"width\":\"expand\"},\"children\":[{\"type\":\"row\",\"props\":{\"layout\":\"1-2,1-2\",\"parallax\":true,\"row_gap\":\"medium\",\"width\":\"expand\"},\"children\":[{\"type\":\"column\",\"props\":{\"image_position\":\"center-center\",\"position_sticky_breakpoint\":\"m\",\"width_medium\":\"1-2\"},\"children\":[{\"type\":\"image\",\"props\":{\"image\":\"wp-content\\\/uploads\\\/2024\\\/04\\\/lavora-con-noi-4.png\",\"image_svg_color\":\"emphasis\",\"margin\":\"remove-vertical\"}}]},{\"type\":\"column\",\"props\":{\"image_position\":\"center-center\",\"position_sticky_breakpoint\":\"m\",\"prevent_collapse\":false,\"width_medium\":\"1-2\"},\"children\":[{\"type\":\"text\",\"props\":{\"column_breakpoint\":\"m\",\"content\":\"\n\n<p>Aux <b>Le Quattro Stagioni<\\\/b>, il y a ceux qui commencent leur parcours, ceux qui se perfectionnent, ceux qui enseignent. Chaque ann\\u00e9e, les jeunes employ\\u00e9s trouvent dans notre restaurant une salle de sport o\\u00f9 ils apprennent les fondements de la restauration ou perfectionnent l'art de l'hospitalit\\u00e9 internationale.<\\\/p>\\n\n\n<p>Beaucoup s'arr\\u00eatent, d'autres continuent ailleurs, mais tous apportent avec eux la philosophie de <b>Casa Sassone. <\\\/b><\\\/p>\\n\n\n<p><b>Pour toujours<\\\/b><\\\/p>\",\"margin\":\"medium\",\"text_align\":\"left\"}}]}]}]},{\"type\":\"section\",\"props\":{\"image_position\":\"center-center\",\"padding_remove_top\":true,\"style\":\"default\",\"title_breakpoint\":\"xl\",\"title_position\":\"top-left\",\"title_rotation\":\"left\",\"vertical_align\":\"\",\"width\":\"default\"},\"children\":[{\"type\":\"row\",\"children\":[{\"type\":\"column\",\"props\":{\"image_position\":\"center-center\",\"position_sticky_breakpoint\":\"m\"},\"children\":[{\"type\":\"headline\",\"props\":{\"content\":\"VOULEZ-VOUS REJOINDRE NOTRE BRIGADE?\",\"text_align\":\"center\",\"title_element\":\"h1\",\"title_style\":\"h2\"}},{\"type\":\"html\",\"props\":{\"content\":\"[contact-form-7 id=\\\"a7fd5ce\\\" title=\\\"Modulo lavora con noi\\\"]\"}}]}]}]}],\"version\":\"4.4.7\"} --><\/p>\n","protected":false},"excerpt":{"rendered":"<p>Travailler avec nous \u201cAu c\u0153ur de l&#8217;ancien marquisat de Saluzzo, dans la terre qui a donn\u00e9 naissance \u00e0 Nino Bergese, le terrain d&#8217;entra\u00eenement de l&#8217;hospitalit\u00e9 internationale.\u201d Aux Le Quattro Stagioni, il y a ceux qui commencent leur parcours, ceux qui se perfectionnent, ceux qui enseignent. Chaque ann\u00e9e, les jeunes employ\u00e9s trouvent dans notre restaurant une [&hellip;]<\/p>\n","protected":false},"author":1,"featured_media":0,"parent":0,"menu_order":0,"comment_status":"closed","ping_status":"closed","template":"","meta":{"_acf_changed":false,"_monsterinsights_skip_tracking":false,"_monsterinsights_sitenote_active":false,"_monsterinsights_sitenote_note":"","_monsterinsights_sitenote_category":0,"footnotes":""},"class_list":["post-1928","page","type-page","status-publish","hentry"],"acf":[],"yoast_head":"<!-- This site is optimized with the Yoast SEO plugin v27.1.1 - https:\/\/yoast.com\/product\/yoast-seo-wordpress\/ -->\n<title>Travailler avec nous - Ristorante Le 4 Stagioni di Casa Sassone<\/title>\n<meta name=\"robots\" content=\"index, follow, max-snippet:-1, max-image-preview:large, max-video-preview:-1\" \/>\n<link rel=\"canonical\" href=\"https:\/\/ristorantele4stagioni.com\/fr\/travailler-avec-nous\/\" \/>\n<meta property=\"og:locale\" content=\"fr_FR\" \/>\n<meta property=\"og:type\" content=\"article\" \/>\n<meta property=\"og:title\" content=\"Travailler avec nous - Ristorante Le 4 Stagioni di Casa Sassone\" \/>\n<meta property=\"og:description\" content=\"Travailler avec nous \u201cAu c\u0153ur de l&#8217;ancien marquisat de Saluzzo, dans la terre qui a donn\u00e9 naissance \u00e0 Nino Bergese, le terrain d&#8217;entra\u00eenement de l&#8217;hospitalit\u00e9 internationale.\u201d Aux Le Quattro Stagioni, il y a ceux qui commencent leur parcours, ceux qui se perfectionnent, ceux qui enseignent. Chaque ann\u00e9e, les jeunes employ\u00e9s trouvent dans notre restaurant une [&hellip;]\" \/>\n<meta property=\"og:url\" content=\"https:\/\/ristorantele4stagioni.com\/fr\/travailler-avec-nous\/\" \/>\n<meta property=\"og:site_name\" content=\"Ristorante Le 4 Stagioni di Casa Sassone\" \/>\n<meta property=\"article:publisher\" content=\"https:\/\/www.facebook.com\/ristorantele4stagioni\" \/>\n<meta property=\"article:modified_time\" content=\"2024-08-09T10:23:43+00:00\" \/>\n<meta property=\"og:image\" content=\"https:\/\/ristorantele4stagioni.com\/wp-content\/uploads\/2024\/11\/logo-ristorante4stagioni-bagliore.png\" \/>\n\t<meta property=\"og:image:width\" content=\"800\" \/>\n\t<meta property=\"og:image:height\" content=\"610\" \/>\n\t<meta property=\"og:image:type\" content=\"image\/png\" \/>\n<meta name=\"twitter:card\" content=\"summary_large_image\" \/>\n<meta name=\"twitter:site\" content=\"@ristorante4stag\" \/>\n<meta name=\"twitter:label1\" content=\"Est. reading time\" \/>\n\t<meta name=\"twitter:data1\" content=\"1 minute\" \/>\n<script type=\"application\/ld+json\" class=\"yoast-schema-graph\">{\"@context\":\"https:\/\/schema.org\",\"@graph\":[{\"@type\":\"WebPage\",\"@id\":\"https:\/\/ristorantele4stagioni.com\/fr\/travailler-avec-nous\/\",\"url\":\"https:\/\/ristorantele4stagioni.com\/fr\/travailler-avec-nous\/\",\"name\":\"Travailler avec nous - Ristorante Le 4 Stagioni di Casa Sassone\",\"isPartOf\":{\"@id\":\"https:\/\/ristorantele4stagioni.com\/#website\"},\"datePublished\":\"2024-04-22T18:41:04+00:00\",\"dateModified\":\"2024-08-09T10:23:43+00:00\",\"breadcrumb\":{\"@id\":\"https:\/\/ristorantele4stagioni.com\/fr\/travailler-avec-nous\/#breadcrumb\"},\"inLanguage\":\"fr-FR\",\"potentialAction\":[{\"@type\":\"ReadAction\",\"target\":[\"https:\/\/ristorantele4stagioni.com\/fr\/travailler-avec-nous\/\"]}]},{\"@type\":\"BreadcrumbList\",\"@id\":\"https:\/\/ristorantele4stagioni.com\/fr\/travailler-avec-nous\/#breadcrumb\",\"itemListElement\":[{\"@type\":\"ListItem\",\"position\":1,\"name\":\"Home\",\"item\":\"https:\/\/ristorantele4stagioni.com\/fr\/home-2\/\"},{\"@type\":\"ListItem\",\"position\":2,\"name\":\"Travailler avec nous\"}]},{\"@type\":\"WebSite\",\"@id\":\"https:\/\/ristorantele4stagioni.com\/#website\",\"url\":\"https:\/\/ristorantele4stagioni.com\/\",\"name\":\"Ristorante Le 4 Stagioni di Casa Sassone e Charcuterie a Saluzzo\",\"description\":\"Nel cuore del centro storico di Saluzzo, capitale del Marchesato\",\"publisher\":{\"@id\":\"https:\/\/ristorantele4stagioni.com\/#organization\"},\"potentialAction\":[{\"@type\":\"SearchAction\",\"target\":{\"@type\":\"EntryPoint\",\"urlTemplate\":\"https:\/\/ristorantele4stagioni.com\/?s={search_term_string}\"},\"query-input\":{\"@type\":\"PropertyValueSpecification\",\"valueRequired\":true,\"valueName\":\"search_term_string\"}}],\"inLanguage\":\"fr-FR\"},{\"@type\":\"Organization\",\"@id\":\"https:\/\/ristorantele4stagioni.com\/#organization\",\"name\":\"Ristorante Le 4 Stagioni di Casa Sassone\",\"url\":\"https:\/\/ristorantele4stagioni.com\/\",\"logo\":{\"@type\":\"ImageObject\",\"inLanguage\":\"fr-FR\",\"@id\":\"https:\/\/ristorantele4stagioni.com\/#\/schema\/logo\/image\/\",\"url\":\"https:\/\/ristorantele4stagioni.com\/wp-content\/uploads\/2024\/11\/logo-ristorante4stagioni-bagliore.png\",\"contentUrl\":\"https:\/\/ristorantele4stagioni.com\/wp-content\/uploads\/2024\/11\/logo-ristorante4stagioni-bagliore.png\",\"width\":800,\"height\":610,\"caption\":\"Ristorante Le 4 Stagioni di Casa Sassone\"},\"image\":{\"@id\":\"https:\/\/ristorantele4stagioni.com\/#\/schema\/logo\/image\/\"},\"sameAs\":[\"https:\/\/www.facebook.com\/ristorantele4stagioni\",\"https:\/\/x.com\/ristorante4stag\",\"https:\/\/www.instagram.com\/le4stagioni.ristorante\/\",\"https:\/\/www.tripadvisor.it\/Restaurant_Review-g194893-d940554-Reviews-Le_Quattro_Stagioni_d_Italia-Saluzzo_Province_of_Cuneo_Piedmont.html\"]}]}<\/script>\n<!-- \/ Yoast SEO plugin. -->","yoast_head_json":{"title":"Travailler avec nous - Ristorante Le 4 Stagioni di Casa Sassone","robots":{"index":"index","follow":"follow","max-snippet":"max-snippet:-1","max-image-preview":"max-image-preview:large","max-video-preview":"max-video-preview:-1"},"canonical":"https:\/\/ristorantele4stagioni.com\/fr\/travailler-avec-nous\/","og_locale":"fr_FR","og_type":"article","og_title":"Travailler avec nous - Ristorante Le 4 Stagioni di Casa Sassone","og_description":"Travailler avec nous \u201cAu c\u0153ur de l&#8217;ancien marquisat de Saluzzo, dans la terre qui a donn\u00e9 naissance \u00e0 Nino Bergese, le terrain d&#8217;entra\u00eenement de l&#8217;hospitalit\u00e9 internationale.\u201d Aux Le Quattro Stagioni, il y a ceux qui commencent leur parcours, ceux qui se perfectionnent, ceux qui enseignent. Chaque ann\u00e9e, les jeunes employ\u00e9s trouvent dans notre restaurant une [&hellip;]","og_url":"https:\/\/ristorantele4stagioni.com\/fr\/travailler-avec-nous\/","og_site_name":"Ristorante Le 4 Stagioni di Casa Sassone","article_publisher":"https:\/\/www.facebook.com\/ristorantele4stagioni","article_modified_time":"2024-08-09T10:23:43+00:00","og_image":[{"width":800,"height":610,"url":"https:\/\/ristorantele4stagioni.com\/wp-content\/uploads\/2024\/11\/logo-ristorante4stagioni-bagliore.png","type":"image\/png"}],"twitter_card":"summary_large_image","twitter_site":"@ristorante4stag","twitter_misc":{"Est. reading time":"1 minute"},"schema":{"@context":"https:\/\/schema.org","@graph":[{"@type":"WebPage","@id":"https:\/\/ristorantele4stagioni.com\/fr\/travailler-avec-nous\/","url":"https:\/\/ristorantele4stagioni.com\/fr\/travailler-avec-nous\/","name":"Travailler avec nous - Ristorante Le 4 Stagioni di Casa Sassone","isPartOf":{"@id":"https:\/\/ristorantele4stagioni.com\/#website"},"datePublished":"2024-04-22T18:41:04+00:00","dateModified":"2024-08-09T10:23:43+00:00","breadcrumb":{"@id":"https:\/\/ristorantele4stagioni.com\/fr\/travailler-avec-nous\/#breadcrumb"},"inLanguage":"fr-FR","potentialAction":[{"@type":"ReadAction","target":["https:\/\/ristorantele4stagioni.com\/fr\/travailler-avec-nous\/"]}]},{"@type":"BreadcrumbList","@id":"https:\/\/ristorantele4stagioni.com\/fr\/travailler-avec-nous\/#breadcrumb","itemListElement":[{"@type":"ListItem","position":1,"name":"Home","item":"https:\/\/ristorantele4stagioni.com\/fr\/home-2\/"},{"@type":"ListItem","position":2,"name":"Travailler avec nous"}]},{"@type":"WebSite","@id":"https:\/\/ristorantele4stagioni.com\/#website","url":"https:\/\/ristorantele4stagioni.com\/","name":"Ristorante Le 4 Stagioni di Casa Sassone e Charcuterie a Saluzzo","description":"Nel cuore del centro storico di Saluzzo, capitale del Marchesato","publisher":{"@id":"https:\/\/ristorantele4stagioni.com\/#organization"},"potentialAction":[{"@type":"SearchAction","target":{"@type":"EntryPoint","urlTemplate":"https:\/\/ristorantele4stagioni.com\/?s={search_term_string}"},"query-input":{"@type":"PropertyValueSpecification","valueRequired":true,"valueName":"search_term_string"}}],"inLanguage":"fr-FR"},{"@type":"Organization","@id":"https:\/\/ristorantele4stagioni.com\/#organization","name":"Ristorante Le 4 Stagioni di Casa Sassone","url":"https:\/\/ristorantele4stagioni.com\/","logo":{"@type":"ImageObject","inLanguage":"fr-FR","@id":"https:\/\/ristorantele4stagioni.com\/#\/schema\/logo\/image\/","url":"https:\/\/ristorantele4stagioni.com\/wp-content\/uploads\/2024\/11\/logo-ristorante4stagioni-bagliore.png","contentUrl":"https:\/\/ristorantele4stagioni.com\/wp-content\/uploads\/2024\/11\/logo-ristorante4stagioni-bagliore.png","width":800,"height":610,"caption":"Ristorante Le 4 Stagioni di Casa Sassone"},"image":{"@id":"https:\/\/ristorantele4stagioni.com\/#\/schema\/logo\/image\/"},"sameAs":["https:\/\/www.facebook.com\/ristorantele4stagioni","https:\/\/x.com\/ristorante4stag","https:\/\/www.instagram.com\/le4stagioni.ristorante\/","https:\/\/www.tripadvisor.it\/Restaurant_Review-g194893-d940554-Reviews-Le_Quattro_Stagioni_d_Italia-Saluzzo_Province_of_Cuneo_Piedmont.html"]}]}},"_links":{"self":[{"href":"https:\/\/ristorantele4stagioni.com\/fr\/wp-json\/wp\/v2\/pages\/1928","targetHints":{"allow":["GET"]}}],"collection":[{"href":"https:\/\/ristorantele4stagioni.com\/fr\/wp-json\/wp\/v2\/pages"}],"about":[{"href":"https:\/\/ristorantele4stagioni.com\/fr\/wp-json\/wp\/v2\/types\/page"}],"author":[{"embeddable":true,"href":"https:\/\/ristorantele4stagioni.com\/fr\/wp-json\/wp\/v2\/users\/1"}],"replies":[{"embeddable":true,"href":"https:\/\/ristorantele4stagioni.com\/fr\/wp-json\/wp\/v2\/comments?post=1928"}],"version-history":[{"count":3,"href":"https:\/\/ristorantele4stagioni.com\/fr\/wp-json\/wp\/v2\/pages\/1928\/revisions"}],"predecessor-version":[{"id":1931,"href":"https:\/\/ristorantele4stagioni.com\/fr\/wp-json\/wp\/v2\/pages\/1928\/revisions\/1931"}],"wp:attachment":[{"href":"https:\/\/ristorantele4stagioni.com\/fr\/wp-json\/wp\/v2\/media?parent=1928"}],"curies":[{"name":"wp","href":"https:\/\/api.w.org\/{rel}","templated":true}]}}