{"id":1954,"date":"2024-04-22T20:40:54","date_gmt":"2024-04-22T18:40:54","guid":{"rendered":"https:\/\/ristorantele4stagioni.com\/gift-voucher\/"},"modified":"2024-08-19T14:59:50","modified_gmt":"2024-08-19T12:59:50","slug":"cheques-cadeaux","status":"publish","type":"page","link":"https:\/\/ristorantele4stagioni.com\/fr\/cheques-cadeaux\/","title":{"rendered":"Ch\u00e8ques cadeaux"},"content":{"rendered":"<p><img decoding=\"async\" src=\"\/wp-content\/uploads\/2024\/01\/logo-ristorante4stagioni-white.png\" alt=\"\"><\/p>\n<h1>CH\u00c8QUES-CADEAUX<\/h1>\n<h1><span>S\u00e9lectionnez votre menu d\u00e9gustation<\/span><\/h1>\n<div>\n<p>Nos Gift voucher offrent la possibilit\u00e9 de choisir parmi une vari\u00e9t\u00e9 d&#8217;options en fonction des go\u00fbts et des pr\u00e9f\u00e9rences des destinataires. Vous pouvez opter pour un menu d\u00e9gustation comprenant des sp\u00e9cialit\u00e9s de poisson frais ou offrir en cadeau le menu typique comprenant une s\u00e9lection de d\u00e9lices culinaires de notre chef.<\/p>\n<p>Alternativement, les destinataires peuvent \u00e9galement choisir librement entre les diff\u00e9rents montants disponibles ou saisir le montant qu&#8217;ils souhaitent offrir, garantissant ainsi une totale libert\u00e9 de choix.<\/p>\n<p>Avec nos Gift voucher, vous offrez bien plus qu&#8217;un simple repas. Vous offrez une <strong>exp\u00e9rience gastronomique unique<\/strong>, enrichie par notre souci de la qualit\u00e9, de la fra\u00eecheur des ingr\u00e9dients et de la pr\u00e9sentation impeccable des plats.<\/p>\n<\/div>\n<ul>\n<li>\n<p>        <img decoding=\"async\" src=\"\/wp-content\/uploads\/yootheme\/gallery-instagram-02.jpg\" alt=\"\"><\/p>\n<h2>Menu d\u00e9gustation de poisson<\/h2>\n<p><a href=\"#\">Vous d\u00e9couvrez<\/a><\/p>\n<\/li>\n<li>\n<p>        <img decoding=\"async\" src=\"\/wp-content\/uploads\/yootheme\/gallery-instagram-02.jpg\" alt=\"\"><\/p>\n<h2>Menu d\u00e9gustation typique<\/h2>\n<p><a href=\"#\">Vous d\u00e9couvrez<\/a><\/p>\n<\/li>\n<li>\n<p>        <img decoding=\"async\" src=\"\/wp-content\/uploads\/yootheme\/gallery-instagram-02.jpg\" alt=\"\"><\/p>\n<h2>Menu d&#8217;une valeur de<\/h2>\n<p><a href=\"#\">Vous d\u00e9couvrez<\/a><\/p>\n<\/li>\n<\/ul>\n<p><!--more--><br \/>\n<!-- {\"type\":\"layout\",\"children\":[{\"type\":\"section\",\"props\":{\"image\":\"wp-content\\\/uploads\\\/2024\\\/01\\\/CASA-SASSONE-2050-HEADER-1-1-6.webp\",\"image_loading\":true,\"image_position\":\"center-center\",\"image_size\":\"cover\",\"image_width\":\"2560\",\"media_overlay\":\"rgba(0, 0, 0, 0.3)\",\"padding\":\"xlarge\",\"style\":\"muted\",\"text_color\":\"light\",\"title_breakpoint\":\"xl\",\"title_position\":\"top-left\",\"title_rotation\":\"left\",\"vertical_align\":\"\",\"width\":\"xlarge\"},\"children\":[{\"type\":\"row\",\"children\":[{\"type\":\"column\",\"props\":{\"image_position\":\"center-center\",\"position_sticky_breakpoint\":\"m\",\"width_medium\":\"1-1\"},\"children\":[{\"type\":\"image\",\"props\":{\"image\":\"wp-content\\\/uploads\\\/2024\\\/01\\\/logo-ristorante4stagioni-white.png\",\"image_svg_color\":\"emphasis\",\"image_width\":200,\"margin\":\"medium\",\"text_align\":\"center\"}},{\"type\":\"headline\",\"props\":{\"content\":\"CH\\u00c8QUES-CADEAUX\",\"margin\":\"large\",\"margin_remove_top\":true,\"text_align\":\"center\",\"title_element\":\"h1\",\"title_style\":\"heading-medium\"}}]}]}],\"name\":\"Hero\"},{\"type\":\"section\",\"props\":{\"image_position\":\"center-center\",\"style\":\"default\",\"title_breakpoint\":\"xl\",\"title_position\":\"top-left\",\"title_rotation\":\"left\",\"vertical_align\":\"\",\"width\":\"default\"},\"children\":[{\"type\":\"row\",\"children\":[{\"type\":\"column\",\"props\":{\"image_position\":\"center-center\",\"position_sticky_breakpoint\":\"m\"},\"children\":[{\"type\":\"headline\",\"props\":{\"content\":\"<span>S\\u00e9lectionnez votre menu d\\u00e9gustation<\\\/span>\",\"text_align\":\"center\",\"title_element\":\"h1\"}},{\"type\":\"text\",\"props\":{\"column_breakpoint\":\"m\",\"content\":\"\n\n<p>Nos Gift voucher offrent la possibilit\\u00e9 de choisir parmi une vari\\u00e9t\\u00e9 d'options en fonction des go\\u00fbts et des pr\\u00e9f\\u00e9rences des destinataires. Vous pouvez opter pour un menu d\\u00e9gustation comprenant des sp\\u00e9cialit\\u00e9s de poisson frais ou offrir en cadeau le menu typique comprenant une s\\u00e9lection de d\\u00e9lices culinaires de notre chef.<\\\/p>\\n\n\n<p>Alternativement, les destinataires peuvent \\u00e9galement choisir librement entre les diff\\u00e9rents montants disponibles ou saisir le montant qu'ils souhaitent offrir, garantissant ainsi une totale libert\\u00e9 de choix.<\\\/p>\\n\n\n<p>Avec nos Gift voucher, vous offrez bien plus qu'un simple repas. Vous offrez une <strong>exp\\u00e9rience gastronomique unique<\\\/strong>, enrichie par notre souci de la qualit\\u00e9, de la fra\\u00eecheur des ingr\\u00e9dients et de la pr\\u00e9sentation impeccable des plats.<\\\/p>\",\"margin\":\"medium\",\"text_align\":\"left\"}}]}]}]},{\"name\":\"Scelta gift\",\"type\":\"section\",\"props\":{\"animation_delay\":false,\"image_position\":\"center-center\",\"padding\":\"large\",\"padding_remove_bottom\":false,\"padding_remove_top\":true,\"style\":\"default\",\"title_breakpoint\":\"s\",\"title_position\":\"top-right\",\"title_rotation\":\"left\",\"vertical_align\":\"\",\"width\":\"\"},\"children\":[{\"type\":\"row\",\"props\":{\"margin_remove_bottom\":false,\"margin_remove_top\":false},\"children\":[{\"type\":\"column\",\"props\":{\"image_position\":\"center-center\",\"position_sticky_breakpoint\":\"m\",\"width_medium\":\"1-1\"},\"children\":[{\"type\":\"gallery\",\"props\":{\"animation\":\"none\",\"filter_align\":\"left\",\"filter_all\":true,\"filter_grid_breakpoint\":\"m\",\"filter_grid_width\":\"auto\",\"filter_position\":\"top\",\"filter_style\":\"tab\",\"grid_column_gap\":\"small\",\"grid_default\":\"1\",\"grid_medium\":\"3\",\"grid_row_gap\":\"small\",\"grid_small\":\"2\",\"image_transition\":\"scale-up\",\"image_width\":\"850\",\"item_animation\":true,\"link_style\":\"default\",\"link_text\":\"\",\"margin\":\"\",\"meta_align\":\"below-title\",\"meta_element\":\"div\",\"meta_style\":\"\",\"overlay_hover\":false,\"overlay_link\":true,\"overlay_margin\":\"medium\",\"overlay_maxwidth\":\"large\",\"overlay_mode\":\"caption\",\"overlay_position\":\"center\",\"overlay_style\":\"overlay-default\",\"overlay_transition\":\"fade\",\"parallax_easing\":\"1\",\"show_content\":true,\"show_hover_image\":true,\"show_hover_video\":true,\"show_link\":true,\"show_meta\":true,\"show_title\":true,\"text_align\":\"center\",\"text_color\":\"\",\"title_element\":\"h2\",\"title_hover_style\":\"reset\",\"title_style\":\"heading-small\"},\"children\":[{\"type\":\"gallery_item\",\"props\":{\"image\":\"wp-content\\\/uploads\\\/yootheme\\\/gallery-instagram-02.jpg\",\"link\":\"#\",\"link_text\":\"Vous d\\u00e9couvrez\",\"title\":\"Menu d\\u00e9gustation de poisson\"}},{\"type\":\"gallery_item\",\"props\":{\"image\":\"wp-content\\\/uploads\\\/yootheme\\\/gallery-instagram-02.jpg\",\"link\":\"#\",\"link_text\":\"Vous d\\u00e9couvrez\",\"title\":\"Menu d\\u00e9gustation typique\"}},{\"type\":\"gallery_item\",\"props\":{\"image\":\"wp-content\\\/uploads\\\/yootheme\\\/gallery-instagram-02.jpg\",\"link\":\"#\",\"link_text\":\"Vous d\\u00e9couvrez\",\"title\":\"Menu d'une valeur de\"}}]}]}]}]}],\"version\":\"4.4.7\"} --><\/p>\n","protected":false},"excerpt":{"rendered":"<p>CH\u00c8QUES-CADEAUX S\u00e9lectionnez votre menu d\u00e9gustation Nos Gift voucher offrent la possibilit\u00e9 de choisir parmi une vari\u00e9t\u00e9 d&#8217;options en fonction des go\u00fbts et des pr\u00e9f\u00e9rences des destinataires. Vous pouvez opter pour un menu d\u00e9gustation comprenant des sp\u00e9cialit\u00e9s de poisson frais ou offrir en cadeau le menu typique comprenant une s\u00e9lection de d\u00e9lices culinaires de notre chef. [&hellip;]<\/p>\n","protected":false},"author":1,"featured_media":0,"parent":0,"menu_order":0,"comment_status":"closed","ping_status":"closed","template":"","meta":{"_acf_changed":false,"_monsterinsights_skip_tracking":false,"_monsterinsights_sitenote_active":false,"_monsterinsights_sitenote_note":"","_monsterinsights_sitenote_category":0,"footnotes":""},"class_list":["post-1954","page","type-page","status-publish","hentry"],"acf":[],"yoast_head":"<!-- This site is optimized with the Yoast SEO plugin v27.1.1 - https:\/\/yoast.com\/product\/yoast-seo-wordpress\/ -->\n<title>Ch\u00e8ques cadeaux - Ristorante Le 4 Stagioni di Casa Sassone<\/title>\n<meta name=\"robots\" content=\"index, follow, max-snippet:-1, max-image-preview:large, max-video-preview:-1\" \/>\n<link rel=\"canonical\" href=\"https:\/\/ristorantele4stagioni.com\/fr\/cheques-cadeaux\/\" \/>\n<meta property=\"og:locale\" content=\"fr_FR\" \/>\n<meta property=\"og:type\" content=\"article\" \/>\n<meta property=\"og:title\" content=\"Ch\u00e8ques cadeaux - Ristorante Le 4 Stagioni di Casa Sassone\" \/>\n<meta property=\"og:description\" content=\"CH\u00c8QUES-CADEAUX S\u00e9lectionnez votre menu d\u00e9gustation Nos Gift voucher offrent la possibilit\u00e9 de choisir parmi une vari\u00e9t\u00e9 d&#8217;options en fonction des go\u00fbts et des pr\u00e9f\u00e9rences des destinataires. Vous pouvez opter pour un menu d\u00e9gustation comprenant des sp\u00e9cialit\u00e9s de poisson frais ou offrir en cadeau le menu typique comprenant une s\u00e9lection de d\u00e9lices culinaires de notre chef. [&hellip;]\" \/>\n<meta property=\"og:url\" content=\"https:\/\/ristorantele4stagioni.com\/fr\/cheques-cadeaux\/\" \/>\n<meta property=\"og:site_name\" content=\"Ristorante Le 4 Stagioni di Casa Sassone\" \/>\n<meta property=\"article:publisher\" content=\"https:\/\/www.facebook.com\/ristorantele4stagioni\" \/>\n<meta property=\"article:modified_time\" content=\"2024-08-19T12:59:50+00:00\" \/>\n<meta property=\"og:image\" content=\"https:\/\/ristorantele4stagioni.com\/wp-content\/uploads\/2024\/11\/logo-ristorante4stagioni-bagliore.png\" \/>\n\t<meta property=\"og:image:width\" content=\"800\" \/>\n\t<meta property=\"og:image:height\" content=\"610\" \/>\n\t<meta property=\"og:image:type\" content=\"image\/png\" \/>\n<meta name=\"twitter:card\" content=\"summary_large_image\" \/>\n<meta name=\"twitter:site\" content=\"@ristorante4stag\" \/>\n<meta name=\"twitter:label1\" content=\"Est. reading time\" \/>\n\t<meta name=\"twitter:data1\" content=\"1 minute\" \/>\n<script type=\"application\/ld+json\" class=\"yoast-schema-graph\">{\"@context\":\"https:\/\/schema.org\",\"@graph\":[{\"@type\":\"WebPage\",\"@id\":\"https:\/\/ristorantele4stagioni.com\/fr\/cheques-cadeaux\/\",\"url\":\"https:\/\/ristorantele4stagioni.com\/fr\/cheques-cadeaux\/\",\"name\":\"Ch\u00e8ques cadeaux - Ristorante Le 4 Stagioni di Casa Sassone\",\"isPartOf\":{\"@id\":\"https:\/\/ristorantele4stagioni.com\/#website\"},\"datePublished\":\"2024-04-22T18:40:54+00:00\",\"dateModified\":\"2024-08-19T12:59:50+00:00\",\"breadcrumb\":{\"@id\":\"https:\/\/ristorantele4stagioni.com\/fr\/cheques-cadeaux\/#breadcrumb\"},\"inLanguage\":\"fr-FR\",\"potentialAction\":[{\"@type\":\"ReadAction\",\"target\":[\"https:\/\/ristorantele4stagioni.com\/fr\/cheques-cadeaux\/\"]}]},{\"@type\":\"BreadcrumbList\",\"@id\":\"https:\/\/ristorantele4stagioni.com\/fr\/cheques-cadeaux\/#breadcrumb\",\"itemListElement\":[{\"@type\":\"ListItem\",\"position\":1,\"name\":\"Home\",\"item\":\"https:\/\/ristorantele4stagioni.com\/fr\/home-2\/\"},{\"@type\":\"ListItem\",\"position\":2,\"name\":\"Ch\u00e8ques cadeaux\"}]},{\"@type\":\"WebSite\",\"@id\":\"https:\/\/ristorantele4stagioni.com\/#website\",\"url\":\"https:\/\/ristorantele4stagioni.com\/\",\"name\":\"Ristorante Le 4 Stagioni di Casa Sassone e Charcuterie a Saluzzo\",\"description\":\"Nel cuore del centro storico di Saluzzo, capitale del Marchesato\",\"publisher\":{\"@id\":\"https:\/\/ristorantele4stagioni.com\/#organization\"},\"potentialAction\":[{\"@type\":\"SearchAction\",\"target\":{\"@type\":\"EntryPoint\",\"urlTemplate\":\"https:\/\/ristorantele4stagioni.com\/?s={search_term_string}\"},\"query-input\":{\"@type\":\"PropertyValueSpecification\",\"valueRequired\":true,\"valueName\":\"search_term_string\"}}],\"inLanguage\":\"fr-FR\"},{\"@type\":\"Organization\",\"@id\":\"https:\/\/ristorantele4stagioni.com\/#organization\",\"name\":\"Ristorante Le 4 Stagioni di Casa Sassone\",\"url\":\"https:\/\/ristorantele4stagioni.com\/\",\"logo\":{\"@type\":\"ImageObject\",\"inLanguage\":\"fr-FR\",\"@id\":\"https:\/\/ristorantele4stagioni.com\/#\/schema\/logo\/image\/\",\"url\":\"https:\/\/ristorantele4stagioni.com\/wp-content\/uploads\/2024\/11\/logo-ristorante4stagioni-bagliore.png\",\"contentUrl\":\"https:\/\/ristorantele4stagioni.com\/wp-content\/uploads\/2024\/11\/logo-ristorante4stagioni-bagliore.png\",\"width\":800,\"height\":610,\"caption\":\"Ristorante Le 4 Stagioni di Casa Sassone\"},\"image\":{\"@id\":\"https:\/\/ristorantele4stagioni.com\/#\/schema\/logo\/image\/\"},\"sameAs\":[\"https:\/\/www.facebook.com\/ristorantele4stagioni\",\"https:\/\/x.com\/ristorante4stag\",\"https:\/\/www.instagram.com\/le4stagioni.ristorante\/\",\"https:\/\/www.tripadvisor.it\/Restaurant_Review-g194893-d940554-Reviews-Le_Quattro_Stagioni_d_Italia-Saluzzo_Province_of_Cuneo_Piedmont.html\"]}]}<\/script>\n<!-- \/ Yoast SEO plugin. -->","yoast_head_json":{"title":"Ch\u00e8ques cadeaux - Ristorante Le 4 Stagioni di Casa Sassone","robots":{"index":"index","follow":"follow","max-snippet":"max-snippet:-1","max-image-preview":"max-image-preview:large","max-video-preview":"max-video-preview:-1"},"canonical":"https:\/\/ristorantele4stagioni.com\/fr\/cheques-cadeaux\/","og_locale":"fr_FR","og_type":"article","og_title":"Ch\u00e8ques cadeaux - Ristorante Le 4 Stagioni di Casa Sassone","og_description":"CH\u00c8QUES-CADEAUX S\u00e9lectionnez votre menu d\u00e9gustation Nos Gift voucher offrent la possibilit\u00e9 de choisir parmi une vari\u00e9t\u00e9 d&#8217;options en fonction des go\u00fbts et des pr\u00e9f\u00e9rences des destinataires. Vous pouvez opter pour un menu d\u00e9gustation comprenant des sp\u00e9cialit\u00e9s de poisson frais ou offrir en cadeau le menu typique comprenant une s\u00e9lection de d\u00e9lices culinaires de notre chef. [&hellip;]","og_url":"https:\/\/ristorantele4stagioni.com\/fr\/cheques-cadeaux\/","og_site_name":"Ristorante Le 4 Stagioni di Casa Sassone","article_publisher":"https:\/\/www.facebook.com\/ristorantele4stagioni","article_modified_time":"2024-08-19T12:59:50+00:00","og_image":[{"width":800,"height":610,"url":"https:\/\/ristorantele4stagioni.com\/wp-content\/uploads\/2024\/11\/logo-ristorante4stagioni-bagliore.png","type":"image\/png"}],"twitter_card":"summary_large_image","twitter_site":"@ristorante4stag","twitter_misc":{"Est. reading time":"1 minute"},"schema":{"@context":"https:\/\/schema.org","@graph":[{"@type":"WebPage","@id":"https:\/\/ristorantele4stagioni.com\/fr\/cheques-cadeaux\/","url":"https:\/\/ristorantele4stagioni.com\/fr\/cheques-cadeaux\/","name":"Ch\u00e8ques cadeaux - Ristorante Le 4 Stagioni di Casa Sassone","isPartOf":{"@id":"https:\/\/ristorantele4stagioni.com\/#website"},"datePublished":"2024-04-22T18:40:54+00:00","dateModified":"2024-08-19T12:59:50+00:00","breadcrumb":{"@id":"https:\/\/ristorantele4stagioni.com\/fr\/cheques-cadeaux\/#breadcrumb"},"inLanguage":"fr-FR","potentialAction":[{"@type":"ReadAction","target":["https:\/\/ristorantele4stagioni.com\/fr\/cheques-cadeaux\/"]}]},{"@type":"BreadcrumbList","@id":"https:\/\/ristorantele4stagioni.com\/fr\/cheques-cadeaux\/#breadcrumb","itemListElement":[{"@type":"ListItem","position":1,"name":"Home","item":"https:\/\/ristorantele4stagioni.com\/fr\/home-2\/"},{"@type":"ListItem","position":2,"name":"Ch\u00e8ques cadeaux"}]},{"@type":"WebSite","@id":"https:\/\/ristorantele4stagioni.com\/#website","url":"https:\/\/ristorantele4stagioni.com\/","name":"Ristorante Le 4 Stagioni di Casa Sassone e Charcuterie a Saluzzo","description":"Nel cuore del centro storico di Saluzzo, capitale del Marchesato","publisher":{"@id":"https:\/\/ristorantele4stagioni.com\/#organization"},"potentialAction":[{"@type":"SearchAction","target":{"@type":"EntryPoint","urlTemplate":"https:\/\/ristorantele4stagioni.com\/?s={search_term_string}"},"query-input":{"@type":"PropertyValueSpecification","valueRequired":true,"valueName":"search_term_string"}}],"inLanguage":"fr-FR"},{"@type":"Organization","@id":"https:\/\/ristorantele4stagioni.com\/#organization","name":"Ristorante Le 4 Stagioni di Casa Sassone","url":"https:\/\/ristorantele4stagioni.com\/","logo":{"@type":"ImageObject","inLanguage":"fr-FR","@id":"https:\/\/ristorantele4stagioni.com\/#\/schema\/logo\/image\/","url":"https:\/\/ristorantele4stagioni.com\/wp-content\/uploads\/2024\/11\/logo-ristorante4stagioni-bagliore.png","contentUrl":"https:\/\/ristorantele4stagioni.com\/wp-content\/uploads\/2024\/11\/logo-ristorante4stagioni-bagliore.png","width":800,"height":610,"caption":"Ristorante Le 4 Stagioni di Casa Sassone"},"image":{"@id":"https:\/\/ristorantele4stagioni.com\/#\/schema\/logo\/image\/"},"sameAs":["https:\/\/www.facebook.com\/ristorantele4stagioni","https:\/\/x.com\/ristorante4stag","https:\/\/www.instagram.com\/le4stagioni.ristorante\/","https:\/\/www.tripadvisor.it\/Restaurant_Review-g194893-d940554-Reviews-Le_Quattro_Stagioni_d_Italia-Saluzzo_Province_of_Cuneo_Piedmont.html"]}]}},"_links":{"self":[{"href":"https:\/\/ristorantele4stagioni.com\/fr\/wp-json\/wp\/v2\/pages\/1954","targetHints":{"allow":["GET"]}}],"collection":[{"href":"https:\/\/ristorantele4stagioni.com\/fr\/wp-json\/wp\/v2\/pages"}],"about":[{"href":"https:\/\/ristorantele4stagioni.com\/fr\/wp-json\/wp\/v2\/types\/page"}],"author":[{"embeddable":true,"href":"https:\/\/ristorantele4stagioni.com\/fr\/wp-json\/wp\/v2\/users\/1"}],"replies":[{"embeddable":true,"href":"https:\/\/ristorantele4stagioni.com\/fr\/wp-json\/wp\/v2\/comments?post=1954"}],"version-history":[{"count":7,"href":"https:\/\/ristorantele4stagioni.com\/fr\/wp-json\/wp\/v2\/pages\/1954\/revisions"}],"predecessor-version":[{"id":2133,"href":"https:\/\/ristorantele4stagioni.com\/fr\/wp-json\/wp\/v2\/pages\/1954\/revisions\/2133"}],"wp:attachment":[{"href":"https:\/\/ristorantele4stagioni.com\/fr\/wp-json\/wp\/v2\/media?parent=1954"}],"curies":[{"name":"wp","href":"https:\/\/api.w.org\/{rel}","templated":true}]}}