{"id":1959,"date":"2024-04-20T20:13:29","date_gmt":"2024-04-20T18:13:29","guid":{"rendered":"https:\/\/ristorantele4stagioni.com\/menu\/"},"modified":"2024-08-09T16:20:49","modified_gmt":"2024-08-09T14:20:49","slug":"menu","status":"publish","type":"page","link":"https:\/\/ristorantele4stagioni.com\/fr\/menu\/","title":{"rendered":"Menu"},"content":{"rendered":"<h1>PARCOURIR NOS MENUS<\/h1>\n<ul>\n<li>\n<h3>italiano<\/h3>\n<div><script><div class=\"_df_thumb \" id=\"df_1325\"  _slug=\"menu-italiano\" data-title=\"menu-it\" wpoptions=\"true\" thumb=\"https:\/\/ristorantele4stagioni.com\/wp-content\/uploads\/2024\/04\/cover-menu-it-oro-1.jpg\" thumbtype=\"\" >Men\u00f9 IT<\/div><script class=\"df-shortcode-script\" nowprocket type=\"application\/javascript\">window.option_df_1325 = {\"outline\":[],\"backgroundColor\":\"#b2840a\",\"autoEnableOutline\":\"false\",\"autoEnableThumbnail\":\"false\",\"overwritePDFOutline\":\"false\",\"direction\":\"1\",\"pageSize\":\"0\",\"soundEnable\":\"false\",\"source\":\"https:\\\/\\\/ristorantele4stagioni.com\\\/wp-content\\\/uploads\\\/2024\\\/04\\\/IT-primavera-2026_web.pdf\",\"wpOptions\":\"true\"}; if(window.DFLIP && window.DFLIP.parseBooks){window.DFLIP.parseBooks();}<\/script><\/script><\/div>\n<p><a href=\"\/menu-ita\/\"><\/a><\/p>\n<\/li>\n<li>\n<h3>english<\/h3>\n<div><script><div class=\"_df_thumb \" id=\"df_1334\"  _slug=\"menu-inglese\" data-title=\"menu-en\" wpoptions=\"true\" thumb=\"https:\/\/ristorantele4stagioni.com\/wp-content\/uploads\/2024\/04\/cover-menu-en-oro-1.jpg\" thumbtype=\"\" >Men\u00f9 EN<\/div><script class=\"df-shortcode-script\" nowprocket type=\"application\/javascript\">window.option_df_1334 = {\"outline\":[],\"backgroundColor\":\"#b2840a\",\"autoEnableOutline\":\"false\",\"autoEnableThumbnail\":\"false\",\"overwritePDFOutline\":\"false\",\"direction\":\"1\",\"pageSize\":\"0\",\"soundEnable\":\"false\",\"source\":\"https:\\\/\\\/ristorantele4stagioni.com\\\/wp-content\\\/uploads\\\/2024\\\/04\\\/UK-primavera2026_web.pdf\",\"wpOptions\":\"true\"}; if(window.DFLIP && window.DFLIP.parseBooks){window.DFLIP.parseBooks();}<\/script><\/script><\/div>\n<p><a href=\"\/menu-eng\/\"><\/a><\/p>\n<\/li>\n<li>\n<h3>french<\/h3>\n<div><script><div class=\"_df_thumb \" id=\"df_1331\"  _slug=\"menu-francese\" data-title=\"menu-fr\" wpoptions=\"true\" thumb=\"https:\/\/ristorantele4stagioni.com\/wp-content\/uploads\/2024\/04\/cover-menu-fr-oro-1.jpg\" thumbtype=\"\" >Men\u00f9 FR<\/div><script class=\"df-shortcode-script\" nowprocket type=\"application\/javascript\">window.option_df_1331 = {\"outline\":[],\"backgroundColor\":\"#b2840a\",\"autoEnableOutline\":\"false\",\"autoEnableThumbnail\":\"false\",\"overwritePDFOutline\":\"false\",\"direction\":\"1\",\"pageSize\":\"0\",\"soundEnable\":\"false\",\"source\":\"https:\\\/\\\/ristorantele4stagioni.com\\\/wp-content\\\/uploads\\\/2024\\\/04\\\/FR-primavera-2026_web.pdf\",\"wpOptions\":\"true\"}; if(window.DFLIP && window.DFLIP.parseBooks){window.DFLIP.parseBooks();}<\/script><\/script><\/div>\n<p><a href=\"\/menu-fra\/\"><\/a><\/p>\n<\/li>\n<li>\n<h3>deutsch<\/h3>\n<div><script><div class=\"_df_thumb \" id=\"df_1328\"  _slug=\"menu-tedesco\" data-title=\"menu-de\" wpoptions=\"true\" thumb=\"https:\/\/ristorantele4stagioni.com\/wp-content\/uploads\/2024\/04\/cover-menu-de-oro-1.jpg\" thumbtype=\"\" >Men\u00f9 DE<\/div><script class=\"df-shortcode-script\" nowprocket type=\"application\/javascript\">window.option_df_1328 = {\"outline\":[],\"backgroundColor\":\"#b2840a\",\"autoEnableOutline\":\"false\",\"autoEnableThumbnail\":\"false\",\"overwritePDFOutline\":\"false\",\"direction\":\"1\",\"pageSize\":\"0\",\"soundEnable\":\"false\",\"source\":\"https:\\\/\\\/ristorantele4stagioni.com\\\/wp-content\\\/uploads\\\/2024\\\/04\\\/DE-primavera-2026_web.pdf\",\"wpOptions\":\"true\"}; if(window.DFLIP && window.DFLIP.parseBooks){window.DFLIP.parseBooks();}<\/script><\/script><\/div>\n<p><a href=\"\/menu-deu\/\"><\/a><\/p>\n<\/li>\n<\/ul>\n<div>\n<p>L&#8217;attention aux r\u00e9gimes alimentaires est l&#8217;une des pierres angulaires de la philosophie de l&#8217;entreprise depuis dix ans.<br \/>Nous proposons des plats &#8220;sans gluten&#8221; : environ 90% des plats du menu sont &#8220;sans gluten&#8221;, avec certification de l&#8217;A.I.C. (Association Italienne de la Maladie C\u0153liaque).<br \/><em><strong>Le plaisir du bien-\u00eatre, sans se priver de go\u00fbt.<\/strong><\/em><\/p>\n<\/div>\n<p><img decoding=\"async\" src=\"\/wp-content\/uploads\/2024\/04\/ospitalita.png\" alt=\"\"><\/p>\n<h2>LES CHEFS<\/h2>\n<div>\n<p>Les chefs proposent des menus qui combinent les saveurs locales avec les traditions alimentaires anciennes du Pi\u00e9mont et de l&#8217;Italie, ainsi que la finesse de recettes cr\u00e9atives, innovantes et exclusives.<\/p>\n<\/div>\n<p><img decoding=\"async\" src=\"\/wp-content\/uploads\/2024\/04\/sostenibilita.png\" alt=\"\"><\/p>\n<h2>LES INGR\u00c9DIENTS<\/h2>\n<div>\n<p>Les ingr\u00e9dients sont s\u00e9lectionn\u00e9s avec soin et attention \u00e0 leur origine et \u00e0 leur provenance, \u00e0 leur fra\u00eecheur et \u00e0 leur authenticit\u00e9, des exigences essentielles pour servir au mieux chaque plat.<\/p>\n<\/div>\n<p><!--more--><br \/>\n<!-- {\"type\":\"layout\",\"children\":[{\"type\":\"section\",\"props\":{\"image\":\"wp-content\\\/uploads\\\/2024\\\/04\\\/bg-menu.jpg\",\"image_loading\":true,\"image_position\":\"center-center\",\"image_size\":\"cover\",\"image_width\":\"2560\",\"media_overlay\":\"rgba(0, 0, 0, 0.5)\",\"padding\":\"xlarge\",\"style\":\"muted\",\"text_color\":\"light\",\"title_breakpoint\":\"xl\",\"title_position\":\"top-left\",\"title_rotation\":\"left\",\"vertical_align\":\"\",\"width\":\"xlarge\"},\"children\":[{\"type\":\"row\",\"children\":[{\"type\":\"column\",\"props\":{\"image_position\":\"center-center\",\"position_sticky_breakpoint\":\"m\",\"width_medium\":\"1-1\"},\"children\":[{\"type\":\"headline\",\"props\":{\"content\":\"PARCOURIR NOS MENUS\",\"margin\":\"large\",\"margin_remove_top\":true,\"text_align\":\"center\",\"title_element\":\"h1\",\"title_style\":\"heading-medium\"}}]}]}],\"name\":\"Hero\"},{\"type\":\"section\",\"props\":{\"image_position\":\"center-center\",\"padding\":\"large\",\"padding_remove_bottom\":true,\"style\":\"default\",\"title_breakpoint\":\"xl\",\"title_position\":\"top-left\",\"title_rotation\":\"left\",\"vertical_align\":\"\",\"width\":\"xlarge\"},\"children\":[{\"type\":\"row\",\"children\":[{\"type\":\"column\",\"props\":{\"image_position\":\"center-center\",\"position_sticky_breakpoint\":\"m\"},\"children\":[{\"type\":\"grid\",\"props\":{\"content_column_breakpoint\":\"m\",\"filter_align\":\"left\",\"filter_all\":true,\"filter_grid_breakpoint\":\"m\",\"filter_grid_width\":\"auto\",\"filter_position\":\"top\",\"filter_style\":\"tab\",\"grid_default\":\"1\",\"grid_medium\":\"4\",\"icon_width\":80,\"image_align\":\"top\",\"image_grid_breakpoint\":\"m\",\"image_grid_width\":\"1-2\",\"image_svg_color\":\"emphasis\",\"item_animation\":true,\"link_style\":\"default\",\"link_text\":\"\",\"margin\":\"default\",\"meta_align\":\"below-title\",\"meta_element\":\"div\",\"meta_style\":\"text-meta\",\"panel_link\":true,\"show_content\":true,\"show_image\":true,\"show_link\":true,\"show_meta\":false,\"show_title\":true,\"text_align\":\"center\",\"title_align\":\"top\",\"title_element\":\"h3\",\"title_grid_breakpoint\":\"m\",\"title_grid_width\":\"1-2\",\"title_hover_style\":\"reset\",\"title_style\":\"h2\"},\"children\":[{\"type\":\"grid_item\",\"props\":{\"content\":\"<script>[dflip id=\\\"1325\\\" type=\\\"thumb\\\"][\\\/dflip]<\\\/script>\",\"image\":\"\",\"link\":\"\\\/menu-ita\\\/\",\"title\":\"italiano\"}},{\"type\":\"grid_item\",\"props\":{\"content\":\"<script>[dflip id=\\\"1334\\\" type=\\\"thumb\\\"][\\\/dflip]<\\\/script>\",\"image\":\"\",\"link\":\"\\\/menu-eng\\\/\",\"title\":\"english\"}},{\"type\":\"grid_item\",\"props\":{\"content\":\"<script>[dflip id=\\\"1331\\\" type=\\\"thumb\\\"][\\\/dflip]<\\\/script>\",\"image\":\"\",\"link\":\"\\\/menu-fra\\\/\",\"title\":\"french\"}},{\"type\":\"grid_item\",\"props\":{\"content\":\"<script>[dflip id=\\\"1328\\\" type=\\\"thumb\\\"][\\\/dflip]<\\\/script>\",\"image\":\"\",\"link\":\"\\\/menu-deu\\\/\",\"title\":\"deutsch\"}}]}]}]}],\"name\":\"Recipes\"},{\"type\":\"section\",\"props\":{\"image_position\":\"center-center\",\"style\":\"default\",\"title_breakpoint\":\"xl\",\"title_position\":\"top-left\",\"title_rotation\":\"left\",\"vertical_align\":\"\",\"width\":\"default\"},\"children\":[{\"type\":\"row\",\"children\":[{\"type\":\"column\",\"props\":{\"image_position\":\"center-center\",\"position_sticky_breakpoint\":\"m\"},\"children\":[{\"type\":\"text\",\"props\":{\"column_breakpoint\":\"m\",\"content\":\"\n\n<p>L'attention aux r\\u00e9gimes alimentaires est l'une des pierres angulaires de la philosophie de l'entreprise depuis dix ans.<br \\\/>Nous proposons des plats \\\"sans gluten\\\" : environ 90% des plats du menu sont \\\"sans gluten\\\", avec certification de l'A.I.C. (Association Italienne de la Maladie C\\u0153liaque).<br \\\/><em><strong>Le plaisir du bien-\\u00eatre, sans se priver de go\\u00fbt.<\\\/strong><\\\/em><\\\/p>\",\"margin\":\"medium\",\"text_align\":\"center\"}}]}]}]},{\"name\":\"valori home\",\"type\":\"section\",\"props\":{\"animation\":\"fade\",\"animation_delay\":false,\"image\":\"wp-content\\\/uploads\\\/yootheme\\\/home-restaurant-bg.svg\",\"image_position\":\"bottom-right\",\"padding\":\"large\",\"padding_remove_top\":true,\"style\":\"default\",\"title_breakpoint\":\"xl\",\"title_position\":\"top-left\",\"title_rotation\":\"left\",\"vertical_align\":\"\",\"width\":\"expand\"},\"children\":[{\"type\":\"row\",\"props\":{\"layout\":\"1-2,1-2\",\"parallax\":true,\"row_gap\":\"medium\",\"width\":\"expand\"},\"children\":[{\"type\":\"column\",\"props\":{\"image_position\":\"center-center\",\"position_sticky_breakpoint\":\"m\",\"width_medium\":\"1-2\"},\"children\":[{\"type\":\"image\",\"props\":{\"image\":\"wp-content\\\/uploads\\\/2024\\\/04\\\/ospitalita.png\",\"image_svg_color\":\"emphasis\",\"margin\":\"remove-vertical\"}}]},{\"type\":\"column\",\"props\":{\"image_position\":\"center-center\",\"position_sticky_breakpoint\":\"m\",\"prevent_collapse\":false,\"width_medium\":\"1-2\"},\"children\":[{\"type\":\"headline\",\"props\":{\"content\":\"LES CHEFS\",\"title_element\":\"h2\",\"title_style\":\"h2\"}},{\"type\":\"text\",\"props\":{\"column_breakpoint\":\"m\",\"content\":\"\n\n<p>Les chefs proposent des menus qui combinent les saveurs locales avec les traditions alimentaires anciennes du Pi\\u00e9mont et de l'Italie, ainsi que la finesse de recettes cr\\u00e9atives, innovantes et exclusives.<\\\/p>\",\"margin\":\"medium\",\"text_align\":\"left\"}}]}]},{\"type\":\"row\",\"props\":{\"layout\":\"1-2,1-2\",\"parallax\":true,\"row_gap\":\"medium\",\"width\":\"expand\"},\"children\":[{\"type\":\"column\",\"props\":{\"image_position\":\"center-center\",\"position_sticky_breakpoint\":\"m\",\"width_medium\":\"1-2\"},\"children\":[{\"type\":\"image\",\"props\":{\"image\":\"wp-content\\\/uploads\\\/2024\\\/04\\\/sostenibilita.png\",\"image_svg_color\":\"emphasis\",\"margin\":\"remove-vertical\"}}]},{\"type\":\"column\",\"props\":{\"image_position\":\"center-center\",\"order_first\":\"m\",\"position_sticky_breakpoint\":\"m\",\"prevent_collapse\":false,\"width_medium\":\"1-2\"},\"children\":[{\"type\":\"headline\",\"props\":{\"content\":\"LES INGR\\u00c9DIENTS\",\"title_element\":\"h2\",\"title_style\":\"h2\"}},{\"type\":\"text\",\"props\":{\"column_breakpoint\":\"m\",\"content\":\"\n\n<p>Les ingr\\u00e9dients sont s\\u00e9lectionn\\u00e9s avec soin et attention \\u00e0 leur origine et \\u00e0 leur provenance, \\u00e0 leur fra\\u00eecheur et \\u00e0 leur authenticit\\u00e9, des exigences essentielles pour servir au mieux chaque plat.<\\\/p>\",\"margin\":\"medium\",\"text_align\":\"left\"}}]}]}]}],\"version\":\"4.4.7\"} --><\/p>\n","protected":false},"excerpt":{"rendered":"<p>PARCOURIR NOS MENUS italiano english french deutsch L&#8217;attention aux r\u00e9gimes alimentaires est l&#8217;une des pierres angulaires de la philosophie de l&#8217;entreprise depuis dix ans.Nous proposons des plats &#8220;sans gluten&#8221; : environ 90% des plats du menu sont &#8220;sans gluten&#8221;, avec certification de l&#8217;A.I.C. (Association Italienne de la Maladie C\u0153liaque).Le plaisir du bien-\u00eatre, sans se priver [&hellip;]<\/p>\n","protected":false},"author":1,"featured_media":0,"parent":0,"menu_order":0,"comment_status":"closed","ping_status":"closed","template":"","meta":{"_acf_changed":false,"_monsterinsights_skip_tracking":false,"_monsterinsights_sitenote_active":false,"_monsterinsights_sitenote_note":"","_monsterinsights_sitenote_category":0,"footnotes":""},"class_list":["post-1959","page","type-page","status-publish","hentry"],"acf":[],"yoast_head":"<!-- This site is optimized with the Yoast SEO plugin v27.1.1 - https:\/\/yoast.com\/product\/yoast-seo-wordpress\/ -->\n<title>Menu - Ristorante Le 4 Stagioni di Casa Sassone<\/title>\n<meta name=\"robots\" content=\"index, follow, max-snippet:-1, max-image-preview:large, max-video-preview:-1\" \/>\n<link rel=\"canonical\" href=\"https:\/\/ristorantele4stagioni.com\/fr\/menu\/\" \/>\n<meta property=\"og:locale\" content=\"fr_FR\" \/>\n<meta property=\"og:type\" content=\"article\" \/>\n<meta property=\"og:title\" content=\"Menu - Ristorante Le 4 Stagioni di Casa Sassone\" \/>\n<meta property=\"og:description\" content=\"PARCOURIR NOS MENUS italiano english french deutsch L&#8217;attention aux r\u00e9gimes alimentaires est l&#8217;une des pierres angulaires de la philosophie de l&#8217;entreprise depuis dix ans.Nous proposons des plats &#8220;sans gluten&#8221; : environ 90% des plats du menu sont &#8220;sans gluten&#8221;, avec certification de l&#8217;A.I.C. (Association Italienne de la Maladie C\u0153liaque).Le plaisir du bien-\u00eatre, sans se priver [&hellip;]\" \/>\n<meta property=\"og:url\" content=\"https:\/\/ristorantele4stagioni.com\/fr\/menu\/\" \/>\n<meta property=\"og:site_name\" content=\"Ristorante Le 4 Stagioni di Casa Sassone\" \/>\n<meta property=\"article:publisher\" content=\"https:\/\/www.facebook.com\/ristorantele4stagioni\" \/>\n<meta property=\"article:modified_time\" content=\"2024-08-09T14:20:49+00:00\" \/>\n<meta property=\"og:image\" content=\"https:\/\/ristorantele4stagioni.com\/wp-content\/uploads\/2024\/11\/logo-ristorante4stagioni-bagliore.png\" \/>\n\t<meta property=\"og:image:width\" content=\"800\" \/>\n\t<meta property=\"og:image:height\" content=\"610\" \/>\n\t<meta property=\"og:image:type\" content=\"image\/png\" \/>\n<meta name=\"twitter:card\" content=\"summary_large_image\" \/>\n<meta name=\"twitter:site\" content=\"@ristorante4stag\" \/>\n<meta name=\"twitter:label1\" content=\"Est. reading time\" \/>\n\t<meta name=\"twitter:data1\" content=\"1 minute\" \/>\n<script type=\"application\/ld+json\" class=\"yoast-schema-graph\">{\"@context\":\"https:\/\/schema.org\",\"@graph\":[{\"@type\":\"WebPage\",\"@id\":\"https:\/\/ristorantele4stagioni.com\/fr\/menu\/\",\"url\":\"https:\/\/ristorantele4stagioni.com\/fr\/menu\/\",\"name\":\"Menu - Ristorante Le 4 Stagioni di Casa Sassone\",\"isPartOf\":{\"@id\":\"https:\/\/ristorantele4stagioni.com\/#website\"},\"datePublished\":\"2024-04-20T18:13:29+00:00\",\"dateModified\":\"2024-08-09T14:20:49+00:00\",\"breadcrumb\":{\"@id\":\"https:\/\/ristorantele4stagioni.com\/fr\/menu\/#breadcrumb\"},\"inLanguage\":\"fr-FR\",\"potentialAction\":[{\"@type\":\"ReadAction\",\"target\":[\"https:\/\/ristorantele4stagioni.com\/fr\/menu\/\"]}]},{\"@type\":\"BreadcrumbList\",\"@id\":\"https:\/\/ristorantele4stagioni.com\/fr\/menu\/#breadcrumb\",\"itemListElement\":[{\"@type\":\"ListItem\",\"position\":1,\"name\":\"Home\",\"item\":\"https:\/\/ristorantele4stagioni.com\/fr\/home-2\/\"},{\"@type\":\"ListItem\",\"position\":2,\"name\":\"Menu\"}]},{\"@type\":\"WebSite\",\"@id\":\"https:\/\/ristorantele4stagioni.com\/#website\",\"url\":\"https:\/\/ristorantele4stagioni.com\/\",\"name\":\"Ristorante Le 4 Stagioni di Casa Sassone e Charcuterie a Saluzzo\",\"description\":\"Nel cuore del centro storico di Saluzzo, capitale del Marchesato\",\"publisher\":{\"@id\":\"https:\/\/ristorantele4stagioni.com\/#organization\"},\"potentialAction\":[{\"@type\":\"SearchAction\",\"target\":{\"@type\":\"EntryPoint\",\"urlTemplate\":\"https:\/\/ristorantele4stagioni.com\/?s={search_term_string}\"},\"query-input\":{\"@type\":\"PropertyValueSpecification\",\"valueRequired\":true,\"valueName\":\"search_term_string\"}}],\"inLanguage\":\"fr-FR\"},{\"@type\":\"Organization\",\"@id\":\"https:\/\/ristorantele4stagioni.com\/#organization\",\"name\":\"Ristorante Le 4 Stagioni di Casa Sassone\",\"url\":\"https:\/\/ristorantele4stagioni.com\/\",\"logo\":{\"@type\":\"ImageObject\",\"inLanguage\":\"fr-FR\",\"@id\":\"https:\/\/ristorantele4stagioni.com\/#\/schema\/logo\/image\/\",\"url\":\"https:\/\/ristorantele4stagioni.com\/wp-content\/uploads\/2024\/11\/logo-ristorante4stagioni-bagliore.png\",\"contentUrl\":\"https:\/\/ristorantele4stagioni.com\/wp-content\/uploads\/2024\/11\/logo-ristorante4stagioni-bagliore.png\",\"width\":800,\"height\":610,\"caption\":\"Ristorante Le 4 Stagioni di Casa Sassone\"},\"image\":{\"@id\":\"https:\/\/ristorantele4stagioni.com\/#\/schema\/logo\/image\/\"},\"sameAs\":[\"https:\/\/www.facebook.com\/ristorantele4stagioni\",\"https:\/\/x.com\/ristorante4stag\",\"https:\/\/www.instagram.com\/le4stagioni.ristorante\/\",\"https:\/\/www.tripadvisor.it\/Restaurant_Review-g194893-d940554-Reviews-Le_Quattro_Stagioni_d_Italia-Saluzzo_Province_of_Cuneo_Piedmont.html\"]}]}<\/script>\n<!-- \/ Yoast SEO plugin. -->","yoast_head_json":{"title":"Menu - Ristorante Le 4 Stagioni di Casa Sassone","robots":{"index":"index","follow":"follow","max-snippet":"max-snippet:-1","max-image-preview":"max-image-preview:large","max-video-preview":"max-video-preview:-1"},"canonical":"https:\/\/ristorantele4stagioni.com\/fr\/menu\/","og_locale":"fr_FR","og_type":"article","og_title":"Menu - Ristorante Le 4 Stagioni di Casa Sassone","og_description":"PARCOURIR NOS MENUS italiano english french deutsch L&#8217;attention aux r\u00e9gimes alimentaires est l&#8217;une des pierres angulaires de la philosophie de l&#8217;entreprise depuis dix ans.Nous proposons des plats &#8220;sans gluten&#8221; : environ 90% des plats du menu sont &#8220;sans gluten&#8221;, avec certification de l&#8217;A.I.C. (Association Italienne de la Maladie C\u0153liaque).Le plaisir du bien-\u00eatre, sans se priver [&hellip;]","og_url":"https:\/\/ristorantele4stagioni.com\/fr\/menu\/","og_site_name":"Ristorante Le 4 Stagioni di Casa Sassone","article_publisher":"https:\/\/www.facebook.com\/ristorantele4stagioni","article_modified_time":"2024-08-09T14:20:49+00:00","og_image":[{"width":800,"height":610,"url":"https:\/\/ristorantele4stagioni.com\/wp-content\/uploads\/2024\/11\/logo-ristorante4stagioni-bagliore.png","type":"image\/png"}],"twitter_card":"summary_large_image","twitter_site":"@ristorante4stag","twitter_misc":{"Est. reading time":"1 minute"},"schema":{"@context":"https:\/\/schema.org","@graph":[{"@type":"WebPage","@id":"https:\/\/ristorantele4stagioni.com\/fr\/menu\/","url":"https:\/\/ristorantele4stagioni.com\/fr\/menu\/","name":"Menu - Ristorante Le 4 Stagioni di Casa Sassone","isPartOf":{"@id":"https:\/\/ristorantele4stagioni.com\/#website"},"datePublished":"2024-04-20T18:13:29+00:00","dateModified":"2024-08-09T14:20:49+00:00","breadcrumb":{"@id":"https:\/\/ristorantele4stagioni.com\/fr\/menu\/#breadcrumb"},"inLanguage":"fr-FR","potentialAction":[{"@type":"ReadAction","target":["https:\/\/ristorantele4stagioni.com\/fr\/menu\/"]}]},{"@type":"BreadcrumbList","@id":"https:\/\/ristorantele4stagioni.com\/fr\/menu\/#breadcrumb","itemListElement":[{"@type":"ListItem","position":1,"name":"Home","item":"https:\/\/ristorantele4stagioni.com\/fr\/home-2\/"},{"@type":"ListItem","position":2,"name":"Menu"}]},{"@type":"WebSite","@id":"https:\/\/ristorantele4stagioni.com\/#website","url":"https:\/\/ristorantele4stagioni.com\/","name":"Ristorante Le 4 Stagioni di Casa Sassone e Charcuterie a Saluzzo","description":"Nel cuore del centro storico di Saluzzo, capitale del Marchesato","publisher":{"@id":"https:\/\/ristorantele4stagioni.com\/#organization"},"potentialAction":[{"@type":"SearchAction","target":{"@type":"EntryPoint","urlTemplate":"https:\/\/ristorantele4stagioni.com\/?s={search_term_string}"},"query-input":{"@type":"PropertyValueSpecification","valueRequired":true,"valueName":"search_term_string"}}],"inLanguage":"fr-FR"},{"@type":"Organization","@id":"https:\/\/ristorantele4stagioni.com\/#organization","name":"Ristorante Le 4 Stagioni di Casa Sassone","url":"https:\/\/ristorantele4stagioni.com\/","logo":{"@type":"ImageObject","inLanguage":"fr-FR","@id":"https:\/\/ristorantele4stagioni.com\/#\/schema\/logo\/image\/","url":"https:\/\/ristorantele4stagioni.com\/wp-content\/uploads\/2024\/11\/logo-ristorante4stagioni-bagliore.png","contentUrl":"https:\/\/ristorantele4stagioni.com\/wp-content\/uploads\/2024\/11\/logo-ristorante4stagioni-bagliore.png","width":800,"height":610,"caption":"Ristorante Le 4 Stagioni di Casa Sassone"},"image":{"@id":"https:\/\/ristorantele4stagioni.com\/#\/schema\/logo\/image\/"},"sameAs":["https:\/\/www.facebook.com\/ristorantele4stagioni","https:\/\/x.com\/ristorante4stag","https:\/\/www.instagram.com\/le4stagioni.ristorante\/","https:\/\/www.tripadvisor.it\/Restaurant_Review-g194893-d940554-Reviews-Le_Quattro_Stagioni_d_Italia-Saluzzo_Province_of_Cuneo_Piedmont.html"]}]}},"_links":{"self":[{"href":"https:\/\/ristorantele4stagioni.com\/fr\/wp-json\/wp\/v2\/pages\/1959","targetHints":{"allow":["GET"]}}],"collection":[{"href":"https:\/\/ristorantele4stagioni.com\/fr\/wp-json\/wp\/v2\/pages"}],"about":[{"href":"https:\/\/ristorantele4stagioni.com\/fr\/wp-json\/wp\/v2\/types\/page"}],"author":[{"embeddable":true,"href":"https:\/\/ristorantele4stagioni.com\/fr\/wp-json\/wp\/v2\/users\/1"}],"replies":[{"embeddable":true,"href":"https:\/\/ristorantele4stagioni.com\/fr\/wp-json\/wp\/v2\/comments?post=1959"}],"version-history":[{"count":3,"href":"https:\/\/ristorantele4stagioni.com\/fr\/wp-json\/wp\/v2\/pages\/1959\/revisions"}],"predecessor-version":[{"id":1964,"href":"https:\/\/ristorantele4stagioni.com\/fr\/wp-json\/wp\/v2\/pages\/1959\/revisions\/1964"}],"wp:attachment":[{"href":"https:\/\/ristorantele4stagioni.com\/fr\/wp-json\/wp\/v2\/media?parent=1959"}],"curies":[{"name":"wp","href":"https:\/\/api.w.org\/{rel}","templated":true}]}}