{"id":1971,"date":"2024-04-21T15:33:27","date_gmt":"2024-04-21T13:33:27","guid":{"rendered":"https:\/\/ristorantele4stagioni.com\/cucina-inclusiva\/"},"modified":"2024-08-19T15:06:18","modified_gmt":"2024-08-19T13:06:18","slug":"cucina-inclusiva","status":"publish","type":"page","link":"https:\/\/ristorantele4stagioni.com\/fr\/cucina-inclusiva\/","title":{"rendered":"Cuisine inclusive"},"content":{"rendered":"<h1>Cuisine Inclusive<\/h1>\n<p><img decoding=\"async\" src=\"\/wp-content\/uploads\/2024\/04\/cucina-inclusiva-ristorante-saluzzo-1.jpeg\" alt=\"\"><\/p>\n<div>\n<p>Il est souvent difficile de trouver un restaurant capable de satisfaire les besoins de chacun. Nous pensons aux d\u00e9jeuners et aux d\u00eeners o\u00f9 se trouvent ceux qui ont des <strong>probl\u00e8mes alimentaires<\/strong>, des <strong>allergies<\/strong> ou des <strong>besoins culturels<\/strong> qui m\u00e8nent dans des directions diff\u00e9rentes.<\/p>\n<p>Au Le Quattro Stagioni, <strong>l\u2019inclusivit\u00e9<\/strong> va de pair avec <strong>l\u2019hospitalit\u00e9<\/strong>.<\/p>\n<p>Chacun doit pouvoir s&#8217;asseoir \u00e0 nos tables et savoir qu&#8217;il trouvera une pr\u00e9paration parfaitement adapt\u00e9e \u00e0 ses besoins.<\/p>\n<\/div>\n<p><img decoding=\"async\" src=\"\/wp-content\/uploads\/2024\/04\/ristorante-cucina-vegana-saluzzo-1.webp\" alt=\"\"><\/p>\n<h2>Cuisine v\u00e9g\u00e9talienne<img loading=\"lazy\" decoding=\"async\" src=\"https:\/\/4stagioni.sviluppo.host\/wp-content\/uploads\/2024\/04\/vegan-icon-bio-ecology-organic-1.png\" alt=\"\" width=\"85\" height=\"85\" class=\" wp-image-1407 aligncenter\" srcset=\"https:\/\/ristorantele4stagioni.com\/wp-content\/uploads\/2024\/04\/vegan-icon-bio-ecology-organic-1.png 188w, https:\/\/ristorantele4stagioni.com\/wp-content\/uploads\/2024\/04\/vegan-icon-bio-ecology-organic-1-100x100.png 100w, https:\/\/ristorantele4stagioni.com\/wp-content\/uploads\/2024\/04\/vegan-icon-bio-ecology-organic-1-150x150.png 150w\" sizes=\"(max-width: 85px) 100vw, 85px\" \/><\/h2>\n<div>\n<p>Voyager ou sortir d\u00eener peut avoir des cons\u00e9quences n\u00e9fastes sur de nombreuses personnes. Et cela est d\u00fb \u00e0 un march\u00e9 qui ne propose pas encore d\u2019alternatives alimentaires adapt\u00e9es. Dans notre restaurant, nous utilisons des produits biologiques et proposons des choix v\u00e9g\u00e9taliens et v\u00e9g\u00e9tariens. Indiquez \u00e9galement qui doit prendre en compte l\u2019intol\u00e9rance au lactose.<br \/>Nous pr\u00e9parons chaque jour des plats simples mais raffin\u00e9s, qui comblent le corps mais aussi l&#8217;esprit.<br \/>Un d\u00e9lice pour ceux qui adoptent un r\u00e9gime v\u00e9g\u00e9talien. Une surprise all\u00e9chante pour tout le monde.<\/p>\n<\/div>\n<p><img decoding=\"async\" src=\"\/wp-content\/uploads\/2024\/04\/ristorante-cucina-senza-glutine-saluzzo-1.webp\" alt=\"\"><\/p>\n<h2>Cuisine sans gluten<img loading=\"lazy\" decoding=\"async\" src=\"https:\/\/4stagioni.sviluppo.host\/wp-content\/uploads\/2024\/04\/senza-glutine-icon-1.png\" alt=\"\" width=\"85\" height=\"85\" class=\"wp-image-1406  aligncenter\" srcset=\"https:\/\/ristorantele4stagioni.com\/wp-content\/uploads\/2024\/04\/senza-glutine-icon-1.png 188w, https:\/\/ristorantele4stagioni.com\/wp-content\/uploads\/2024\/04\/senza-glutine-icon-1-100x100.png 100w, https:\/\/ristorantele4stagioni.com\/wp-content\/uploads\/2024\/04\/senza-glutine-icon-1-150x150.png 150w\" sizes=\"(max-width: 85px) 100vw, 85px\" \/><\/h2>\n<div>\n<p>Nous proposons un large choix de plats sans gluten, pour les coeliaques. Notre personnel porte une attention particuli\u00e8re \u00e0 la client\u00e8le coeliaque, depuis plus de dix ans nous faisons partie de l&#8217;association AIC, avec des cours de perfectionnement annuels.<\/p>\n<\/div>\n<p><img decoding=\"async\" src=\"\/wp-content\/uploads\/2024\/04\/ristorante-cucina-kosher-saluzzo-1.webp\" alt=\"\"><\/p>\n<h2>Cuisine Kosher<\/h2>\n<div>\n<p>Nous informons le client de la possibilit\u00e9, sur demande, de la proposition de cuisine Kosher, qui distingue tous les aliments pouvant \u00eatre consomm\u00e9s par les juifs qui respectent les r\u00e8gles correctes de cuisson. Notre cuisine s&#8217;engage \u00e0 respecter les r\u00e8gles concernant le choix des aliments, l&#8217;abattage des animaux, la conservation et la s\u00e9paration de certains produits.<\/p>\n<\/div>\n<p><img decoding=\"async\" src=\"\/wp-content\/uploads\/2024\/04\/ristorante-cucina-halal-saluzzo-1.webp\" alt=\"\"><\/p>\n<h2>Cuisine Halal<\/h2>\n<div>\n<p>A la demande du client, nous respectons une r\u00e9glementation pr\u00e9cise \u00e0 chaque \u00e9tape du cycle de production, pouvant ainsi d\u00e9finir notre alimentation comme HALAL, en plus de garantir une viande meilleure et plus s\u00fbre pour l&#8217;homme, elle garantit \u00e9galement \u00e0 l&#8217;animal une mort avec moins de souffrance et stresser.<\/p>\n<\/div>\n<p><!--more--><br \/>\n<!-- {\"type\":\"layout\",\"children\":[{\"type\":\"section\",\"props\":{\"image_position\":\"center-center\",\"style\":\"default\",\"title_breakpoint\":\"xl\",\"title_position\":\"top-left\",\"title_rotation\":\"left\",\"vertical_align\":\"\",\"width\":\"default\"},\"children\":[{\"type\":\"row\",\"children\":[{\"type\":\"column\",\"props\":{\"image_position\":\"center-center\",\"position_sticky_breakpoint\":\"m\"},\"children\":[{\"type\":\"headline\",\"props\":{\"content\":\"Cuisine Inclusive\",\"text_align\":\"center\",\"title_element\":\"h1\",\"title_style\":\"h1\"}}]}]}]},{\"name\":\"valori home\",\"type\":\"section\",\"props\":{\"animation\":\"fade\",\"animation_delay\":false,\"image\":\"wp-content\\\/uploads\\\/yootheme\\\/home-restaurant-bg.svg\",\"image_position\":\"bottom-right\",\"padding\":\"large\",\"padding_remove_top\":true,\"style\":\"default\",\"title_breakpoint\":\"xl\",\"title_position\":\"top-left\",\"title_rotation\":\"left\",\"vertical_align\":\"\",\"width\":\"expand\"},\"children\":[{\"type\":\"row\",\"props\":{\"layout\":\"1-2,1-2\",\"parallax\":true,\"row_gap\":\"medium\",\"width\":\"expand\"},\"children\":[{\"type\":\"column\",\"props\":{\"image_position\":\"center-center\",\"position_sticky_breakpoint\":\"m\",\"width_medium\":\"1-2\"},\"children\":[{\"type\":\"image\",\"props\":{\"image\":\"wp-content\\\/uploads\\\/2024\\\/04\\\/cucina-inclusiva-ristorante-saluzzo-1.jpeg\",\"image_svg_color\":\"emphasis\",\"margin\":\"remove-vertical\"}}]},{\"type\":\"column\",\"props\":{\"image_position\":\"center-center\",\"order_first\":\"m\",\"position_sticky_breakpoint\":\"m\",\"prevent_collapse\":false,\"width_medium\":\"1-2\"},\"children\":[{\"type\":\"text\",\"props\":{\"column_breakpoint\":\"m\",\"content\":\"\n\n<p>Il est souvent difficile de trouver un restaurant capable de satisfaire les besoins de chacun. Nous pensons aux d\\u00e9jeuners et aux d\\u00eeners o\\u00f9 se trouvent ceux qui ont des <strong>probl\\u00e8mes alimentaires<\\\/strong>, des <strong>allergies<\\\/strong> ou des <strong>besoins culturels<\\\/strong> qui m\\u00e8nent dans des directions diff\\u00e9rentes.<\\\/p>\\n\n\n<p>Au Le Quattro Stagioni, <strong>l\\u2019inclusivit\\u00e9<\\\/strong> va de pair avec <strong>l\\u2019hospitalit\\u00e9<\\\/strong>.<\\\/p>\\n\n\n<p>Chacun doit pouvoir s'asseoir \\u00e0 nos tables et savoir qu'il trouvera une pr\\u00e9paration parfaitement adapt\\u00e9e \\u00e0 ses besoins.<\\\/p>\",\"margin\":\"medium\",\"text_align\":\"left\"}}]}]},{\"type\":\"row\",\"props\":{\"layout\":\"1-2,1-2\",\"parallax\":true,\"row_gap\":\"medium\",\"width\":\"expand\"},\"children\":[{\"type\":\"column\",\"props\":{\"image_position\":\"center-center\",\"position_sticky_breakpoint\":\"m\",\"width_medium\":\"1-2\"},\"children\":[{\"type\":\"image\",\"props\":{\"image\":\"wp-content\\\/uploads\\\/2024\\\/04\\\/ristorante-cucina-vegana-saluzzo-1.webp\",\"image_svg_color\":\"emphasis\",\"margin\":\"remove-vertical\"}}]},{\"type\":\"column\",\"props\":{\"image_position\":\"center-center\",\"position_sticky_breakpoint\":\"m\",\"prevent_collapse\":false,\"width_medium\":\"1-2\"},\"children\":[{\"type\":\"headline\",\"props\":{\"content\":\"Cuisine v\\u00e9g\\u00e9talienne<img src=\\\"https:\\\/\\\/4stagioni.sviluppo.host\\\/wp-content\\\/uploads\\\/2024\\\/04\\\/vegan-icon-bio-ecology-organic-1.png\\\" alt=\\\"\\\" width=\\\"85\\\" height=\\\"85\\\" class=\\\" wp-image-1407 aligncenter\\\" \\\/>\",\"title_element\":\"h2\",\"title_style\":\"h2\"}},{\"type\":\"text\",\"props\":{\"column_breakpoint\":\"m\",\"content\":\"\n\n<p>Voyager ou sortir d\\u00eener peut avoir des cons\\u00e9quences n\\u00e9fastes sur de nombreuses personnes. Et cela est d\\u00fb \\u00e0 un march\\u00e9 qui ne propose pas encore d\\u2019alternatives alimentaires adapt\\u00e9es. Dans notre restaurant, nous utilisons des produits biologiques et proposons des choix v\\u00e9g\\u00e9taliens et v\\u00e9g\\u00e9tariens. Indiquez \\u00e9galement qui doit prendre en compte l\\u2019intol\\u00e9rance au lactose.<br \\\/>Nous pr\\u00e9parons chaque jour des plats simples mais raffin\\u00e9s, qui comblent le corps mais aussi l'esprit.<br \\\/>Un d\\u00e9lice pour ceux qui adoptent un r\\u00e9gime v\\u00e9g\\u00e9talien. Une surprise all\\u00e9chante pour tout le monde.<\\\/p>\",\"margin\":\"medium\",\"text_align\":\"left\"}}]}]},{\"type\":\"row\",\"props\":{\"layout\":\"1-2,1-2\",\"parallax\":true,\"row_gap\":\"medium\",\"width\":\"expand\"},\"children\":[{\"type\":\"column\",\"props\":{\"image_position\":\"center-center\",\"position_sticky_breakpoint\":\"m\",\"width_medium\":\"1-2\"},\"children\":[{\"type\":\"image\",\"props\":{\"image\":\"wp-content\\\/uploads\\\/2024\\\/04\\\/ristorante-cucina-senza-glutine-saluzzo-1.webp\",\"image_svg_color\":\"emphasis\",\"margin\":\"remove-vertical\"}}]},{\"type\":\"column\",\"props\":{\"image_position\":\"center-center\",\"order_first\":\"m\",\"position_sticky_breakpoint\":\"m\",\"prevent_collapse\":false,\"width_medium\":\"1-2\"},\"children\":[{\"type\":\"headline\",\"props\":{\"content\":\"Cuisine sans gluten<img src=\\\"https:\\\/\\\/4stagioni.sviluppo.host\\\/wp-content\\\/uploads\\\/2024\\\/04\\\/senza-glutine-icon-1.png\\\" alt=\\\"\\\" width=\\\"85\\\" height=\\\"85\\\" class=\\\"wp-image-1406  aligncenter\\\" \\\/>\",\"title_element\":\"h2\",\"title_style\":\"h2\"}},{\"type\":\"text\",\"props\":{\"column_breakpoint\":\"m\",\"content\":\"\n\n<p>Nous proposons un large choix de plats sans gluten, pour les coeliaques. Notre personnel porte une attention particuli\\u00e8re \\u00e0 la client\\u00e8le coeliaque, depuis plus de dix ans nous faisons partie de l'association AIC, avec des cours de perfectionnement annuels.<\\\/p>\",\"margin\":\"medium\",\"text_align\":\"left\"}}]}]},{\"type\":\"row\",\"props\":{\"layout\":\"1-2,1-2\",\"parallax\":true,\"row_gap\":\"medium\",\"width\":\"expand\"},\"children\":[{\"type\":\"column\",\"props\":{\"image_position\":\"center-center\",\"position_sticky_breakpoint\":\"m\",\"width_medium\":\"1-2\"},\"children\":[{\"type\":\"image\",\"props\":{\"image\":\"wp-content\\\/uploads\\\/2024\\\/04\\\/ristorante-cucina-kosher-saluzzo-1.webp\",\"image_svg_color\":\"emphasis\",\"margin\":\"remove-vertical\"}}]},{\"type\":\"column\",\"props\":{\"image_position\":\"center-center\",\"position_sticky_breakpoint\":\"m\",\"prevent_collapse\":false,\"width_medium\":\"1-2\"},\"children\":[{\"type\":\"headline\",\"props\":{\"content\":\"Cuisine Kosher\",\"title_element\":\"h2\",\"title_style\":\"h2\"}},{\"type\":\"text\",\"props\":{\"column_breakpoint\":\"m\",\"content\":\"\n\n<p>Nous informons le client de la possibilit\\u00e9, sur demande, de la proposition de cuisine Kosher, qui distingue tous les aliments pouvant \\u00eatre consomm\\u00e9s par les juifs qui respectent les r\\u00e8gles correctes de cuisson. Notre cuisine s'engage \\u00e0 respecter les r\\u00e8gles concernant le choix des aliments, l'abattage des animaux, la conservation et la s\\u00e9paration de certains produits.<\\\/p>\",\"margin\":\"medium\",\"text_align\":\"left\"}}]}]},{\"type\":\"row\",\"props\":{\"layout\":\"1-2,1-2\",\"parallax\":true,\"row_gap\":\"medium\",\"width\":\"expand\"},\"children\":[{\"type\":\"column\",\"props\":{\"image_position\":\"center-center\",\"position_sticky_breakpoint\":\"m\",\"width_medium\":\"1-2\"},\"children\":[{\"type\":\"image\",\"props\":{\"image\":\"wp-content\\\/uploads\\\/2024\\\/04\\\/ristorante-cucina-halal-saluzzo-1.webp\",\"image_svg_color\":\"emphasis\",\"margin\":\"remove-vertical\"}}]},{\"type\":\"column\",\"props\":{\"image_position\":\"center-center\",\"order_first\":\"m\",\"position_sticky_breakpoint\":\"m\",\"prevent_collapse\":false,\"width_medium\":\"1-2\"},\"children\":[{\"type\":\"headline\",\"props\":{\"content\":\"Cuisine Halal\",\"title_element\":\"h2\",\"title_style\":\"h2\"}},{\"type\":\"text\",\"props\":{\"column_breakpoint\":\"m\",\"content\":\"\n\n<p>A la demande du client, nous respectons une r\\u00e9glementation pr\\u00e9cise \\u00e0 chaque \\u00e9tape du cycle de production, pouvant ainsi d\\u00e9finir notre alimentation comme HALAL, en plus de garantir une viande meilleure et plus s\\u00fbre pour l'homme, elle garantit \\u00e9galement \\u00e0 l'animal une mort avec moins de souffrance et stresser.<\\\/p>\",\"margin\":\"medium\",\"text_align\":\"left\"}}]}]}]}],\"version\":\"4.4.7\"} --><\/p>\n","protected":false},"excerpt":{"rendered":"<p>Cuisine Inclusive Il est souvent difficile de trouver un restaurant capable de satisfaire les besoins de chacun. Nous pensons aux d\u00e9jeuners et aux d\u00eeners o\u00f9 se trouvent ceux qui ont des probl\u00e8mes alimentaires, des allergies ou des besoins culturels qui m\u00e8nent dans des directions diff\u00e9rentes. Au Le Quattro Stagioni, l\u2019inclusivit\u00e9 va de pair avec l\u2019hospitalit\u00e9. [&hellip;]<\/p>\n","protected":false},"author":1,"featured_media":0,"parent":0,"menu_order":0,"comment_status":"closed","ping_status":"closed","template":"","meta":{"_acf_changed":false,"_monsterinsights_skip_tracking":false,"_monsterinsights_sitenote_active":false,"_monsterinsights_sitenote_note":"","_monsterinsights_sitenote_category":0,"footnotes":""},"class_list":["post-1971","page","type-page","status-publish","hentry"],"acf":[],"yoast_head":"<!-- This site is optimized with the Yoast SEO plugin v27.1.1 - https:\/\/yoast.com\/product\/yoast-seo-wordpress\/ -->\n<title>Cuisine inclusive - Ristorante Le 4 Stagioni di Casa Sassone<\/title>\n<meta name=\"robots\" content=\"index, follow, max-snippet:-1, max-image-preview:large, max-video-preview:-1\" \/>\n<link rel=\"canonical\" href=\"https:\/\/ristorantele4stagioni.com\/fr\/cucina-inclusiva\/\" \/>\n<meta property=\"og:locale\" content=\"fr_FR\" \/>\n<meta property=\"og:type\" content=\"article\" \/>\n<meta property=\"og:title\" content=\"Cuisine inclusive - Ristorante Le 4 Stagioni di Casa Sassone\" \/>\n<meta property=\"og:description\" content=\"Cuisine Inclusive Il est souvent difficile de trouver un restaurant capable de satisfaire les besoins de chacun. Nous pensons aux d\u00e9jeuners et aux d\u00eeners o\u00f9 se trouvent ceux qui ont des probl\u00e8mes alimentaires, des allergies ou des besoins culturels qui m\u00e8nent dans des directions diff\u00e9rentes. Au Le Quattro Stagioni, l\u2019inclusivit\u00e9 va de pair avec l\u2019hospitalit\u00e9. [&hellip;]\" \/>\n<meta property=\"og:url\" content=\"https:\/\/ristorantele4stagioni.com\/fr\/cucina-inclusiva\/\" \/>\n<meta property=\"og:site_name\" content=\"Ristorante Le 4 Stagioni di Casa Sassone\" \/>\n<meta property=\"article:publisher\" content=\"https:\/\/www.facebook.com\/ristorantele4stagioni\" \/>\n<meta property=\"article:modified_time\" content=\"2024-08-19T13:06:18+00:00\" \/>\n<meta property=\"og:image\" content=\"https:\/\/4stagioni.sviluppo.host\/wp-content\/uploads\/2024\/04\/vegan-icon-bio-ecology-organic-1.png\" \/>\n<meta name=\"twitter:card\" content=\"summary_large_image\" \/>\n<meta name=\"twitter:site\" content=\"@ristorante4stag\" \/>\n<meta name=\"twitter:label1\" content=\"Est. reading time\" \/>\n\t<meta name=\"twitter:data1\" content=\"2 minutes\" \/>\n<script type=\"application\/ld+json\" class=\"yoast-schema-graph\">{\"@context\":\"https:\/\/schema.org\",\"@graph\":[{\"@type\":\"WebPage\",\"@id\":\"https:\/\/ristorantele4stagioni.com\/fr\/cucina-inclusiva\/\",\"url\":\"https:\/\/ristorantele4stagioni.com\/fr\/cucina-inclusiva\/\",\"name\":\"Cuisine inclusive - Ristorante Le 4 Stagioni di Casa Sassone\",\"isPartOf\":{\"@id\":\"https:\/\/ristorantele4stagioni.com\/#website\"},\"primaryImageOfPage\":{\"@id\":\"https:\/\/ristorantele4stagioni.com\/fr\/cucina-inclusiva\/#primaryimage\"},\"image\":{\"@id\":\"https:\/\/ristorantele4stagioni.com\/fr\/cucina-inclusiva\/#primaryimage\"},\"thumbnailUrl\":\"https:\/\/4stagioni.sviluppo.host\/wp-content\/uploads\/2024\/04\/vegan-icon-bio-ecology-organic-1.png\",\"datePublished\":\"2024-04-21T13:33:27+00:00\",\"dateModified\":\"2024-08-19T13:06:18+00:00\",\"breadcrumb\":{\"@id\":\"https:\/\/ristorantele4stagioni.com\/fr\/cucina-inclusiva\/#breadcrumb\"},\"inLanguage\":\"fr-FR\",\"potentialAction\":[{\"@type\":\"ReadAction\",\"target\":[\"https:\/\/ristorantele4stagioni.com\/fr\/cucina-inclusiva\/\"]}]},{\"@type\":\"ImageObject\",\"inLanguage\":\"fr-FR\",\"@id\":\"https:\/\/ristorantele4stagioni.com\/fr\/cucina-inclusiva\/#primaryimage\",\"url\":\"https:\/\/4stagioni.sviluppo.host\/wp-content\/uploads\/2024\/04\/vegan-icon-bio-ecology-organic-1.png\",\"contentUrl\":\"https:\/\/4stagioni.sviluppo.host\/wp-content\/uploads\/2024\/04\/vegan-icon-bio-ecology-organic-1.png\"},{\"@type\":\"BreadcrumbList\",\"@id\":\"https:\/\/ristorantele4stagioni.com\/fr\/cucina-inclusiva\/#breadcrumb\",\"itemListElement\":[{\"@type\":\"ListItem\",\"position\":1,\"name\":\"Home\",\"item\":\"https:\/\/ristorantele4stagioni.com\/fr\/home-2\/\"},{\"@type\":\"ListItem\",\"position\":2,\"name\":\"Cuisine inclusive\"}]},{\"@type\":\"WebSite\",\"@id\":\"https:\/\/ristorantele4stagioni.com\/#website\",\"url\":\"https:\/\/ristorantele4stagioni.com\/\",\"name\":\"Ristorante Le 4 Stagioni di Casa Sassone e Charcuterie a Saluzzo\",\"description\":\"Nel cuore del centro storico di Saluzzo, capitale del Marchesato\",\"publisher\":{\"@id\":\"https:\/\/ristorantele4stagioni.com\/#organization\"},\"potentialAction\":[{\"@type\":\"SearchAction\",\"target\":{\"@type\":\"EntryPoint\",\"urlTemplate\":\"https:\/\/ristorantele4stagioni.com\/?s={search_term_string}\"},\"query-input\":{\"@type\":\"PropertyValueSpecification\",\"valueRequired\":true,\"valueName\":\"search_term_string\"}}],\"inLanguage\":\"fr-FR\"},{\"@type\":\"Organization\",\"@id\":\"https:\/\/ristorantele4stagioni.com\/#organization\",\"name\":\"Ristorante Le 4 Stagioni di Casa Sassone\",\"url\":\"https:\/\/ristorantele4stagioni.com\/\",\"logo\":{\"@type\":\"ImageObject\",\"inLanguage\":\"fr-FR\",\"@id\":\"https:\/\/ristorantele4stagioni.com\/#\/schema\/logo\/image\/\",\"url\":\"https:\/\/ristorantele4stagioni.com\/wp-content\/uploads\/2024\/11\/logo-ristorante4stagioni-bagliore.png\",\"contentUrl\":\"https:\/\/ristorantele4stagioni.com\/wp-content\/uploads\/2024\/11\/logo-ristorante4stagioni-bagliore.png\",\"width\":800,\"height\":610,\"caption\":\"Ristorante Le 4 Stagioni di Casa Sassone\"},\"image\":{\"@id\":\"https:\/\/ristorantele4stagioni.com\/#\/schema\/logo\/image\/\"},\"sameAs\":[\"https:\/\/www.facebook.com\/ristorantele4stagioni\",\"https:\/\/x.com\/ristorante4stag\",\"https:\/\/www.instagram.com\/le4stagioni.ristorante\/\",\"https:\/\/www.tripadvisor.it\/Restaurant_Review-g194893-d940554-Reviews-Le_Quattro_Stagioni_d_Italia-Saluzzo_Province_of_Cuneo_Piedmont.html\"]}]}<\/script>\n<!-- \/ Yoast SEO plugin. -->","yoast_head_json":{"title":"Cuisine inclusive - Ristorante Le 4 Stagioni di Casa Sassone","robots":{"index":"index","follow":"follow","max-snippet":"max-snippet:-1","max-image-preview":"max-image-preview:large","max-video-preview":"max-video-preview:-1"},"canonical":"https:\/\/ristorantele4stagioni.com\/fr\/cucina-inclusiva\/","og_locale":"fr_FR","og_type":"article","og_title":"Cuisine inclusive - Ristorante Le 4 Stagioni di Casa Sassone","og_description":"Cuisine Inclusive Il est souvent difficile de trouver un restaurant capable de satisfaire les besoins de chacun. Nous pensons aux d\u00e9jeuners et aux d\u00eeners o\u00f9 se trouvent ceux qui ont des probl\u00e8mes alimentaires, des allergies ou des besoins culturels qui m\u00e8nent dans des directions diff\u00e9rentes. Au Le Quattro Stagioni, l\u2019inclusivit\u00e9 va de pair avec l\u2019hospitalit\u00e9. [&hellip;]","og_url":"https:\/\/ristorantele4stagioni.com\/fr\/cucina-inclusiva\/","og_site_name":"Ristorante Le 4 Stagioni di Casa Sassone","article_publisher":"https:\/\/www.facebook.com\/ristorantele4stagioni","article_modified_time":"2024-08-19T13:06:18+00:00","og_image":[{"url":"https:\/\/4stagioni.sviluppo.host\/wp-content\/uploads\/2024\/04\/vegan-icon-bio-ecology-organic-1.png","type":"","width":"","height":""}],"twitter_card":"summary_large_image","twitter_site":"@ristorante4stag","twitter_misc":{"Est. reading time":"2 minutes"},"schema":{"@context":"https:\/\/schema.org","@graph":[{"@type":"WebPage","@id":"https:\/\/ristorantele4stagioni.com\/fr\/cucina-inclusiva\/","url":"https:\/\/ristorantele4stagioni.com\/fr\/cucina-inclusiva\/","name":"Cuisine inclusive - Ristorante Le 4 Stagioni di Casa Sassone","isPartOf":{"@id":"https:\/\/ristorantele4stagioni.com\/#website"},"primaryImageOfPage":{"@id":"https:\/\/ristorantele4stagioni.com\/fr\/cucina-inclusiva\/#primaryimage"},"image":{"@id":"https:\/\/ristorantele4stagioni.com\/fr\/cucina-inclusiva\/#primaryimage"},"thumbnailUrl":"https:\/\/4stagioni.sviluppo.host\/wp-content\/uploads\/2024\/04\/vegan-icon-bio-ecology-organic-1.png","datePublished":"2024-04-21T13:33:27+00:00","dateModified":"2024-08-19T13:06:18+00:00","breadcrumb":{"@id":"https:\/\/ristorantele4stagioni.com\/fr\/cucina-inclusiva\/#breadcrumb"},"inLanguage":"fr-FR","potentialAction":[{"@type":"ReadAction","target":["https:\/\/ristorantele4stagioni.com\/fr\/cucina-inclusiva\/"]}]},{"@type":"ImageObject","inLanguage":"fr-FR","@id":"https:\/\/ristorantele4stagioni.com\/fr\/cucina-inclusiva\/#primaryimage","url":"https:\/\/4stagioni.sviluppo.host\/wp-content\/uploads\/2024\/04\/vegan-icon-bio-ecology-organic-1.png","contentUrl":"https:\/\/4stagioni.sviluppo.host\/wp-content\/uploads\/2024\/04\/vegan-icon-bio-ecology-organic-1.png"},{"@type":"BreadcrumbList","@id":"https:\/\/ristorantele4stagioni.com\/fr\/cucina-inclusiva\/#breadcrumb","itemListElement":[{"@type":"ListItem","position":1,"name":"Home","item":"https:\/\/ristorantele4stagioni.com\/fr\/home-2\/"},{"@type":"ListItem","position":2,"name":"Cuisine inclusive"}]},{"@type":"WebSite","@id":"https:\/\/ristorantele4stagioni.com\/#website","url":"https:\/\/ristorantele4stagioni.com\/","name":"Ristorante Le 4 Stagioni di Casa Sassone e Charcuterie a Saluzzo","description":"Nel cuore del centro storico di Saluzzo, capitale del Marchesato","publisher":{"@id":"https:\/\/ristorantele4stagioni.com\/#organization"},"potentialAction":[{"@type":"SearchAction","target":{"@type":"EntryPoint","urlTemplate":"https:\/\/ristorantele4stagioni.com\/?s={search_term_string}"},"query-input":{"@type":"PropertyValueSpecification","valueRequired":true,"valueName":"search_term_string"}}],"inLanguage":"fr-FR"},{"@type":"Organization","@id":"https:\/\/ristorantele4stagioni.com\/#organization","name":"Ristorante Le 4 Stagioni di Casa Sassone","url":"https:\/\/ristorantele4stagioni.com\/","logo":{"@type":"ImageObject","inLanguage":"fr-FR","@id":"https:\/\/ristorantele4stagioni.com\/#\/schema\/logo\/image\/","url":"https:\/\/ristorantele4stagioni.com\/wp-content\/uploads\/2024\/11\/logo-ristorante4stagioni-bagliore.png","contentUrl":"https:\/\/ristorantele4stagioni.com\/wp-content\/uploads\/2024\/11\/logo-ristorante4stagioni-bagliore.png","width":800,"height":610,"caption":"Ristorante Le 4 Stagioni di Casa Sassone"},"image":{"@id":"https:\/\/ristorantele4stagioni.com\/#\/schema\/logo\/image\/"},"sameAs":["https:\/\/www.facebook.com\/ristorantele4stagioni","https:\/\/x.com\/ristorante4stag","https:\/\/www.instagram.com\/le4stagioni.ristorante\/","https:\/\/www.tripadvisor.it\/Restaurant_Review-g194893-d940554-Reviews-Le_Quattro_Stagioni_d_Italia-Saluzzo_Province_of_Cuneo_Piedmont.html"]}]}},"_links":{"self":[{"href":"https:\/\/ristorantele4stagioni.com\/fr\/wp-json\/wp\/v2\/pages\/1971","targetHints":{"allow":["GET"]}}],"collection":[{"href":"https:\/\/ristorantele4stagioni.com\/fr\/wp-json\/wp\/v2\/pages"}],"about":[{"href":"https:\/\/ristorantele4stagioni.com\/fr\/wp-json\/wp\/v2\/types\/page"}],"author":[{"embeddable":true,"href":"https:\/\/ristorantele4stagioni.com\/fr\/wp-json\/wp\/v2\/users\/1"}],"replies":[{"embeddable":true,"href":"https:\/\/ristorantele4stagioni.com\/fr\/wp-json\/wp\/v2\/comments?post=1971"}],"version-history":[{"count":8,"href":"https:\/\/ristorantele4stagioni.com\/fr\/wp-json\/wp\/v2\/pages\/1971\/revisions"}],"predecessor-version":[{"id":2139,"href":"https:\/\/ristorantele4stagioni.com\/fr\/wp-json\/wp\/v2\/pages\/1971\/revisions\/2139"}],"wp:attachment":[{"href":"https:\/\/ristorantele4stagioni.com\/fr\/wp-json\/wp\/v2\/media?parent=1971"}],"curies":[{"name":"wp","href":"https:\/\/api.w.org\/{rel}","templated":true}]}}