{"id":1974,"date":"2024-04-20T17:31:30","date_gmt":"2024-04-20T15:31:30","guid":{"rendered":"https:\/\/ristorantele4stagioni.com\/location\/"},"modified":"2024-08-09T17:20:11","modified_gmt":"2024-08-09T15:20:11","slug":"emplacement","status":"publish","type":"page","link":"https:\/\/ristorantele4stagioni.com\/fr\/emplacement\/","title":{"rendered":"Emplacement"},"content":{"rendered":"<h1>Emplacement<\/h1>\n<div>\n<p>Le restaurant dans son ensemble est divis\u00e9 en <strong>trois niveaux<\/strong>. <strong>L&#8217;entr\u00e9e<\/strong> situ\u00e9e au niveau des portiques sombres de la via Volta donne acc\u00e8s \u00e0 la premi\u00e8re grande salle, dont l&#8217;espace est marqu\u00e9 par un jeu de colonnes et d&#8217;arches &#8211; un jeu habile qui guide le regard vers la <strong>cuisine ouverte<\/strong>, le c\u0153ur battant du lieu. Quelques pas vous s\u00e9parent \u00e0 ce stade de la <strong>terrasse et du jardin d&#8217;herbes aromatiques<\/strong> d&#8217;un c\u00f4t\u00e9, et des <strong>caves<\/strong> de l&#8217;autre. Enfin, un <strong>espace isol\u00e9 et exclusif<\/strong> que nous r\u00e9servons pour toutes sortes d&#8217;\u00e9v\u00e9nements : <strong>d\u00e9jeuners d&#8217;affaires, d\u00e9gustations, ap\u00e9ritifs, d\u00e9jeuners et d\u00eeners<\/strong>.<\/p>\n<\/div>\n<p><img decoding=\"async\" src=\"\/wp-content\/uploads\/2024\/04\/ristorante-saluzzo-sale-interne-01.webp\" alt=\"\"><\/p>\n<h2>SALLES INT\u00c9RIEURES<\/h2>\n<div>\n<p>Chaque occasion, chaque \u00e9v\u00e9nement a besoin de l&#8217;emplacement id\u00e9al. Aux Le Quattro Stagioni, vous trouverez ce que vous cherchez : la grande salle pour les d\u00eeners en famille ou d&#8217;affaires, ou les salles plus petites avec une allure plus r\u00e9serv\u00e9e, parfaites pour garantir l&#8217;intimit\u00e9 d&#8217;un d\u00eener pour deux. Au fil des ans, notre lieu s&#8217;est enrichi d&#8217;un \u00e9clairage plus chaleureux et moderne, s&#8217;est concentr\u00e9 sur une organisation efficace et fonctionnelle des espaces et a renforc\u00e9 notre vision d&#8217;int\u00e9grer l&#8217;exp\u00e9rience culinaire avec des \u00e9l\u00e9ments d&#8217;art et de design.<\/p>\n<\/div>\n<p><img decoding=\"async\" src=\"\/wp-content\/uploads\/2024\/04\/terrazza-02.jpeg\" alt=\"\"><\/p>\n<h2>TERRASSE<\/h2>\n<div>\n<p>Parfaite pour les soir\u00e9es d&#8217;\u00e9t\u00e9, notre terrasse est ouverte \u00e0 partir du mois de mai. Install\u00e9e entre les murs anciens de la ville, elle porte en elle le silence et les traces de l&#8217;histoire, valoris\u00e9e par un \u00e9clairage ad hoc et la pr\u00e9sence de plantes de toutes sortes. Vous pourrez manger parmi les oliviers, les citronniers et un petit jardin d&#8217;herbes aromatiques, dans une explosion de senteurs m\u00e9diterran\u00e9ennes. La grande taille garantit confort et intimit\u00e9 \u00e0 tous les invit\u00e9s qui souhaitent la choisir pour des d\u00eeners ou des \u00e9v\u00e9nements.<\/p>\n<\/div>\n<p><img decoding=\"async\" src=\"\/wp-content\/uploads\/2024\/04\/ristorante-location-orto-delle-erbe.jpg\" alt=\"\"><\/p>\n<h2>JARDIN D&#8217;HERBES AROMATIQUES<\/h2>\n<div>\n<p>Hymne aux saveurs et aux parfums de notre territoire et de notre p\u00e9ninsule, notre jardin d&#8217;origan, de thym, de marjolaine, de persil de Saint-Pierre, de laurier, de mauve et de rue r\u00e9chauffe la terrasse estivale avec ses diff\u00e9rentes nuances de vert, apportant des saveurs distinctes et intenses \u00e0 chaque plat, capables d&#8217;\u00e9voquer des sensations agr\u00e9ables et des souvenirs.<\/p>\n<\/div>\n<p><img decoding=\"async\" src=\"\/wp-content\/uploads\/2024\/04\/ristorante-saluzzo-cantina.webp\" alt=\"\"><\/p>\n<h2>Cave<\/h2>\n<div>\n<p><strong>Cave secr\u00e8te<\/strong> &#8220;convivialit\u00e9 comme autrefois&#8221;<\/p>\n<p>Au c\u0153ur de Casa Sassone, nous offrons un lieu exclusif o\u00f9 la chaleur du bois et le charme de la pierre cr\u00e9ent l&#8217;atmosph\u00e8re parfaite pour savourer chaque pr\u00e9paration, chaque verre de vin. Un retour dans le temps pour une exp\u00e9rience de silence et d&#8217;intimit\u00e9.<\/p>\n<p><strong>Pour 8 \u00e0 12 personnes, disponible sur r\u00e9servation uniquement.<\/strong><\/p>\n<p>Frais de couverture : 7 euros.<\/p>\n<\/div>\n<p><img decoding=\"async\" src=\"\/wp-content\/uploads\/2024\/04\/ristorante-saluzzo-caveau.webp\" alt=\"\"><\/p>\n<h2>Caveau<\/h2>\n<div>\n<p>Caveau\u00a0 \u201c<em>Convivialit\u00e9 \u00e0 l&#8217;\u00e9poque moderne\u201d<\/em><\/p>\n<p>Un espace o\u00f9 l&#8217;ancien et le moderne trouvent un \u00e9quilibre parfait. La pierre et les briques apparentes rencontrent le design de l&#8217;am\u00e9nagement et du mobilier pour cr\u00e9er un lieu intemporel et in\u00e9galable. Pour toutes ces occasions o\u00f9 l&#8217;\u00e9l\u00e9gance et l&#8217;intimit\u00e9 sont indispensables.<\/p>\n<p><strong>Pour 8 personnes, disponible sur r\u00e9servation uniquement.<\/strong><\/p>\n<p>Frais de couverture : 9 euros.<\/p>\n<\/p>\n<\/div>\n<p><!--more--><br \/>\n<!-- {\"type\":\"layout\",\"children\":[{\"type\":\"section\",\"props\":{\"image_position\":\"center-center\",\"style\":\"default\",\"title_breakpoint\":\"xl\",\"title_position\":\"top-left\",\"title_rotation\":\"left\",\"vertical_align\":\"\",\"width\":\"default\"},\"children\":[{\"type\":\"row\",\"children\":[{\"type\":\"column\",\"props\":{\"image_position\":\"center-center\",\"position_sticky_breakpoint\":\"m\"},\"children\":[{\"type\":\"headline\",\"props\":{\"content\":\"Emplacement\",\"text_align\":\"center\",\"title_element\":\"h1\",\"title_style\":\"h1\"}},{\"type\":\"text\",\"props\":{\"column_breakpoint\":\"m\",\"content\":\"\n\n<p>Le restaurant dans son ensemble est divis\\u00e9 en <strong>trois niveaux<\\\/strong>. <strong>L'entr\\u00e9e<\\\/strong> situ\\u00e9e au niveau des portiques sombres de la via Volta donne acc\\u00e8s \\u00e0 la premi\\u00e8re grande salle, dont l'espace est marqu\\u00e9 par un jeu de colonnes et d'arches - un jeu habile qui guide le regard vers la <strong>cuisine ouverte<\\\/strong>, le c\\u0153ur battant du lieu. Quelques pas vous s\\u00e9parent \\u00e0 ce stade de la <strong>terrasse et du jardin d'herbes aromatiques<\\\/strong> d'un c\\u00f4t\\u00e9, et des <strong>caves<\\\/strong> de l'autre. Enfin, un <strong>espace isol\\u00e9 et exclusif<\\\/strong> que nous r\\u00e9servons pour toutes sortes d'\\u00e9v\\u00e9nements : <strong>d\\u00e9jeuners d'affaires, d\\u00e9gustations, ap\\u00e9ritifs, d\\u00e9jeuners et d\\u00eeners<\\\/strong>.<\\\/p>\",\"margin\":\"medium\",\"text_align\":\"left\"}}]}]}]},{\"name\":\"valori home\",\"type\":\"section\",\"props\":{\"animation\":\"fade\",\"animation_delay\":false,\"image\":\"wp-content\\\/uploads\\\/yootheme\\\/home-restaurant-bg.svg\",\"image_position\":\"bottom-right\",\"padding\":\"large\",\"padding_remove_top\":true,\"style\":\"default\",\"title_breakpoint\":\"xl\",\"title_position\":\"top-left\",\"title_rotation\":\"left\",\"vertical_align\":\"\",\"width\":\"expand\"},\"children\":[{\"type\":\"row\",\"props\":{\"layout\":\"1-2,1-2\",\"parallax\":true,\"row_gap\":\"medium\",\"width\":\"expand\"},\"children\":[{\"type\":\"column\",\"props\":{\"image_position\":\"center-center\",\"position_sticky_breakpoint\":\"m\",\"width_medium\":\"1-2\"},\"children\":[{\"type\":\"image\",\"props\":{\"image\":\"wp-content\\\/uploads\\\/2024\\\/04\\\/ristorante-saluzzo-sale-interne-01.webp\",\"image_svg_color\":\"emphasis\",\"margin\":\"remove-vertical\"}}]},{\"type\":\"column\",\"props\":{\"image_position\":\"center-center\",\"position_sticky_breakpoint\":\"m\",\"prevent_collapse\":false,\"width_medium\":\"1-2\"},\"children\":[{\"type\":\"headline\",\"props\":{\"content\":\"SALLES INT\\u00c9RIEURES\",\"title_element\":\"h2\",\"title_style\":\"h2\"}},{\"type\":\"text\",\"props\":{\"column_breakpoint\":\"m\",\"content\":\"\n\n<p>Chaque occasion, chaque \\u00e9v\\u00e9nement a besoin de l'emplacement id\\u00e9al. Aux Le Quattro Stagioni, vous trouverez ce que vous cherchez : la grande salle pour les d\\u00eeners en famille ou d'affaires, ou les salles plus petites avec une allure plus r\\u00e9serv\\u00e9e, parfaites pour garantir l'intimit\\u00e9 d'un d\\u00eener pour deux. Au fil des ans, notre lieu s'est enrichi d'un \\u00e9clairage plus chaleureux et moderne, s'est concentr\\u00e9 sur une organisation efficace et fonctionnelle des espaces et a renforc\\u00e9 notre vision d'int\\u00e9grer l'exp\\u00e9rience culinaire avec des \\u00e9l\\u00e9ments d'art et de design.<\\\/p>\",\"margin\":\"medium\",\"text_align\":\"left\"}}]}]},{\"type\":\"row\",\"props\":{\"layout\":\"1-2,1-2\",\"parallax\":true,\"row_gap\":\"medium\",\"width\":\"expand\"},\"children\":[{\"type\":\"column\",\"props\":{\"image_position\":\"center-center\",\"position_sticky_breakpoint\":\"m\",\"width_medium\":\"1-2\"},\"children\":[{\"type\":\"image\",\"props\":{\"image\":\"wp-content\\\/uploads\\\/2024\\\/04\\\/terrazza-02.jpeg\",\"image_svg_color\":\"emphasis\",\"margin\":\"remove-vertical\"}}]},{\"type\":\"column\",\"props\":{\"image_position\":\"center-center\",\"order_first\":\"m\",\"position_sticky_breakpoint\":\"m\",\"prevent_collapse\":false,\"width_medium\":\"1-2\"},\"children\":[{\"type\":\"headline\",\"props\":{\"content\":\"TERRASSE\",\"title_element\":\"h2\",\"title_style\":\"h2\"}},{\"type\":\"text\",\"props\":{\"column_breakpoint\":\"m\",\"content\":\"\n\n<p>Parfaite pour les soir\\u00e9es d'\\u00e9t\\u00e9, notre terrasse est ouverte \\u00e0 partir du mois de mai. Install\\u00e9e entre les murs anciens de la ville, elle porte en elle le silence et les traces de l'histoire, valoris\\u00e9e par un \\u00e9clairage ad hoc et la pr\\u00e9sence de plantes de toutes sortes. Vous pourrez manger parmi les oliviers, les citronniers et un petit jardin d'herbes aromatiques, dans une explosion de senteurs m\\u00e9diterran\\u00e9ennes. La grande taille garantit confort et intimit\\u00e9 \\u00e0 tous les invit\\u00e9s qui souhaitent la choisir pour des d\\u00eeners ou des \\u00e9v\\u00e9nements.<\\\/p>\",\"margin\":\"medium\",\"text_align\":\"left\"}}]}]},{\"type\":\"row\",\"props\":{\"layout\":\"1-2,1-2\",\"parallax\":true,\"row_gap\":\"medium\",\"width\":\"expand\"},\"children\":[{\"type\":\"column\",\"props\":{\"image_position\":\"center-center\",\"position_sticky_breakpoint\":\"m\",\"width_medium\":\"1-2\"},\"children\":[{\"type\":\"image\",\"props\":{\"image\":\"wp-content\\\/uploads\\\/2024\\\/04\\\/ristorante-location-orto-delle-erbe.jpg\",\"image_svg_color\":\"emphasis\",\"margin\":\"remove-vertical\"}}]},{\"type\":\"column\",\"props\":{\"image_position\":\"center-center\",\"position_sticky_breakpoint\":\"m\",\"prevent_collapse\":false,\"width_medium\":\"1-2\"},\"children\":[{\"type\":\"headline\",\"props\":{\"content\":\"JARDIN D'HERBES AROMATIQUES\",\"title_element\":\"h2\",\"title_style\":\"h2\"}},{\"type\":\"text\",\"props\":{\"column_breakpoint\":\"m\",\"content\":\"\n\n<p>Hymne aux saveurs et aux parfums de notre territoire et de notre p\\u00e9ninsule, notre jardin d'origan, de thym, de marjolaine, de persil de Saint-Pierre, de laurier, de mauve et de rue r\\u00e9chauffe la terrasse estivale avec ses diff\\u00e9rentes nuances de vert, apportant des saveurs distinctes et intenses \\u00e0 chaque plat, capables d'\\u00e9voquer des sensations agr\\u00e9ables et des souvenirs.<\\\/p>\",\"margin\":\"medium\",\"text_align\":\"left\"}}]}]},{\"type\":\"row\",\"props\":{\"layout\":\"1-2,1-2\",\"parallax\":true,\"row_gap\":\"medium\",\"width\":\"expand\"},\"children\":[{\"type\":\"column\",\"props\":{\"image_position\":\"center-center\",\"position_sticky_breakpoint\":\"m\",\"width_medium\":\"1-2\"},\"children\":[{\"type\":\"image\",\"props\":{\"image\":\"wp-content\\\/uploads\\\/2024\\\/04\\\/ristorante-saluzzo-cantina.webp\",\"image_svg_color\":\"emphasis\",\"margin\":\"remove-vertical\"}}]},{\"type\":\"column\",\"props\":{\"image_position\":\"center-center\",\"order_first\":\"m\",\"position_sticky_breakpoint\":\"m\",\"prevent_collapse\":false,\"width_medium\":\"1-2\"},\"children\":[{\"type\":\"headline\",\"props\":{\"content\":\"Cave\",\"title_element\":\"h2\",\"title_style\":\"h2\"}},{\"type\":\"text\",\"props\":{\"column_breakpoint\":\"m\",\"content\":\"\n\n<p><strong>Cave secr\\u00e8te<\\\/strong> \\\"convivialit\\u00e9 comme autrefois\\\"<\\\/p>\\n\n\n<p>Au c\\u0153ur de Casa Sassone, nous offrons un lieu exclusif o\\u00f9 la chaleur du bois et le charme de la pierre cr\\u00e9ent l'atmosph\\u00e8re parfaite pour savourer chaque pr\\u00e9paration, chaque verre de vin. Un retour dans le temps pour une exp\\u00e9rience de silence et d'intimit\\u00e9.<\\\/p>\\n\n\n<p><strong>Pour 8 \\u00e0 12 personnes, disponible sur r\\u00e9servation uniquement.<\\\/strong><\\\/p>\\n\n\n<p>Frais de couverture : 7 euros.<\\\/p>\",\"margin\":\"medium\",\"text_align\":\"left\"}}]}]},{\"type\":\"row\",\"props\":{\"layout\":\"1-2,1-2\",\"parallax\":true,\"row_gap\":\"medium\",\"width\":\"expand\"},\"children\":[{\"type\":\"column\",\"props\":{\"image_position\":\"center-center\",\"position_sticky_breakpoint\":\"m\",\"width_medium\":\"1-2\"},\"children\":[{\"type\":\"image\",\"props\":{\"image\":\"wp-content\\\/uploads\\\/2024\\\/04\\\/ristorante-saluzzo-caveau.webp\",\"image_svg_color\":\"emphasis\",\"margin\":\"remove-vertical\"}}]},{\"type\":\"column\",\"props\":{\"image_position\":\"center-center\",\"position_sticky_breakpoint\":\"m\",\"prevent_collapse\":false,\"width_medium\":\"1-2\"},\"children\":[{\"type\":\"headline\",\"props\":{\"content\":\"Caveau\",\"title_element\":\"h2\",\"title_style\":\"h2\"}},{\"type\":\"text\",\"props\":{\"column_breakpoint\":\"m\",\"content\":\"\n\n<p>Caveau\\u00a0 \\u201c<em>Convivialit\\u00e9 \\u00e0 l'\\u00e9poque moderne\\u201d<\\\/em><\\\/p>\\n\n\n<p>Un espace o\\u00f9 l'ancien et le moderne trouvent un \\u00e9quilibre parfait. La pierre et les briques apparentes rencontrent le design de l'am\\u00e9nagement et du mobilier pour cr\\u00e9er un lieu intemporel et in\\u00e9galable. Pour toutes ces occasions o\\u00f9 l'\\u00e9l\\u00e9gance et l'intimit\\u00e9 sont indispensables.<\\\/p>\\n\n\n<p><strong>Pour 8 personnes, disponible sur r\\u00e9servation uniquement.<\\\/strong><\\\/p>\\n\n\n<p>Frais de couverture : 9 euros.<\\\/p>\\n\n\n<p><\\\/p>\",\"margin\":\"medium\",\"text_align\":\"left\"}}]}]}]}],\"version\":\"4.4.7\"} --><\/p>\n","protected":false},"excerpt":{"rendered":"<p>Emplacement Le restaurant dans son ensemble est divis\u00e9 en trois niveaux. L&#8217;entr\u00e9e situ\u00e9e au niveau des portiques sombres de la via Volta donne acc\u00e8s \u00e0 la premi\u00e8re grande salle, dont l&#8217;espace est marqu\u00e9 par un jeu de colonnes et d&#8217;arches &#8211; un jeu habile qui guide le regard vers la cuisine ouverte, le c\u0153ur battant [&hellip;]<\/p>\n","protected":false},"author":1,"featured_media":0,"parent":0,"menu_order":0,"comment_status":"closed","ping_status":"closed","template":"","meta":{"_acf_changed":false,"_monsterinsights_skip_tracking":false,"_monsterinsights_sitenote_active":false,"_monsterinsights_sitenote_note":"","_monsterinsights_sitenote_category":0,"footnotes":""},"class_list":["post-1974","page","type-page","status-publish","hentry"],"acf":[],"yoast_head":"<!-- This site is optimized with the Yoast SEO plugin v27.1.1 - https:\/\/yoast.com\/product\/yoast-seo-wordpress\/ -->\n<title>Emplacement - Ristorante Le 4 Stagioni di Casa Sassone<\/title>\n<meta name=\"robots\" content=\"index, follow, max-snippet:-1, max-image-preview:large, max-video-preview:-1\" \/>\n<link rel=\"canonical\" href=\"https:\/\/ristorantele4stagioni.com\/fr\/emplacement\/\" \/>\n<meta property=\"og:locale\" content=\"fr_FR\" \/>\n<meta property=\"og:type\" content=\"article\" \/>\n<meta property=\"og:title\" content=\"Emplacement - Ristorante Le 4 Stagioni di Casa Sassone\" \/>\n<meta property=\"og:description\" content=\"Emplacement Le restaurant dans son ensemble est divis\u00e9 en trois niveaux. L&#8217;entr\u00e9e situ\u00e9e au niveau des portiques sombres de la via Volta donne acc\u00e8s \u00e0 la premi\u00e8re grande salle, dont l&#8217;espace est marqu\u00e9 par un jeu de colonnes et d&#8217;arches &#8211; un jeu habile qui guide le regard vers la cuisine ouverte, le c\u0153ur battant [&hellip;]\" \/>\n<meta property=\"og:url\" content=\"https:\/\/ristorantele4stagioni.com\/fr\/emplacement\/\" \/>\n<meta property=\"og:site_name\" content=\"Ristorante Le 4 Stagioni di Casa Sassone\" \/>\n<meta property=\"article:publisher\" content=\"https:\/\/www.facebook.com\/ristorantele4stagioni\" \/>\n<meta property=\"article:modified_time\" content=\"2024-08-09T15:20:11+00:00\" \/>\n<meta property=\"og:image\" content=\"https:\/\/ristorantele4stagioni.com\/wp-content\/uploads\/2024\/11\/logo-ristorante4stagioni-bagliore.png\" \/>\n\t<meta property=\"og:image:width\" content=\"800\" \/>\n\t<meta property=\"og:image:height\" content=\"610\" \/>\n\t<meta property=\"og:image:type\" content=\"image\/png\" \/>\n<meta name=\"twitter:card\" content=\"summary_large_image\" \/>\n<meta name=\"twitter:site\" content=\"@ristorante4stag\" \/>\n<meta name=\"twitter:label1\" content=\"Est. reading time\" \/>\n\t<meta name=\"twitter:data1\" content=\"3 minutes\" \/>\n<script type=\"application\/ld+json\" class=\"yoast-schema-graph\">{\"@context\":\"https:\/\/schema.org\",\"@graph\":[{\"@type\":\"WebPage\",\"@id\":\"https:\/\/ristorantele4stagioni.com\/fr\/emplacement\/\",\"url\":\"https:\/\/ristorantele4stagioni.com\/fr\/emplacement\/\",\"name\":\"Emplacement - Ristorante Le 4 Stagioni di Casa Sassone\",\"isPartOf\":{\"@id\":\"https:\/\/ristorantele4stagioni.com\/#website\"},\"datePublished\":\"2024-04-20T15:31:30+00:00\",\"dateModified\":\"2024-08-09T15:20:11+00:00\",\"breadcrumb\":{\"@id\":\"https:\/\/ristorantele4stagioni.com\/fr\/emplacement\/#breadcrumb\"},\"inLanguage\":\"fr-FR\",\"potentialAction\":[{\"@type\":\"ReadAction\",\"target\":[\"https:\/\/ristorantele4stagioni.com\/fr\/emplacement\/\"]}]},{\"@type\":\"BreadcrumbList\",\"@id\":\"https:\/\/ristorantele4stagioni.com\/fr\/emplacement\/#breadcrumb\",\"itemListElement\":[{\"@type\":\"ListItem\",\"position\":1,\"name\":\"Home\",\"item\":\"https:\/\/ristorantele4stagioni.com\/fr\/home-2\/\"},{\"@type\":\"ListItem\",\"position\":2,\"name\":\"Emplacement\"}]},{\"@type\":\"WebSite\",\"@id\":\"https:\/\/ristorantele4stagioni.com\/#website\",\"url\":\"https:\/\/ristorantele4stagioni.com\/\",\"name\":\"Ristorante Le 4 Stagioni di Casa Sassone e Charcuterie a Saluzzo\",\"description\":\"Nel cuore del centro storico di Saluzzo, capitale del Marchesato\",\"publisher\":{\"@id\":\"https:\/\/ristorantele4stagioni.com\/#organization\"},\"potentialAction\":[{\"@type\":\"SearchAction\",\"target\":{\"@type\":\"EntryPoint\",\"urlTemplate\":\"https:\/\/ristorantele4stagioni.com\/?s={search_term_string}\"},\"query-input\":{\"@type\":\"PropertyValueSpecification\",\"valueRequired\":true,\"valueName\":\"search_term_string\"}}],\"inLanguage\":\"fr-FR\"},{\"@type\":\"Organization\",\"@id\":\"https:\/\/ristorantele4stagioni.com\/#organization\",\"name\":\"Ristorante Le 4 Stagioni di Casa Sassone\",\"url\":\"https:\/\/ristorantele4stagioni.com\/\",\"logo\":{\"@type\":\"ImageObject\",\"inLanguage\":\"fr-FR\",\"@id\":\"https:\/\/ristorantele4stagioni.com\/#\/schema\/logo\/image\/\",\"url\":\"https:\/\/ristorantele4stagioni.com\/wp-content\/uploads\/2024\/11\/logo-ristorante4stagioni-bagliore.png\",\"contentUrl\":\"https:\/\/ristorantele4stagioni.com\/wp-content\/uploads\/2024\/11\/logo-ristorante4stagioni-bagliore.png\",\"width\":800,\"height\":610,\"caption\":\"Ristorante Le 4 Stagioni di Casa Sassone\"},\"image\":{\"@id\":\"https:\/\/ristorantele4stagioni.com\/#\/schema\/logo\/image\/\"},\"sameAs\":[\"https:\/\/www.facebook.com\/ristorantele4stagioni\",\"https:\/\/x.com\/ristorante4stag\",\"https:\/\/www.instagram.com\/le4stagioni.ristorante\/\",\"https:\/\/www.tripadvisor.it\/Restaurant_Review-g194893-d940554-Reviews-Le_Quattro_Stagioni_d_Italia-Saluzzo_Province_of_Cuneo_Piedmont.html\"]}]}<\/script>\n<!-- \/ Yoast SEO plugin. -->","yoast_head_json":{"title":"Emplacement - Ristorante Le 4 Stagioni di Casa Sassone","robots":{"index":"index","follow":"follow","max-snippet":"max-snippet:-1","max-image-preview":"max-image-preview:large","max-video-preview":"max-video-preview:-1"},"canonical":"https:\/\/ristorantele4stagioni.com\/fr\/emplacement\/","og_locale":"fr_FR","og_type":"article","og_title":"Emplacement - Ristorante Le 4 Stagioni di Casa Sassone","og_description":"Emplacement Le restaurant dans son ensemble est divis\u00e9 en trois niveaux. L&#8217;entr\u00e9e situ\u00e9e au niveau des portiques sombres de la via Volta donne acc\u00e8s \u00e0 la premi\u00e8re grande salle, dont l&#8217;espace est marqu\u00e9 par un jeu de colonnes et d&#8217;arches &#8211; un jeu habile qui guide le regard vers la cuisine ouverte, le c\u0153ur battant [&hellip;]","og_url":"https:\/\/ristorantele4stagioni.com\/fr\/emplacement\/","og_site_name":"Ristorante Le 4 Stagioni di Casa Sassone","article_publisher":"https:\/\/www.facebook.com\/ristorantele4stagioni","article_modified_time":"2024-08-09T15:20:11+00:00","og_image":[{"width":800,"height":610,"url":"https:\/\/ristorantele4stagioni.com\/wp-content\/uploads\/2024\/11\/logo-ristorante4stagioni-bagliore.png","type":"image\/png"}],"twitter_card":"summary_large_image","twitter_site":"@ristorante4stag","twitter_misc":{"Est. reading time":"3 minutes"},"schema":{"@context":"https:\/\/schema.org","@graph":[{"@type":"WebPage","@id":"https:\/\/ristorantele4stagioni.com\/fr\/emplacement\/","url":"https:\/\/ristorantele4stagioni.com\/fr\/emplacement\/","name":"Emplacement - Ristorante Le 4 Stagioni di Casa Sassone","isPartOf":{"@id":"https:\/\/ristorantele4stagioni.com\/#website"},"datePublished":"2024-04-20T15:31:30+00:00","dateModified":"2024-08-09T15:20:11+00:00","breadcrumb":{"@id":"https:\/\/ristorantele4stagioni.com\/fr\/emplacement\/#breadcrumb"},"inLanguage":"fr-FR","potentialAction":[{"@type":"ReadAction","target":["https:\/\/ristorantele4stagioni.com\/fr\/emplacement\/"]}]},{"@type":"BreadcrumbList","@id":"https:\/\/ristorantele4stagioni.com\/fr\/emplacement\/#breadcrumb","itemListElement":[{"@type":"ListItem","position":1,"name":"Home","item":"https:\/\/ristorantele4stagioni.com\/fr\/home-2\/"},{"@type":"ListItem","position":2,"name":"Emplacement"}]},{"@type":"WebSite","@id":"https:\/\/ristorantele4stagioni.com\/#website","url":"https:\/\/ristorantele4stagioni.com\/","name":"Ristorante Le 4 Stagioni di Casa Sassone e Charcuterie a Saluzzo","description":"Nel cuore del centro storico di Saluzzo, capitale del Marchesato","publisher":{"@id":"https:\/\/ristorantele4stagioni.com\/#organization"},"potentialAction":[{"@type":"SearchAction","target":{"@type":"EntryPoint","urlTemplate":"https:\/\/ristorantele4stagioni.com\/?s={search_term_string}"},"query-input":{"@type":"PropertyValueSpecification","valueRequired":true,"valueName":"search_term_string"}}],"inLanguage":"fr-FR"},{"@type":"Organization","@id":"https:\/\/ristorantele4stagioni.com\/#organization","name":"Ristorante Le 4 Stagioni di Casa Sassone","url":"https:\/\/ristorantele4stagioni.com\/","logo":{"@type":"ImageObject","inLanguage":"fr-FR","@id":"https:\/\/ristorantele4stagioni.com\/#\/schema\/logo\/image\/","url":"https:\/\/ristorantele4stagioni.com\/wp-content\/uploads\/2024\/11\/logo-ristorante4stagioni-bagliore.png","contentUrl":"https:\/\/ristorantele4stagioni.com\/wp-content\/uploads\/2024\/11\/logo-ristorante4stagioni-bagliore.png","width":800,"height":610,"caption":"Ristorante Le 4 Stagioni di Casa Sassone"},"image":{"@id":"https:\/\/ristorantele4stagioni.com\/#\/schema\/logo\/image\/"},"sameAs":["https:\/\/www.facebook.com\/ristorantele4stagioni","https:\/\/x.com\/ristorante4stag","https:\/\/www.instagram.com\/le4stagioni.ristorante\/","https:\/\/www.tripadvisor.it\/Restaurant_Review-g194893-d940554-Reviews-Le_Quattro_Stagioni_d_Italia-Saluzzo_Province_of_Cuneo_Piedmont.html"]}]}},"_links":{"self":[{"href":"https:\/\/ristorantele4stagioni.com\/fr\/wp-json\/wp\/v2\/pages\/1974","targetHints":{"allow":["GET"]}}],"collection":[{"href":"https:\/\/ristorantele4stagioni.com\/fr\/wp-json\/wp\/v2\/pages"}],"about":[{"href":"https:\/\/ristorantele4stagioni.com\/fr\/wp-json\/wp\/v2\/types\/page"}],"author":[{"embeddable":true,"href":"https:\/\/ristorantele4stagioni.com\/fr\/wp-json\/wp\/v2\/users\/1"}],"replies":[{"embeddable":true,"href":"https:\/\/ristorantele4stagioni.com\/fr\/wp-json\/wp\/v2\/comments?post=1974"}],"version-history":[{"count":6,"href":"https:\/\/ristorantele4stagioni.com\/fr\/wp-json\/wp\/v2\/pages\/1974\/revisions"}],"predecessor-version":[{"id":1981,"href":"https:\/\/ristorantele4stagioni.com\/fr\/wp-json\/wp\/v2\/pages\/1974\/revisions\/1981"}],"wp:attachment":[{"href":"https:\/\/ristorantele4stagioni.com\/fr\/wp-json\/wp\/v2\/media?parent=1974"}],"curies":[{"name":"wp","href":"https:\/\/api.w.org\/{rel}","templated":true}]}}