{"id":1984,"date":"2024-04-20T17:41:09","date_gmt":"2024-04-20T15:41:09","guid":{"rendered":"https:\/\/ristorantele4stagioni.com\/cucina\/"},"modified":"2024-08-09T17:37:57","modified_gmt":"2024-08-09T15:37:57","slug":"cuisine","status":"publish","type":"page","link":"https:\/\/ristorantele4stagioni.com\/fr\/cuisine\/","title":{"rendered":"Cuisine"},"content":{"rendered":"<h1>Cuisine<\/h1>\n<p><img decoding=\"async\" src=\"\/wp-content\/uploads\/2024\/04\/cucina-ristorante-saluzzo-le4stagioni.jpg\" alt=\"\"><\/p>\n<div>\n<p><strong>C&#8217;est le c\u0153ur de chaque restaurant<\/strong> et nous avons pens\u00e9 \u00e0 le rendre visible et accessible. <strong>Spacieuse et lumineuse<\/strong>, avec une grande ouverture sur la salle principale, elle <strong>refl\u00e8te notre d\u00e9sir<\/strong> de briser les barri\u00e8res entre nous et vous, entre le chef et le convive, et de cr\u00e9er une v\u00e9ritable vitrine pour les professionnels du secteur.<\/p>\n<\/div>\n<p><img decoding=\"async\" src=\"\/wp-content\/uploads\/2024\/04\/caveau-ristorante-saluzzo-le4stagioni.jpg\" alt=\"\"><\/p>\n<div>\n<p>En la concevant, <strong>nous avons \u00e9galement pens\u00e9 \u00e0 nos employ\u00e9s<\/strong> et pour eux, nous avons con\u00e7u des espaces grands et confortables, divis\u00e9s en fonction de leurs pr\u00e9parations, et \u00e9quip\u00e9s des meilleures technologies.<\/p>\n<p>Ces espaces vous accueilleront pour pr\u00e9parer des recettes ensemble, ou simplement pour suivre nos pr\u00e9parations en d\u00e9tail.<\/p>\n<\/div>\n<p><!--more--><br \/>\n<!-- {\"type\":\"layout\",\"children\":[{\"type\":\"section\",\"props\":{\"image_position\":\"center-center\",\"style\":\"default\",\"title_breakpoint\":\"xl\",\"title_position\":\"top-left\",\"title_rotation\":\"left\",\"vertical_align\":\"\",\"width\":\"default\"},\"children\":[{\"type\":\"row\",\"children\":[{\"type\":\"column\",\"props\":{\"image_position\":\"center-center\",\"position_sticky_breakpoint\":\"m\"},\"children\":[{\"type\":\"headline\",\"props\":{\"content\":\"Cuisine\",\"text_align\":\"center\",\"title_element\":\"h1\",\"title_style\":\"h1\"}}]}]}]},{\"name\":\"valori home\",\"type\":\"section\",\"props\":{\"animation\":\"fade\",\"animation_delay\":false,\"image\":\"wp-content\\\/uploads\\\/yootheme\\\/home-restaurant-bg.svg\",\"image_position\":\"bottom-right\",\"padding\":\"large\",\"padding_remove_top\":true,\"style\":\"default\",\"title_breakpoint\":\"xl\",\"title_position\":\"top-left\",\"title_rotation\":\"left\",\"vertical_align\":\"\",\"width\":\"expand\"},\"children\":[{\"type\":\"row\",\"props\":{\"layout\":\"1-2,1-2\",\"parallax\":true,\"row_gap\":\"medium\",\"width\":\"expand\"},\"children\":[{\"type\":\"column\",\"props\":{\"image_position\":\"center-center\",\"position_sticky_breakpoint\":\"m\",\"width_medium\":\"1-2\"},\"children\":[{\"type\":\"image\",\"props\":{\"image\":\"wp-content\\\/uploads\\\/2024\\\/04\\\/cucina-ristorante-saluzzo-le4stagioni.jpg\",\"image_svg_color\":\"emphasis\",\"margin\":\"remove-vertical\"}}]},{\"type\":\"column\",\"props\":{\"image_position\":\"center-center\",\"position_sticky_breakpoint\":\"m\",\"prevent_collapse\":false,\"width_medium\":\"1-2\"},\"children\":[{\"type\":\"text\",\"props\":{\"column_breakpoint\":\"m\",\"content\":\"\n\n<p><strong>C'est le c\\u0153ur de chaque restaurant<\\\/strong> et nous avons pens\\u00e9 \\u00e0 le rendre visible et accessible. <strong>Spacieuse et lumineuse<\\\/strong>, avec une grande ouverture sur la salle principale, elle <strong>refl\\u00e8te notre d\\u00e9sir<\\\/strong> de briser les barri\\u00e8res entre nous et vous, entre le chef et le convive, et de cr\\u00e9er une v\\u00e9ritable vitrine pour les professionnels du secteur.<\\\/p>\",\"margin\":\"medium\",\"text_align\":\"left\"}}]}]},{\"type\":\"row\",\"props\":{\"layout\":\"1-2,1-2\",\"parallax\":true,\"row_gap\":\"medium\",\"width\":\"expand\"},\"children\":[{\"type\":\"column\",\"props\":{\"image_position\":\"center-center\",\"position_sticky_breakpoint\":\"m\",\"width_medium\":\"1-2\"},\"children\":[{\"type\":\"image\",\"props\":{\"image\":\"wp-content\\\/uploads\\\/2024\\\/04\\\/caveau-ristorante-saluzzo-le4stagioni.jpg\",\"image_svg_color\":\"emphasis\",\"margin\":\"remove-vertical\"}}]},{\"type\":\"column\",\"props\":{\"image_position\":\"center-center\",\"order_first\":\"m\",\"position_sticky_breakpoint\":\"m\",\"prevent_collapse\":false,\"width_medium\":\"1-2\"},\"children\":[{\"type\":\"text\",\"props\":{\"column_breakpoint\":\"m\",\"content\":\"\n\n<p>En la concevant, <strong>nous avons \\u00e9galement pens\\u00e9 \\u00e0 nos employ\\u00e9s<\\\/strong> et pour eux, nous avons con\\u00e7u des espaces grands et confortables, divis\\u00e9s en fonction de leurs pr\\u00e9parations, et \\u00e9quip\\u00e9s des meilleures technologies.<\\\/p>\\n\n\n<p>Ces espaces vous accueilleront pour pr\\u00e9parer des recettes ensemble, ou simplement pour suivre nos pr\\u00e9parations en d\\u00e9tail.<\\\/p>\",\"margin\":\"medium\",\"text_align\":\"left\"}}]}]}]}],\"version\":\"4.4.7\"} --><\/p>\n","protected":false},"excerpt":{"rendered":"<p>Cuisine C&#8217;est le c\u0153ur de chaque restaurant et nous avons pens\u00e9 \u00e0 le rendre visible et accessible. Spacieuse et lumineuse, avec une grande ouverture sur la salle principale, elle refl\u00e8te notre d\u00e9sir de briser les barri\u00e8res entre nous et vous, entre le chef et le convive, et de cr\u00e9er une v\u00e9ritable vitrine pour les professionnels [&hellip;]<\/p>\n","protected":false},"author":1,"featured_media":0,"parent":0,"menu_order":0,"comment_status":"closed","ping_status":"closed","template":"","meta":{"_acf_changed":false,"_monsterinsights_skip_tracking":false,"_monsterinsights_sitenote_active":false,"_monsterinsights_sitenote_note":"","_monsterinsights_sitenote_category":0,"footnotes":""},"class_list":["post-1984","page","type-page","status-publish","hentry"],"acf":[],"yoast_head":"<!-- This site is optimized with the Yoast SEO plugin v27.1.1 - https:\/\/yoast.com\/product\/yoast-seo-wordpress\/ -->\n<title>Cuisine - Ristorante Le 4 Stagioni di Casa Sassone<\/title>\n<meta name=\"robots\" content=\"index, follow, max-snippet:-1, max-image-preview:large, max-video-preview:-1\" \/>\n<link rel=\"canonical\" href=\"https:\/\/ristorantele4stagioni.com\/fr\/cuisine\/\" \/>\n<meta property=\"og:locale\" content=\"fr_FR\" \/>\n<meta property=\"og:type\" content=\"article\" \/>\n<meta property=\"og:title\" content=\"Cuisine - Ristorante Le 4 Stagioni di Casa Sassone\" \/>\n<meta property=\"og:description\" content=\"Cuisine C&#8217;est le c\u0153ur de chaque restaurant et nous avons pens\u00e9 \u00e0 le rendre visible et accessible. Spacieuse et lumineuse, avec une grande ouverture sur la salle principale, elle refl\u00e8te notre d\u00e9sir de briser les barri\u00e8res entre nous et vous, entre le chef et le convive, et de cr\u00e9er une v\u00e9ritable vitrine pour les professionnels [&hellip;]\" \/>\n<meta property=\"og:url\" content=\"https:\/\/ristorantele4stagioni.com\/fr\/cuisine\/\" \/>\n<meta property=\"og:site_name\" content=\"Ristorante Le 4 Stagioni di Casa Sassone\" \/>\n<meta property=\"article:publisher\" content=\"https:\/\/www.facebook.com\/ristorantele4stagioni\" \/>\n<meta property=\"article:modified_time\" content=\"2024-08-09T15:37:57+00:00\" \/>\n<meta property=\"og:image\" content=\"https:\/\/ristorantele4stagioni.com\/wp-content\/uploads\/2024\/11\/logo-ristorante4stagioni-bagliore.png\" \/>\n\t<meta property=\"og:image:width\" content=\"800\" \/>\n\t<meta property=\"og:image:height\" content=\"610\" \/>\n\t<meta property=\"og:image:type\" content=\"image\/png\" \/>\n<meta name=\"twitter:card\" content=\"summary_large_image\" \/>\n<meta name=\"twitter:site\" content=\"@ristorante4stag\" \/>\n<meta name=\"twitter:label1\" content=\"Est. reading time\" \/>\n\t<meta name=\"twitter:data1\" content=\"1 minute\" \/>\n<script type=\"application\/ld+json\" class=\"yoast-schema-graph\">{\"@context\":\"https:\/\/schema.org\",\"@graph\":[{\"@type\":\"WebPage\",\"@id\":\"https:\/\/ristorantele4stagioni.com\/fr\/cuisine\/\",\"url\":\"https:\/\/ristorantele4stagioni.com\/fr\/cuisine\/\",\"name\":\"Cuisine - Ristorante Le 4 Stagioni di Casa Sassone\",\"isPartOf\":{\"@id\":\"https:\/\/ristorantele4stagioni.com\/#website\"},\"datePublished\":\"2024-04-20T15:41:09+00:00\",\"dateModified\":\"2024-08-09T15:37:57+00:00\",\"breadcrumb\":{\"@id\":\"https:\/\/ristorantele4stagioni.com\/fr\/cuisine\/#breadcrumb\"},\"inLanguage\":\"fr-FR\",\"potentialAction\":[{\"@type\":\"ReadAction\",\"target\":[\"https:\/\/ristorantele4stagioni.com\/fr\/cuisine\/\"]}]},{\"@type\":\"BreadcrumbList\",\"@id\":\"https:\/\/ristorantele4stagioni.com\/fr\/cuisine\/#breadcrumb\",\"itemListElement\":[{\"@type\":\"ListItem\",\"position\":1,\"name\":\"Home\",\"item\":\"https:\/\/ristorantele4stagioni.com\/fr\/home-2\/\"},{\"@type\":\"ListItem\",\"position\":2,\"name\":\"Cuisine\"}]},{\"@type\":\"WebSite\",\"@id\":\"https:\/\/ristorantele4stagioni.com\/#website\",\"url\":\"https:\/\/ristorantele4stagioni.com\/\",\"name\":\"Ristorante Le 4 Stagioni di Casa Sassone e Charcuterie a Saluzzo\",\"description\":\"Nel cuore del centro storico di Saluzzo, capitale del Marchesato\",\"publisher\":{\"@id\":\"https:\/\/ristorantele4stagioni.com\/#organization\"},\"potentialAction\":[{\"@type\":\"SearchAction\",\"target\":{\"@type\":\"EntryPoint\",\"urlTemplate\":\"https:\/\/ristorantele4stagioni.com\/?s={search_term_string}\"},\"query-input\":{\"@type\":\"PropertyValueSpecification\",\"valueRequired\":true,\"valueName\":\"search_term_string\"}}],\"inLanguage\":\"fr-FR\"},{\"@type\":\"Organization\",\"@id\":\"https:\/\/ristorantele4stagioni.com\/#organization\",\"name\":\"Ristorante Le 4 Stagioni di Casa Sassone\",\"url\":\"https:\/\/ristorantele4stagioni.com\/\",\"logo\":{\"@type\":\"ImageObject\",\"inLanguage\":\"fr-FR\",\"@id\":\"https:\/\/ristorantele4stagioni.com\/#\/schema\/logo\/image\/\",\"url\":\"https:\/\/ristorantele4stagioni.com\/wp-content\/uploads\/2024\/11\/logo-ristorante4stagioni-bagliore.png\",\"contentUrl\":\"https:\/\/ristorantele4stagioni.com\/wp-content\/uploads\/2024\/11\/logo-ristorante4stagioni-bagliore.png\",\"width\":800,\"height\":610,\"caption\":\"Ristorante Le 4 Stagioni di Casa Sassone\"},\"image\":{\"@id\":\"https:\/\/ristorantele4stagioni.com\/#\/schema\/logo\/image\/\"},\"sameAs\":[\"https:\/\/www.facebook.com\/ristorantele4stagioni\",\"https:\/\/x.com\/ristorante4stag\",\"https:\/\/www.instagram.com\/le4stagioni.ristorante\/\",\"https:\/\/www.tripadvisor.it\/Restaurant_Review-g194893-d940554-Reviews-Le_Quattro_Stagioni_d_Italia-Saluzzo_Province_of_Cuneo_Piedmont.html\"]}]}<\/script>\n<!-- \/ Yoast SEO plugin. -->","yoast_head_json":{"title":"Cuisine - Ristorante Le 4 Stagioni di Casa Sassone","robots":{"index":"index","follow":"follow","max-snippet":"max-snippet:-1","max-image-preview":"max-image-preview:large","max-video-preview":"max-video-preview:-1"},"canonical":"https:\/\/ristorantele4stagioni.com\/fr\/cuisine\/","og_locale":"fr_FR","og_type":"article","og_title":"Cuisine - Ristorante Le 4 Stagioni di Casa Sassone","og_description":"Cuisine C&#8217;est le c\u0153ur de chaque restaurant et nous avons pens\u00e9 \u00e0 le rendre visible et accessible. Spacieuse et lumineuse, avec une grande ouverture sur la salle principale, elle refl\u00e8te notre d\u00e9sir de briser les barri\u00e8res entre nous et vous, entre le chef et le convive, et de cr\u00e9er une v\u00e9ritable vitrine pour les professionnels [&hellip;]","og_url":"https:\/\/ristorantele4stagioni.com\/fr\/cuisine\/","og_site_name":"Ristorante Le 4 Stagioni di Casa Sassone","article_publisher":"https:\/\/www.facebook.com\/ristorantele4stagioni","article_modified_time":"2024-08-09T15:37:57+00:00","og_image":[{"width":800,"height":610,"url":"https:\/\/ristorantele4stagioni.com\/wp-content\/uploads\/2024\/11\/logo-ristorante4stagioni-bagliore.png","type":"image\/png"}],"twitter_card":"summary_large_image","twitter_site":"@ristorante4stag","twitter_misc":{"Est. reading time":"1 minute"},"schema":{"@context":"https:\/\/schema.org","@graph":[{"@type":"WebPage","@id":"https:\/\/ristorantele4stagioni.com\/fr\/cuisine\/","url":"https:\/\/ristorantele4stagioni.com\/fr\/cuisine\/","name":"Cuisine - Ristorante Le 4 Stagioni di Casa Sassone","isPartOf":{"@id":"https:\/\/ristorantele4stagioni.com\/#website"},"datePublished":"2024-04-20T15:41:09+00:00","dateModified":"2024-08-09T15:37:57+00:00","breadcrumb":{"@id":"https:\/\/ristorantele4stagioni.com\/fr\/cuisine\/#breadcrumb"},"inLanguage":"fr-FR","potentialAction":[{"@type":"ReadAction","target":["https:\/\/ristorantele4stagioni.com\/fr\/cuisine\/"]}]},{"@type":"BreadcrumbList","@id":"https:\/\/ristorantele4stagioni.com\/fr\/cuisine\/#breadcrumb","itemListElement":[{"@type":"ListItem","position":1,"name":"Home","item":"https:\/\/ristorantele4stagioni.com\/fr\/home-2\/"},{"@type":"ListItem","position":2,"name":"Cuisine"}]},{"@type":"WebSite","@id":"https:\/\/ristorantele4stagioni.com\/#website","url":"https:\/\/ristorantele4stagioni.com\/","name":"Ristorante Le 4 Stagioni di Casa Sassone e Charcuterie a Saluzzo","description":"Nel cuore del centro storico di Saluzzo, capitale del Marchesato","publisher":{"@id":"https:\/\/ristorantele4stagioni.com\/#organization"},"potentialAction":[{"@type":"SearchAction","target":{"@type":"EntryPoint","urlTemplate":"https:\/\/ristorantele4stagioni.com\/?s={search_term_string}"},"query-input":{"@type":"PropertyValueSpecification","valueRequired":true,"valueName":"search_term_string"}}],"inLanguage":"fr-FR"},{"@type":"Organization","@id":"https:\/\/ristorantele4stagioni.com\/#organization","name":"Ristorante Le 4 Stagioni di Casa Sassone","url":"https:\/\/ristorantele4stagioni.com\/","logo":{"@type":"ImageObject","inLanguage":"fr-FR","@id":"https:\/\/ristorantele4stagioni.com\/#\/schema\/logo\/image\/","url":"https:\/\/ristorantele4stagioni.com\/wp-content\/uploads\/2024\/11\/logo-ristorante4stagioni-bagliore.png","contentUrl":"https:\/\/ristorantele4stagioni.com\/wp-content\/uploads\/2024\/11\/logo-ristorante4stagioni-bagliore.png","width":800,"height":610,"caption":"Ristorante Le 4 Stagioni di Casa Sassone"},"image":{"@id":"https:\/\/ristorantele4stagioni.com\/#\/schema\/logo\/image\/"},"sameAs":["https:\/\/www.facebook.com\/ristorantele4stagioni","https:\/\/x.com\/ristorante4stag","https:\/\/www.instagram.com\/le4stagioni.ristorante\/","https:\/\/www.tripadvisor.it\/Restaurant_Review-g194893-d940554-Reviews-Le_Quattro_Stagioni_d_Italia-Saluzzo_Province_of_Cuneo_Piedmont.html"]}]}},"_links":{"self":[{"href":"https:\/\/ristorantele4stagioni.com\/fr\/wp-json\/wp\/v2\/pages\/1984","targetHints":{"allow":["GET"]}}],"collection":[{"href":"https:\/\/ristorantele4stagioni.com\/fr\/wp-json\/wp\/v2\/pages"}],"about":[{"href":"https:\/\/ristorantele4stagioni.com\/fr\/wp-json\/wp\/v2\/types\/page"}],"author":[{"embeddable":true,"href":"https:\/\/ristorantele4stagioni.com\/fr\/wp-json\/wp\/v2\/users\/1"}],"replies":[{"embeddable":true,"href":"https:\/\/ristorantele4stagioni.com\/fr\/wp-json\/wp\/v2\/comments?post=1984"}],"version-history":[{"count":5,"href":"https:\/\/ristorantele4stagioni.com\/fr\/wp-json\/wp\/v2\/pages\/1984\/revisions"}],"predecessor-version":[{"id":1989,"href":"https:\/\/ristorantele4stagioni.com\/fr\/wp-json\/wp\/v2\/pages\/1984\/revisions\/1989"}],"wp:attachment":[{"href":"https:\/\/ristorantele4stagioni.com\/fr\/wp-json\/wp\/v2\/media?parent=1984"}],"curies":[{"name":"wp","href":"https:\/\/api.w.org\/{rel}","templated":true}]}}