{"id":1997,"date":"2024-04-20T18:02:05","date_gmt":"2024-04-20T16:02:05","guid":{"rendered":"https:\/\/ristorantele4stagioni.com\/oleoteca\/"},"modified":"2024-08-09T18:07:05","modified_gmt":"2024-08-09T16:07:05","slug":"boutique-dhuile-dolive","status":"publish","type":"page","link":"https:\/\/ristorantele4stagioni.com\/fr\/boutique-dhuile-dolive\/","title":{"rendered":"Boutique dhuile dolive"},"content":{"rendered":"<h1><span>Boutique d&#8217;huile d&#8217;olive<\/span><\/h1>\n<p><img decoding=\"async\" src=\"\/wp-content\/uploads\/2024\/04\/ristorante-saluzzo-le4stagioni-oleoteca.webp\" alt=\"\"><\/p>\n<div>\n<p>Au fil des ann\u00e9es, <strong>nous avons s\u00e9lectionn\u00e9 les meilleures huiles italiennes<\/strong> non seulement pour leurs qualit\u00e9s organoleptiques, mais aussi pour les m\u00e9thodes de culture et de production, dans une optique de proposer des produits durables \u00e0 tous points de vue sur nos tables.<\/p>\n<\/div>\n<p><img decoding=\"async\" src=\"\/wp-content\/uploads\/2024\/04\/ristorante-saluzzo-le4stagioni-oleoteca2.png\" alt=\"\"><\/p>\n<div>\n<p>Pour ce faire, nous avons parcouru toute notre p\u00e9ninsule en <strong>s\u00e9lectionnant pour chaque r\u00e9gion des huiles aux caract\u00e9ristiques organoleptiques diff\u00e9rentes<\/strong>, capables de parfaire les nombreuses pr\u00e9parations qui caract\u00e9risent notre menu : des plats de poisson aux salades v\u00e9g\u00e9taliennes, en passant par les soupes et les diff\u00e9rentes coupes de viande.<\/p>\n<\/p>\n<p>Toutes nos huiles ont donc des caract\u00e9ristiques <strong>uniques<\/strong> et sont disponibles tant pour la <strong>d\u00e9gustation<\/strong> sur place que pour <strong>l&#8217;achat<\/strong>.<\/p>\n<\/div>\n<p><!--more--><br \/>\n<!-- {\"type\":\"layout\",\"children\":[{\"type\":\"section\",\"props\":{\"image_position\":\"center-center\",\"style\":\"default\",\"title_breakpoint\":\"xl\",\"title_position\":\"top-left\",\"title_rotation\":\"left\",\"vertical_align\":\"\",\"width\":\"default\"},\"children\":[{\"type\":\"row\",\"children\":[{\"type\":\"column\",\"props\":{\"image_position\":\"center-center\",\"position_sticky_breakpoint\":\"m\"},\"children\":[{\"type\":\"headline\",\"props\":{\"content\":\"<span>Boutique d'huile d'olive<\\\/span>\",\"text_align\":\"center\",\"title_element\":\"h1\",\"title_style\":\"h1\"}}]}]}]},{\"name\":\"valori home\",\"type\":\"section\",\"props\":{\"animation\":\"fade\",\"animation_delay\":false,\"image\":\"wp-content\\\/uploads\\\/yootheme\\\/home-restaurant-bg.svg\",\"image_position\":\"bottom-right\",\"padding\":\"large\",\"padding_remove_top\":true,\"style\":\"default\",\"title_breakpoint\":\"xl\",\"title_position\":\"top-left\",\"title_rotation\":\"left\",\"vertical_align\":\"\",\"width\":\"expand\"},\"children\":[{\"type\":\"row\",\"props\":{\"layout\":\"1-2,1-2\",\"parallax\":true,\"row_gap\":\"medium\",\"width\":\"expand\"},\"children\":[{\"type\":\"column\",\"props\":{\"image_position\":\"center-center\",\"position_sticky_breakpoint\":\"m\",\"width_medium\":\"1-2\"},\"children\":[{\"type\":\"image\",\"props\":{\"image\":\"wp-content\\\/uploads\\\/2024\\\/04\\\/ristorante-saluzzo-le4stagioni-oleoteca.webp\",\"image_svg_color\":\"emphasis\",\"margin\":\"remove-vertical\"}}]},{\"type\":\"column\",\"props\":{\"image_position\":\"center-center\",\"position_sticky_breakpoint\":\"m\",\"prevent_collapse\":false,\"width_medium\":\"1-2\"},\"children\":[{\"type\":\"text\",\"props\":{\"column_breakpoint\":\"m\",\"content\":\"\n\n<p>Au fil des ann\\u00e9es, <strong>nous avons s\\u00e9lectionn\\u00e9 les meilleures huiles italiennes<\\\/strong> non seulement pour leurs qualit\\u00e9s organoleptiques, mais aussi pour les m\\u00e9thodes de culture et de production, dans une optique de proposer des produits durables \\u00e0 tous points de vue sur nos tables.<\\\/p>\",\"margin\":\"medium\",\"text_align\":\"left\"}}]}]},{\"type\":\"row\",\"props\":{\"layout\":\"1-2,1-2\",\"parallax\":true,\"row_gap\":\"medium\",\"width\":\"expand\"},\"children\":[{\"type\":\"column\",\"props\":{\"image_position\":\"center-center\",\"position_sticky_breakpoint\":\"m\",\"width_medium\":\"1-2\"},\"children\":[{\"type\":\"image\",\"props\":{\"image\":\"wp-content\\\/uploads\\\/2024\\\/04\\\/ristorante-saluzzo-le4stagioni-oleoteca2.png\",\"image_svg_color\":\"emphasis\",\"margin\":\"remove-vertical\"}}]},{\"type\":\"column\",\"props\":{\"image_position\":\"center-center\",\"order_first\":\"m\",\"position_sticky_breakpoint\":\"m\",\"prevent_collapse\":false,\"width_medium\":\"1-2\"},\"children\":[{\"type\":\"text\",\"props\":{\"column_breakpoint\":\"m\",\"content\":\"\n\n<p>Pour ce faire, nous avons parcouru toute notre p\\u00e9ninsule en <strong>s\\u00e9lectionnant pour chaque r\\u00e9gion des huiles aux caract\\u00e9ristiques organoleptiques diff\\u00e9rentes<\\\/strong>, capables de parfaire les nombreuses pr\\u00e9parations qui caract\\u00e9risent notre menu : des plats de poisson aux salades v\\u00e9g\\u00e9taliennes, en passant par les soupes et les diff\\u00e9rentes coupes de viande.<\\\/p>\\n\n\n<p><\\\/p>\\n\n\n<p>Toutes nos huiles ont donc des caract\\u00e9ristiques <strong>uniques<\\\/strong> et sont disponibles tant pour la <strong>d\\u00e9gustation<\\\/strong> sur place que pour <strong>l'achat<\\\/strong>.<\\\/p>\",\"margin\":\"medium\",\"text_align\":\"left\"}}]}]}]}],\"version\":\"4.4.7\"} --><\/p>\n","protected":false},"excerpt":{"rendered":"<p>Boutique d&#8217;huile d&#8217;olive Au fil des ann\u00e9es, nous avons s\u00e9lectionn\u00e9 les meilleures huiles italiennes non seulement pour leurs qualit\u00e9s organoleptiques, mais aussi pour les m\u00e9thodes de culture et de production, dans une optique de proposer des produits durables \u00e0 tous points de vue sur nos tables. Pour ce faire, nous avons parcouru toute notre p\u00e9ninsule [&hellip;]<\/p>\n","protected":false},"author":1,"featured_media":0,"parent":0,"menu_order":0,"comment_status":"closed","ping_status":"closed","template":"","meta":{"_acf_changed":false,"_monsterinsights_skip_tracking":false,"_monsterinsights_sitenote_active":false,"_monsterinsights_sitenote_note":"","_monsterinsights_sitenote_category":0,"footnotes":""},"class_list":["post-1997","page","type-page","status-publish","hentry"],"acf":[],"yoast_head":"<!-- This site is optimized with the Yoast SEO plugin v27.1.1 - https:\/\/yoast.com\/product\/yoast-seo-wordpress\/ -->\n<title>Boutique dhuile dolive - Ristorante Le 4 Stagioni di Casa Sassone<\/title>\n<meta name=\"robots\" content=\"index, follow, max-snippet:-1, max-image-preview:large, max-video-preview:-1\" \/>\n<link rel=\"canonical\" href=\"https:\/\/ristorantele4stagioni.com\/fr\/boutique-dhuile-dolive\/\" \/>\n<meta property=\"og:locale\" content=\"fr_FR\" \/>\n<meta property=\"og:type\" content=\"article\" \/>\n<meta property=\"og:title\" content=\"Boutique dhuile dolive - Ristorante Le 4 Stagioni di Casa Sassone\" \/>\n<meta property=\"og:description\" content=\"Boutique d&#8217;huile d&#8217;olive Au fil des ann\u00e9es, nous avons s\u00e9lectionn\u00e9 les meilleures huiles italiennes non seulement pour leurs qualit\u00e9s organoleptiques, mais aussi pour les m\u00e9thodes de culture et de production, dans une optique de proposer des produits durables \u00e0 tous points de vue sur nos tables. Pour ce faire, nous avons parcouru toute notre p\u00e9ninsule [&hellip;]\" \/>\n<meta property=\"og:url\" content=\"https:\/\/ristorantele4stagioni.com\/fr\/boutique-dhuile-dolive\/\" \/>\n<meta property=\"og:site_name\" content=\"Ristorante Le 4 Stagioni di Casa Sassone\" \/>\n<meta property=\"article:publisher\" content=\"https:\/\/www.facebook.com\/ristorantele4stagioni\" \/>\n<meta property=\"article:modified_time\" content=\"2024-08-09T16:07:05+00:00\" \/>\n<meta property=\"og:image\" content=\"https:\/\/ristorantele4stagioni.com\/wp-content\/uploads\/2024\/11\/logo-ristorante4stagioni-bagliore.png\" \/>\n\t<meta property=\"og:image:width\" content=\"800\" \/>\n\t<meta property=\"og:image:height\" content=\"610\" \/>\n\t<meta property=\"og:image:type\" content=\"image\/png\" \/>\n<meta name=\"twitter:card\" content=\"summary_large_image\" \/>\n<meta name=\"twitter:site\" content=\"@ristorante4stag\" \/>\n<meta name=\"twitter:label1\" content=\"Est. reading time\" \/>\n\t<meta name=\"twitter:data1\" content=\"1 minute\" \/>\n<script type=\"application\/ld+json\" class=\"yoast-schema-graph\">{\"@context\":\"https:\/\/schema.org\",\"@graph\":[{\"@type\":\"WebPage\",\"@id\":\"https:\/\/ristorantele4stagioni.com\/fr\/boutique-dhuile-dolive\/\",\"url\":\"https:\/\/ristorantele4stagioni.com\/fr\/boutique-dhuile-dolive\/\",\"name\":\"Boutique dhuile dolive - Ristorante Le 4 Stagioni di Casa Sassone\",\"isPartOf\":{\"@id\":\"https:\/\/ristorantele4stagioni.com\/#website\"},\"datePublished\":\"2024-04-20T16:02:05+00:00\",\"dateModified\":\"2024-08-09T16:07:05+00:00\",\"breadcrumb\":{\"@id\":\"https:\/\/ristorantele4stagioni.com\/fr\/boutique-dhuile-dolive\/#breadcrumb\"},\"inLanguage\":\"fr-FR\",\"potentialAction\":[{\"@type\":\"ReadAction\",\"target\":[\"https:\/\/ristorantele4stagioni.com\/fr\/boutique-dhuile-dolive\/\"]}]},{\"@type\":\"BreadcrumbList\",\"@id\":\"https:\/\/ristorantele4stagioni.com\/fr\/boutique-dhuile-dolive\/#breadcrumb\",\"itemListElement\":[{\"@type\":\"ListItem\",\"position\":1,\"name\":\"Home\",\"item\":\"https:\/\/ristorantele4stagioni.com\/fr\/home-2\/\"},{\"@type\":\"ListItem\",\"position\":2,\"name\":\"Boutique dhuile dolive\"}]},{\"@type\":\"WebSite\",\"@id\":\"https:\/\/ristorantele4stagioni.com\/#website\",\"url\":\"https:\/\/ristorantele4stagioni.com\/\",\"name\":\"Ristorante Le 4 Stagioni di Casa Sassone e Charcuterie a Saluzzo\",\"description\":\"Nel cuore del centro storico di Saluzzo, capitale del Marchesato\",\"publisher\":{\"@id\":\"https:\/\/ristorantele4stagioni.com\/#organization\"},\"potentialAction\":[{\"@type\":\"SearchAction\",\"target\":{\"@type\":\"EntryPoint\",\"urlTemplate\":\"https:\/\/ristorantele4stagioni.com\/?s={search_term_string}\"},\"query-input\":{\"@type\":\"PropertyValueSpecification\",\"valueRequired\":true,\"valueName\":\"search_term_string\"}}],\"inLanguage\":\"fr-FR\"},{\"@type\":\"Organization\",\"@id\":\"https:\/\/ristorantele4stagioni.com\/#organization\",\"name\":\"Ristorante Le 4 Stagioni di Casa Sassone\",\"url\":\"https:\/\/ristorantele4stagioni.com\/\",\"logo\":{\"@type\":\"ImageObject\",\"inLanguage\":\"fr-FR\",\"@id\":\"https:\/\/ristorantele4stagioni.com\/#\/schema\/logo\/image\/\",\"url\":\"https:\/\/ristorantele4stagioni.com\/wp-content\/uploads\/2024\/11\/logo-ristorante4stagioni-bagliore.png\",\"contentUrl\":\"https:\/\/ristorantele4stagioni.com\/wp-content\/uploads\/2024\/11\/logo-ristorante4stagioni-bagliore.png\",\"width\":800,\"height\":610,\"caption\":\"Ristorante Le 4 Stagioni di Casa Sassone\"},\"image\":{\"@id\":\"https:\/\/ristorantele4stagioni.com\/#\/schema\/logo\/image\/\"},\"sameAs\":[\"https:\/\/www.facebook.com\/ristorantele4stagioni\",\"https:\/\/x.com\/ristorante4stag\",\"https:\/\/www.instagram.com\/le4stagioni.ristorante\/\",\"https:\/\/www.tripadvisor.it\/Restaurant_Review-g194893-d940554-Reviews-Le_Quattro_Stagioni_d_Italia-Saluzzo_Province_of_Cuneo_Piedmont.html\"]}]}<\/script>\n<!-- \/ Yoast SEO plugin. -->","yoast_head_json":{"title":"Boutique dhuile dolive - Ristorante Le 4 Stagioni di Casa Sassone","robots":{"index":"index","follow":"follow","max-snippet":"max-snippet:-1","max-image-preview":"max-image-preview:large","max-video-preview":"max-video-preview:-1"},"canonical":"https:\/\/ristorantele4stagioni.com\/fr\/boutique-dhuile-dolive\/","og_locale":"fr_FR","og_type":"article","og_title":"Boutique dhuile dolive - Ristorante Le 4 Stagioni di Casa Sassone","og_description":"Boutique d&#8217;huile d&#8217;olive Au fil des ann\u00e9es, nous avons s\u00e9lectionn\u00e9 les meilleures huiles italiennes non seulement pour leurs qualit\u00e9s organoleptiques, mais aussi pour les m\u00e9thodes de culture et de production, dans une optique de proposer des produits durables \u00e0 tous points de vue sur nos tables. Pour ce faire, nous avons parcouru toute notre p\u00e9ninsule [&hellip;]","og_url":"https:\/\/ristorantele4stagioni.com\/fr\/boutique-dhuile-dolive\/","og_site_name":"Ristorante Le 4 Stagioni di Casa Sassone","article_publisher":"https:\/\/www.facebook.com\/ristorantele4stagioni","article_modified_time":"2024-08-09T16:07:05+00:00","og_image":[{"width":800,"height":610,"url":"https:\/\/ristorantele4stagioni.com\/wp-content\/uploads\/2024\/11\/logo-ristorante4stagioni-bagliore.png","type":"image\/png"}],"twitter_card":"summary_large_image","twitter_site":"@ristorante4stag","twitter_misc":{"Est. reading time":"1 minute"},"schema":{"@context":"https:\/\/schema.org","@graph":[{"@type":"WebPage","@id":"https:\/\/ristorantele4stagioni.com\/fr\/boutique-dhuile-dolive\/","url":"https:\/\/ristorantele4stagioni.com\/fr\/boutique-dhuile-dolive\/","name":"Boutique dhuile dolive - Ristorante Le 4 Stagioni di Casa Sassone","isPartOf":{"@id":"https:\/\/ristorantele4stagioni.com\/#website"},"datePublished":"2024-04-20T16:02:05+00:00","dateModified":"2024-08-09T16:07:05+00:00","breadcrumb":{"@id":"https:\/\/ristorantele4stagioni.com\/fr\/boutique-dhuile-dolive\/#breadcrumb"},"inLanguage":"fr-FR","potentialAction":[{"@type":"ReadAction","target":["https:\/\/ristorantele4stagioni.com\/fr\/boutique-dhuile-dolive\/"]}]},{"@type":"BreadcrumbList","@id":"https:\/\/ristorantele4stagioni.com\/fr\/boutique-dhuile-dolive\/#breadcrumb","itemListElement":[{"@type":"ListItem","position":1,"name":"Home","item":"https:\/\/ristorantele4stagioni.com\/fr\/home-2\/"},{"@type":"ListItem","position":2,"name":"Boutique dhuile dolive"}]},{"@type":"WebSite","@id":"https:\/\/ristorantele4stagioni.com\/#website","url":"https:\/\/ristorantele4stagioni.com\/","name":"Ristorante Le 4 Stagioni di Casa Sassone e Charcuterie a Saluzzo","description":"Nel cuore del centro storico di Saluzzo, capitale del Marchesato","publisher":{"@id":"https:\/\/ristorantele4stagioni.com\/#organization"},"potentialAction":[{"@type":"SearchAction","target":{"@type":"EntryPoint","urlTemplate":"https:\/\/ristorantele4stagioni.com\/?s={search_term_string}"},"query-input":{"@type":"PropertyValueSpecification","valueRequired":true,"valueName":"search_term_string"}}],"inLanguage":"fr-FR"},{"@type":"Organization","@id":"https:\/\/ristorantele4stagioni.com\/#organization","name":"Ristorante Le 4 Stagioni di Casa Sassone","url":"https:\/\/ristorantele4stagioni.com\/","logo":{"@type":"ImageObject","inLanguage":"fr-FR","@id":"https:\/\/ristorantele4stagioni.com\/#\/schema\/logo\/image\/","url":"https:\/\/ristorantele4stagioni.com\/wp-content\/uploads\/2024\/11\/logo-ristorante4stagioni-bagliore.png","contentUrl":"https:\/\/ristorantele4stagioni.com\/wp-content\/uploads\/2024\/11\/logo-ristorante4stagioni-bagliore.png","width":800,"height":610,"caption":"Ristorante Le 4 Stagioni di Casa Sassone"},"image":{"@id":"https:\/\/ristorantele4stagioni.com\/#\/schema\/logo\/image\/"},"sameAs":["https:\/\/www.facebook.com\/ristorantele4stagioni","https:\/\/x.com\/ristorante4stag","https:\/\/www.instagram.com\/le4stagioni.ristorante\/","https:\/\/www.tripadvisor.it\/Restaurant_Review-g194893-d940554-Reviews-Le_Quattro_Stagioni_d_Italia-Saluzzo_Province_of_Cuneo_Piedmont.html"]}]}},"_links":{"self":[{"href":"https:\/\/ristorantele4stagioni.com\/fr\/wp-json\/wp\/v2\/pages\/1997","targetHints":{"allow":["GET"]}}],"collection":[{"href":"https:\/\/ristorantele4stagioni.com\/fr\/wp-json\/wp\/v2\/pages"}],"about":[{"href":"https:\/\/ristorantele4stagioni.com\/fr\/wp-json\/wp\/v2\/types\/page"}],"author":[{"embeddable":true,"href":"https:\/\/ristorantele4stagioni.com\/fr\/wp-json\/wp\/v2\/users\/1"}],"replies":[{"embeddable":true,"href":"https:\/\/ristorantele4stagioni.com\/fr\/wp-json\/wp\/v2\/comments?post=1997"}],"version-history":[{"count":6,"href":"https:\/\/ristorantele4stagioni.com\/fr\/wp-json\/wp\/v2\/pages\/1997\/revisions"}],"predecessor-version":[{"id":2003,"href":"https:\/\/ristorantele4stagioni.com\/fr\/wp-json\/wp\/v2\/pages\/1997\/revisions\/2003"}],"wp:attachment":[{"href":"https:\/\/ristorantele4stagioni.com\/fr\/wp-json\/wp\/v2\/media?parent=1997"}],"curies":[{"name":"wp","href":"https:\/\/api.w.org\/{rel}","templated":true}]}}