{"id":2039,"date":"2024-04-20T12:32:33","date_gmt":"2024-04-20T10:32:33","guid":{"rendered":"https:\/\/ristorantele4stagioni.com\/valori\/"},"modified":"2024-08-10T09:29:05","modified_gmt":"2024-08-10T07:29:05","slug":"valeurs","status":"publish","type":"page","link":"https:\/\/ristorantele4stagioni.com\/fr\/valeurs\/","title":{"rendered":"Valeurs"},"content":{"rendered":"<h1>Valeurs<\/h1>\n<div>\n<p>Ceux qui choisissent <strong>Le Quattro Stagioni<\/strong> optent pour une philosophie de restaurant qui place le client au centre. C&#8217;est pourquoi nous vous appelons <strong>notre invit\u00e9<\/strong>. Tout comme chez vous, nous accueillons des personnes du monde entier avec soin et une attention maximale \u00e0 tous les besoins. Nous vous pr\u00e9sentons notre territoire \u00e0 travers la nourriture, les <strong>traditions<\/strong>, <strong>l&#8217;art<\/strong> et le <strong>design<\/strong>.<\/p>\n<\/div>\n<p><img decoding=\"async\" src=\"\/wp-content\/uploads\/2024\/04\/ospitalita.png\" alt=\"\"><\/p>\n<h2>Hospitalit\u00e9<\/h2>\n<div>\n<p>Les exp\u00e9riences acquises au niveau europ\u00e9en au cours de plus de trente ans de travail nous ont appris l&#8217;art subtil de l&#8217;hospitalit\u00e9 internationale. Une mani\u00e8re de vivre la restauration et l&#8217;hospitalit\u00e9 faite d&#8217;attention aux d\u00e9tails, de gestes et d&#8217;am\u00e9nagements. Tous ces \u00e9l\u00e9ments contribuent \u00e0 cr\u00e9er une exp\u00e9rience d&#8217;invit\u00e9 que vous voudrez r\u00e9p\u00e9ter, peut-\u00eatre en choisissant parmi les nombreuses propositions de notre menu ou parmi les lieux fascinants du b\u00e2timent historique de Saluzzo qui nous accueille. Notre plus grand souhait est que vous vous sentiez comme nos invit\u00e9s, comme en famille, comme chez vous. Un principe si central dans notre vision que nous avons d\u00e9cid\u00e9 de l&#8217;associer au nom de marque : Le Quattro Stagioni di Casa Sassone.<\/p>\n<\/div>\n<p><img decoding=\"async\" src=\"\/wp-content\/uploads\/2024\/04\/sostenibilita.png\" alt=\"\"><\/p>\n<h2>DURABILIT\u00c9<\/h2>\n<div>\n<p>La durabilit\u00e9 d&#8217;un restaurant est le r\u00e9sultat de nombreux choix faits ensemble. Cela commence par la s\u00e9lection des produits et des fournisseurs et passe par la bonne gestion des commandes et des menus, jusqu&#8217;au choix des syst\u00e8mes et des sources d&#8217;\u00e9nergie. C&#8217;est pourquoi, lors de la derni\u00e8re r\u00e9novation, nous avons agi sur plusieurs fronts : une cha\u00eene d&#8217;approvisionnement certifi\u00e9e et transparente, des syst\u00e8mes de nouvelle g\u00e9n\u00e9ration qui permettent de r\u00e9duire la consommation d&#8217;\u00e9nergie et les \u00e9missions et am\u00e9liorent consid\u00e9rablement la qualit\u00e9 des environnements de travail, et des prix con\u00e7us pour garantir \u00e0 tous l&#8217;acc\u00e8s \u00e0 ce que nous aimons appeler le \u00ab luxe durable \u00bb.<\/p>\n<\/div>\n<p><img decoding=\"async\" src=\"\/wp-content\/uploads\/2024\/04\/i-prodotti-sono-a-km-zero-ma-lo-staff-e-internazionale-1.png\" alt=\"\"><\/p>\n<h2>INCLUSION<\/h2>\n<div>\n<p>L&#8217;inclusion est la valeur qui, plus que toute autre, a marqu\u00e9 nos menus depuis les ann\u00e9es 90. Chez Le Quattro Stagioni, vous pouvez trouver des plats adapt\u00e9s \u00e0 tous les besoins alimentaires. En commen\u00e7ant par les plats &#8220;sans&#8221; : sans gluten, sans lactose et sans produits d&#8217;origine animale (vegan).<\/p>\n<p>Depuis 2001, nous faisons partie du r\u00e9seau de l&#8217;AIC &#8211; Association Italienne de la Maladie C\u0153liaque &#8211; et 80 % de nos produits sont naturellement sans gluten.<\/p>\n<p>Nous sommes form\u00e9s pour r\u00e9pondre aux besoins de tout type de client : l&#8217;exp\u00e9rience acquise dans la gestion d&#8217;Expos, une brigade internationale et des cours de formation continue nous ont mis en contact avec les besoins de chaque type de culture.<\/p>\n<\/div>\n<p><!--more--><br \/>\n<!-- {\"type\":\"layout\",\"children\":[{\"type\":\"section\",\"props\":{\"image_position\":\"center-center\",\"style\":\"default\",\"title_breakpoint\":\"xl\",\"title_position\":\"top-left\",\"title_rotation\":\"left\",\"vertical_align\":\"\",\"width\":\"default\"},\"children\":[{\"type\":\"row\",\"children\":[{\"type\":\"column\",\"props\":{\"image_position\":\"center-center\",\"position_sticky_breakpoint\":\"m\"},\"children\":[{\"type\":\"headline\",\"props\":{\"content\":\"Valeurs\",\"text_align\":\"center\",\"title_element\":\"h1\",\"title_style\":\"h1\"}},{\"type\":\"text\",\"props\":{\"column_breakpoint\":\"m\",\"content\":\"\n\n<p>Ceux qui choisissent <strong>Le Quattro Stagioni<\\\/strong> optent pour une philosophie de restaurant qui place le client au centre. C'est pourquoi nous vous appelons <strong>notre invit\\u00e9<\\\/strong>. Tout comme chez vous, nous accueillons des personnes du monde entier avec soin et une attention maximale \\u00e0 tous les besoins. Nous vous pr\\u00e9sentons notre territoire \\u00e0 travers la nourriture, les <strong>traditions<\\\/strong>, <strong>l'art<\\\/strong> et le <strong>design<\\\/strong>.<\\\/p>\",\"margin\":\"medium\",\"text_align\":\"left\"}}]}]}]},{\"name\":\"valori home\",\"type\":\"section\",\"props\":{\"animation\":\"fade\",\"animation_delay\":false,\"image\":\"wp-content\\\/uploads\\\/yootheme\\\/home-restaurant-bg.svg\",\"image_position\":\"bottom-right\",\"padding\":\"large\",\"padding_remove_top\":true,\"style\":\"default\",\"title_breakpoint\":\"xl\",\"title_position\":\"top-left\",\"title_rotation\":\"left\",\"vertical_align\":\"\",\"width\":\"expand\"},\"children\":[{\"type\":\"row\",\"props\":{\"layout\":\"1-2,1-2\",\"parallax\":true,\"row_gap\":\"medium\",\"width\":\"expand\"},\"children\":[{\"type\":\"column\",\"props\":{\"image_position\":\"center-center\",\"position_sticky_breakpoint\":\"m\",\"width_medium\":\"1-2\"},\"children\":[{\"type\":\"image\",\"props\":{\"image\":\"wp-content\\\/uploads\\\/2024\\\/04\\\/ospitalita.png\",\"image_svg_color\":\"emphasis\",\"margin\":\"remove-vertical\"}}]},{\"type\":\"column\",\"props\":{\"image_position\":\"center-center\",\"position_sticky_breakpoint\":\"m\",\"prevent_collapse\":false,\"width_medium\":\"1-2\"},\"children\":[{\"type\":\"headline\",\"props\":{\"content\":\"Hospitalit\\u00e9\",\"title_element\":\"h2\",\"title_style\":\"h2\"}},{\"type\":\"text\",\"props\":{\"column_breakpoint\":\"m\",\"content\":\"\n\n<p>Les exp\\u00e9riences acquises au niveau europ\\u00e9en au cours de plus de trente ans de travail nous ont appris l'art subtil de l'hospitalit\\u00e9 internationale. Une mani\\u00e8re de vivre la restauration et l'hospitalit\\u00e9 faite d'attention aux d\\u00e9tails, de gestes et d'am\\u00e9nagements. Tous ces \\u00e9l\\u00e9ments contribuent \\u00e0 cr\\u00e9er une exp\\u00e9rience d'invit\\u00e9 que vous voudrez r\\u00e9p\\u00e9ter, peut-\\u00eatre en choisissant parmi les nombreuses propositions de notre menu ou parmi les lieux fascinants du b\\u00e2timent historique de Saluzzo qui nous accueille. Notre plus grand souhait est que vous vous sentiez comme nos invit\\u00e9s, comme en famille, comme chez vous. Un principe si central dans notre vision que nous avons d\\u00e9cid\\u00e9 de l'associer au nom de marque : Le Quattro Stagioni di Casa Sassone.<\\\/p>\",\"margin\":\"medium\",\"text_align\":\"left\"}}]}]},{\"type\":\"row\",\"props\":{\"layout\":\"1-2,1-2\",\"parallax\":true,\"row_gap\":\"medium\",\"width\":\"expand\"},\"children\":[{\"type\":\"column\",\"props\":{\"image_position\":\"center-center\",\"position_sticky_breakpoint\":\"m\",\"width_medium\":\"1-2\"},\"children\":[{\"type\":\"image\",\"props\":{\"image\":\"wp-content\\\/uploads\\\/2024\\\/04\\\/sostenibilita.png\",\"image_svg_color\":\"emphasis\",\"margin\":\"remove-vertical\"}}]},{\"type\":\"column\",\"props\":{\"image_position\":\"center-center\",\"order_first\":\"m\",\"position_sticky_breakpoint\":\"m\",\"prevent_collapse\":false,\"width_medium\":\"1-2\"},\"children\":[{\"type\":\"headline\",\"props\":{\"content\":\"DURABILIT\\u00c9\",\"title_element\":\"h2\",\"title_style\":\"h2\"}},{\"type\":\"text\",\"props\":{\"column_breakpoint\":\"m\",\"content\":\"\n\n<p>La durabilit\\u00e9 d'un restaurant est le r\\u00e9sultat de nombreux choix faits ensemble. Cela commence par la s\\u00e9lection des produits et des fournisseurs et passe par la bonne gestion des commandes et des menus, jusqu'au choix des syst\\u00e8mes et des sources d'\\u00e9nergie. C'est pourquoi, lors de la derni\\u00e8re r\\u00e9novation, nous avons agi sur plusieurs fronts : une cha\\u00eene d'approvisionnement certifi\\u00e9e et transparente, des syst\\u00e8mes de nouvelle g\\u00e9n\\u00e9ration qui permettent de r\\u00e9duire la consommation d'\\u00e9nergie et les \\u00e9missions et am\\u00e9liorent consid\\u00e9rablement la qualit\\u00e9 des environnements de travail, et des prix con\\u00e7us pour garantir \\u00e0 tous l'acc\\u00e8s \\u00e0 ce que nous aimons appeler le \\u00ab luxe durable \\u00bb.<\\\/p>\",\"margin\":\"medium\",\"text_align\":\"left\"}}]}]},{\"type\":\"row\",\"props\":{\"layout\":\"1-2,1-2\",\"parallax\":true,\"row_gap\":\"medium\",\"width\":\"expand\"},\"children\":[{\"type\":\"column\",\"props\":{\"image_position\":\"center-center\",\"position_sticky_breakpoint\":\"m\",\"width_medium\":\"1-2\"},\"children\":[{\"type\":\"image\",\"props\":{\"image\":\"wp-content\\\/uploads\\\/2024\\\/04\\\/i-prodotti-sono-a-km-zero-ma-lo-staff-e-internazionale-1.png\",\"image_svg_color\":\"emphasis\",\"margin\":\"remove-vertical\"}}]},{\"type\":\"column\",\"props\":{\"image_position\":\"center-center\",\"position_sticky_breakpoint\":\"m\",\"prevent_collapse\":false,\"width_medium\":\"1-2\"},\"children\":[{\"type\":\"headline\",\"props\":{\"content\":\"INCLUSION\",\"title_element\":\"h2\",\"title_style\":\"h2\"}},{\"type\":\"text\",\"props\":{\"column_breakpoint\":\"m\",\"content\":\"\n\n<p>L'inclusion est la valeur qui, plus que toute autre, a marqu\\u00e9 nos menus depuis les ann\\u00e9es 90. Chez Le Quattro Stagioni, vous pouvez trouver des plats adapt\\u00e9s \\u00e0 tous les besoins alimentaires. En commen\\u00e7ant par les plats \\\"sans\\\" : sans gluten, sans lactose et sans produits d'origine animale (vegan).<\\\/p>\\n\n\n<p>Depuis 2001, nous faisons partie du r\\u00e9seau de l'AIC - Association Italienne de la Maladie C\\u0153liaque - et 80 % de nos produits sont naturellement sans gluten.<\\\/p>\\n\n\n<p>Nous sommes form\\u00e9s pour r\\u00e9pondre aux besoins de tout type de client : l'exp\\u00e9rience acquise dans la gestion d'Expos, une brigade internationale et des cours de formation continue nous ont mis en contact avec les besoins de chaque type de culture.<\\\/p>\",\"margin\":\"medium\",\"text_align\":\"left\"}}]}]}]}],\"version\":\"4.4.7\"} --><\/p>\n","protected":false},"excerpt":{"rendered":"<p>Valeurs Ceux qui choisissent Le Quattro Stagioni optent pour une philosophie de restaurant qui place le client au centre. C&#8217;est pourquoi nous vous appelons notre invit\u00e9. Tout comme chez vous, nous accueillons des personnes du monde entier avec soin et une attention maximale \u00e0 tous les besoins. Nous vous pr\u00e9sentons notre territoire \u00e0 travers la [&hellip;]<\/p>\n","protected":false},"author":1,"featured_media":0,"parent":0,"menu_order":0,"comment_status":"closed","ping_status":"closed","template":"","meta":{"_acf_changed":false,"_monsterinsights_skip_tracking":false,"_monsterinsights_sitenote_active":false,"_monsterinsights_sitenote_note":"","_monsterinsights_sitenote_category":0,"footnotes":""},"class_list":["post-2039","page","type-page","status-publish","hentry"],"acf":[],"yoast_head":"<!-- This site is optimized with the Yoast SEO plugin v27.1.1 - https:\/\/yoast.com\/product\/yoast-seo-wordpress\/ -->\n<title>Valeurs - Ristorante Le 4 Stagioni di Casa Sassone<\/title>\n<meta name=\"robots\" content=\"index, follow, max-snippet:-1, max-image-preview:large, max-video-preview:-1\" \/>\n<link rel=\"canonical\" href=\"https:\/\/ristorantele4stagioni.com\/fr\/valeurs\/\" \/>\n<meta property=\"og:locale\" content=\"fr_FR\" \/>\n<meta property=\"og:type\" content=\"article\" \/>\n<meta property=\"og:title\" content=\"Valeurs - Ristorante Le 4 Stagioni di Casa Sassone\" \/>\n<meta property=\"og:description\" content=\"Valeurs Ceux qui choisissent Le Quattro Stagioni optent pour une philosophie de restaurant qui place le client au centre. C&#8217;est pourquoi nous vous appelons notre invit\u00e9. Tout comme chez vous, nous accueillons des personnes du monde entier avec soin et une attention maximale \u00e0 tous les besoins. Nous vous pr\u00e9sentons notre territoire \u00e0 travers la [&hellip;]\" \/>\n<meta property=\"og:url\" content=\"https:\/\/ristorantele4stagioni.com\/fr\/valeurs\/\" \/>\n<meta property=\"og:site_name\" content=\"Ristorante Le 4 Stagioni di Casa Sassone\" \/>\n<meta property=\"article:publisher\" content=\"https:\/\/www.facebook.com\/ristorantele4stagioni\" \/>\n<meta property=\"article:modified_time\" content=\"2024-08-10T07:29:05+00:00\" \/>\n<meta property=\"og:image\" content=\"https:\/\/ristorantele4stagioni.com\/wp-content\/uploads\/2024\/11\/logo-ristorante4stagioni-bagliore.png\" \/>\n\t<meta property=\"og:image:width\" content=\"800\" \/>\n\t<meta property=\"og:image:height\" content=\"610\" \/>\n\t<meta property=\"og:image:type\" content=\"image\/png\" \/>\n<meta name=\"twitter:card\" content=\"summary_large_image\" \/>\n<meta name=\"twitter:site\" content=\"@ristorante4stag\" \/>\n<meta name=\"twitter:label1\" content=\"Est. reading time\" \/>\n\t<meta name=\"twitter:data1\" content=\"2 minutes\" \/>\n<script type=\"application\/ld+json\" class=\"yoast-schema-graph\">{\"@context\":\"https:\/\/schema.org\",\"@graph\":[{\"@type\":\"WebPage\",\"@id\":\"https:\/\/ristorantele4stagioni.com\/fr\/valeurs\/\",\"url\":\"https:\/\/ristorantele4stagioni.com\/fr\/valeurs\/\",\"name\":\"Valeurs - Ristorante Le 4 Stagioni di Casa Sassone\",\"isPartOf\":{\"@id\":\"https:\/\/ristorantele4stagioni.com\/#website\"},\"datePublished\":\"2024-04-20T10:32:33+00:00\",\"dateModified\":\"2024-08-10T07:29:05+00:00\",\"breadcrumb\":{\"@id\":\"https:\/\/ristorantele4stagioni.com\/fr\/valeurs\/#breadcrumb\"},\"inLanguage\":\"fr-FR\",\"potentialAction\":[{\"@type\":\"ReadAction\",\"target\":[\"https:\/\/ristorantele4stagioni.com\/fr\/valeurs\/\"]}]},{\"@type\":\"BreadcrumbList\",\"@id\":\"https:\/\/ristorantele4stagioni.com\/fr\/valeurs\/#breadcrumb\",\"itemListElement\":[{\"@type\":\"ListItem\",\"position\":1,\"name\":\"Home\",\"item\":\"https:\/\/ristorantele4stagioni.com\/fr\/home-2\/\"},{\"@type\":\"ListItem\",\"position\":2,\"name\":\"Valeurs\"}]},{\"@type\":\"WebSite\",\"@id\":\"https:\/\/ristorantele4stagioni.com\/#website\",\"url\":\"https:\/\/ristorantele4stagioni.com\/\",\"name\":\"Ristorante Le 4 Stagioni di Casa Sassone e Charcuterie a Saluzzo\",\"description\":\"Nel cuore del centro storico di Saluzzo, capitale del Marchesato\",\"publisher\":{\"@id\":\"https:\/\/ristorantele4stagioni.com\/#organization\"},\"potentialAction\":[{\"@type\":\"SearchAction\",\"target\":{\"@type\":\"EntryPoint\",\"urlTemplate\":\"https:\/\/ristorantele4stagioni.com\/?s={search_term_string}\"},\"query-input\":{\"@type\":\"PropertyValueSpecification\",\"valueRequired\":true,\"valueName\":\"search_term_string\"}}],\"inLanguage\":\"fr-FR\"},{\"@type\":\"Organization\",\"@id\":\"https:\/\/ristorantele4stagioni.com\/#organization\",\"name\":\"Ristorante Le 4 Stagioni di Casa Sassone\",\"url\":\"https:\/\/ristorantele4stagioni.com\/\",\"logo\":{\"@type\":\"ImageObject\",\"inLanguage\":\"fr-FR\",\"@id\":\"https:\/\/ristorantele4stagioni.com\/#\/schema\/logo\/image\/\",\"url\":\"https:\/\/ristorantele4stagioni.com\/wp-content\/uploads\/2024\/11\/logo-ristorante4stagioni-bagliore.png\",\"contentUrl\":\"https:\/\/ristorantele4stagioni.com\/wp-content\/uploads\/2024\/11\/logo-ristorante4stagioni-bagliore.png\",\"width\":800,\"height\":610,\"caption\":\"Ristorante Le 4 Stagioni di Casa Sassone\"},\"image\":{\"@id\":\"https:\/\/ristorantele4stagioni.com\/#\/schema\/logo\/image\/\"},\"sameAs\":[\"https:\/\/www.facebook.com\/ristorantele4stagioni\",\"https:\/\/x.com\/ristorante4stag\",\"https:\/\/www.instagram.com\/le4stagioni.ristorante\/\",\"https:\/\/www.tripadvisor.it\/Restaurant_Review-g194893-d940554-Reviews-Le_Quattro_Stagioni_d_Italia-Saluzzo_Province_of_Cuneo_Piedmont.html\"]}]}<\/script>\n<!-- \/ Yoast SEO plugin. -->","yoast_head_json":{"title":"Valeurs - Ristorante Le 4 Stagioni di Casa Sassone","robots":{"index":"index","follow":"follow","max-snippet":"max-snippet:-1","max-image-preview":"max-image-preview:large","max-video-preview":"max-video-preview:-1"},"canonical":"https:\/\/ristorantele4stagioni.com\/fr\/valeurs\/","og_locale":"fr_FR","og_type":"article","og_title":"Valeurs - Ristorante Le 4 Stagioni di Casa Sassone","og_description":"Valeurs Ceux qui choisissent Le Quattro Stagioni optent pour une philosophie de restaurant qui place le client au centre. C&#8217;est pourquoi nous vous appelons notre invit\u00e9. Tout comme chez vous, nous accueillons des personnes du monde entier avec soin et une attention maximale \u00e0 tous les besoins. Nous vous pr\u00e9sentons notre territoire \u00e0 travers la [&hellip;]","og_url":"https:\/\/ristorantele4stagioni.com\/fr\/valeurs\/","og_site_name":"Ristorante Le 4 Stagioni di Casa Sassone","article_publisher":"https:\/\/www.facebook.com\/ristorantele4stagioni","article_modified_time":"2024-08-10T07:29:05+00:00","og_image":[{"width":800,"height":610,"url":"https:\/\/ristorantele4stagioni.com\/wp-content\/uploads\/2024\/11\/logo-ristorante4stagioni-bagliore.png","type":"image\/png"}],"twitter_card":"summary_large_image","twitter_site":"@ristorante4stag","twitter_misc":{"Est. reading time":"2 minutes"},"schema":{"@context":"https:\/\/schema.org","@graph":[{"@type":"WebPage","@id":"https:\/\/ristorantele4stagioni.com\/fr\/valeurs\/","url":"https:\/\/ristorantele4stagioni.com\/fr\/valeurs\/","name":"Valeurs - Ristorante Le 4 Stagioni di Casa Sassone","isPartOf":{"@id":"https:\/\/ristorantele4stagioni.com\/#website"},"datePublished":"2024-04-20T10:32:33+00:00","dateModified":"2024-08-10T07:29:05+00:00","breadcrumb":{"@id":"https:\/\/ristorantele4stagioni.com\/fr\/valeurs\/#breadcrumb"},"inLanguage":"fr-FR","potentialAction":[{"@type":"ReadAction","target":["https:\/\/ristorantele4stagioni.com\/fr\/valeurs\/"]}]},{"@type":"BreadcrumbList","@id":"https:\/\/ristorantele4stagioni.com\/fr\/valeurs\/#breadcrumb","itemListElement":[{"@type":"ListItem","position":1,"name":"Home","item":"https:\/\/ristorantele4stagioni.com\/fr\/home-2\/"},{"@type":"ListItem","position":2,"name":"Valeurs"}]},{"@type":"WebSite","@id":"https:\/\/ristorantele4stagioni.com\/#website","url":"https:\/\/ristorantele4stagioni.com\/","name":"Ristorante Le 4 Stagioni di Casa Sassone e Charcuterie a Saluzzo","description":"Nel cuore del centro storico di Saluzzo, capitale del Marchesato","publisher":{"@id":"https:\/\/ristorantele4stagioni.com\/#organization"},"potentialAction":[{"@type":"SearchAction","target":{"@type":"EntryPoint","urlTemplate":"https:\/\/ristorantele4stagioni.com\/?s={search_term_string}"},"query-input":{"@type":"PropertyValueSpecification","valueRequired":true,"valueName":"search_term_string"}}],"inLanguage":"fr-FR"},{"@type":"Organization","@id":"https:\/\/ristorantele4stagioni.com\/#organization","name":"Ristorante Le 4 Stagioni di Casa Sassone","url":"https:\/\/ristorantele4stagioni.com\/","logo":{"@type":"ImageObject","inLanguage":"fr-FR","@id":"https:\/\/ristorantele4stagioni.com\/#\/schema\/logo\/image\/","url":"https:\/\/ristorantele4stagioni.com\/wp-content\/uploads\/2024\/11\/logo-ristorante4stagioni-bagliore.png","contentUrl":"https:\/\/ristorantele4stagioni.com\/wp-content\/uploads\/2024\/11\/logo-ristorante4stagioni-bagliore.png","width":800,"height":610,"caption":"Ristorante Le 4 Stagioni di Casa Sassone"},"image":{"@id":"https:\/\/ristorantele4stagioni.com\/#\/schema\/logo\/image\/"},"sameAs":["https:\/\/www.facebook.com\/ristorantele4stagioni","https:\/\/x.com\/ristorante4stag","https:\/\/www.instagram.com\/le4stagioni.ristorante\/","https:\/\/www.tripadvisor.it\/Restaurant_Review-g194893-d940554-Reviews-Le_Quattro_Stagioni_d_Italia-Saluzzo_Province_of_Cuneo_Piedmont.html"]}]}},"_links":{"self":[{"href":"https:\/\/ristorantele4stagioni.com\/fr\/wp-json\/wp\/v2\/pages\/2039","targetHints":{"allow":["GET"]}}],"collection":[{"href":"https:\/\/ristorantele4stagioni.com\/fr\/wp-json\/wp\/v2\/pages"}],"about":[{"href":"https:\/\/ristorantele4stagioni.com\/fr\/wp-json\/wp\/v2\/types\/page"}],"author":[{"embeddable":true,"href":"https:\/\/ristorantele4stagioni.com\/fr\/wp-json\/wp\/v2\/users\/1"}],"replies":[{"embeddable":true,"href":"https:\/\/ristorantele4stagioni.com\/fr\/wp-json\/wp\/v2\/comments?post=2039"}],"version-history":[{"count":5,"href":"https:\/\/ristorantele4stagioni.com\/fr\/wp-json\/wp\/v2\/pages\/2039\/revisions"}],"predecessor-version":[{"id":2052,"href":"https:\/\/ristorantele4stagioni.com\/fr\/wp-json\/wp\/v2\/pages\/2039\/revisions\/2052"}],"wp:attachment":[{"href":"https:\/\/ristorantele4stagioni.com\/fr\/wp-json\/wp\/v2\/media?parent=2039"}],"curies":[{"name":"wp","href":"https:\/\/api.w.org\/{rel}","templated":true}]}}