{"id":2041,"date":"2024-04-20T15:14:38","date_gmt":"2024-04-20T13:14:38","guid":{"rendered":"https:\/\/ristorantele4stagioni.com\/anniversario\/"},"modified":"2026-02-19T10:02:23","modified_gmt":"2026-02-19T09:02:23","slug":"anniversaire","status":"publish","type":"page","link":"https:\/\/ristorantele4stagioni.com\/fr\/anniversaire\/","title":{"rendered":"Anniversaire"},"content":{"rendered":"<h1>Anniversaire<\/h1>\n<p><img decoding=\"async\" src=\"\/wp-content\/uploads\/2026\/02\/Adobe-Express-file.png\" alt=\"\"><\/p>\n<h2>1997 \/ 2026<\/h2>\n<p><img decoding=\"async\" src=\"\/wp-content\/uploads\/2024\/04\/Casa-sassone-anniversario.jpg\" alt=\"\"><\/p>\n<div>\n<p><strong>30 ans<\/strong> se sont \u00e9coul\u00e9s depuis <strong>1997<\/strong>, lorsque <strong>Le Quattro Stagioni<\/strong> a ouvert ses portes \u00e0 ses clients pour la premi\u00e8re fois. Au fil des ans, nous sommes rest\u00e9s fid\u00e8les \u00e0 notre choix : une cuisine traditionnelle qui ne propose que les meilleurs produits locaux et les traditions culinaires les plus particuli\u00e8res du Pi\u00e9mont et des r\u00e9gions d&#8217;Italie. Pendant tout ce temps, nous avons form\u00e9 et s\u00e9lectionn\u00e9 des cuisiniers et du personnel de salle qui refl\u00e8tent nos valeurs, g\u00e9r\u00e9 une \u00e9cole de cuisine internationale pour \u00e9trangers &#8211; l&#8217;ICIF, <span>\u00a0<\/span><a href=\"https:\/\/www.icif.com\/\" target=\"_blank\" rel=\"noopener\"><strong>Italian Culinary Institute for Foreigners<\/strong><\/a>\u00a0&#8211; et cr\u00e9\u00e9 le format Arro Coffee \u00e0 Londres. Dans les ann\u00e9es les plus difficiles pour la restauration mondiale, nous avons investi dans la r\u00e9novation de nouveaux espaces pour agrandir le <strong>si\u00e8ge historique \u00e0 Saluzzo<\/strong>, qui depuis 2022 est ouvert au public avec une cuisine ouverte lumineuse, deux nouvelles caves &#8211; l&#8217;une au concept plus traditionnel et l&#8217;autre au design moderne marqu\u00e9 &#8211; et un atelier interne avec des produits <strong>de<\/strong> <strong>marque Casa Sassone<\/strong>.<\/p>\n<\/div>\n<p><!--more--><br \/>\n<!-- {\"type\":\"layout\",\"children\":[{\"type\":\"section\",\"props\":{\"image_position\":\"center-center\",\"style\":\"default\",\"title_breakpoint\":\"xl\",\"title_position\":\"top-left\",\"title_rotation\":\"left\",\"vertical_align\":\"\",\"width\":\"default\"},\"children\":[{\"type\":\"row\",\"children\":[{\"type\":\"column\",\"props\":{\"image_position\":\"center-center\",\"position_sticky_breakpoint\":\"m\"},\"children\":[{\"type\":\"headline\",\"props\":{\"content\":\"Anniversaire\",\"text_align\":\"center\",\"title_element\":\"h1\",\"title_style\":\"h1\"}}]}]},{\"type\":\"row\",\"children\":[{\"type\":\"column\",\"props\":{\"image_position\":\"center-center\",\"position_sticky_breakpoint\":\"m\"},\"children\":[{\"type\":\"image\",\"props\":{\"image\":\"wp-content\\\/uploads\\\/2026\\\/02\\\/Adobe-Express-file.png\",\"image_svg_color\":\"emphasis\",\"image_width\":\"300\",\"margin\":\"remove-vertical\",\"text_align\":\"center\"}},{\"type\":\"headline\",\"props\":{\"content\":\"1997 \\\/ 2026\",\"margin\":\"medium\",\"margin_remove_top\":true,\"text_align\":\"center\",\"title_element\":\"h2\",\"title_style\":\"h1\"}}]}]}]},{\"name\":\"valori home\",\"type\":\"section\",\"props\":{\"animation\":\"fade\",\"animation_delay\":false,\"image\":\"wp-content\\\/uploads\\\/yootheme\\\/home-restaurant-bg.svg\",\"image_position\":\"bottom-right\",\"padding\":\"large\",\"padding_remove_top\":true,\"style\":\"default\",\"title_breakpoint\":\"xl\",\"title_position\":\"top-left\",\"title_rotation\":\"left\",\"vertical_align\":\"\",\"width\":\"expand\"},\"children\":[{\"type\":\"row\",\"props\":{\"layout\":\"1-2,1-2\",\"parallax\":true,\"row_gap\":\"medium\",\"width\":\"expand\"},\"children\":[{\"type\":\"column\",\"props\":{\"image_position\":\"center-center\",\"position_sticky_breakpoint\":\"m\",\"width_medium\":\"1-2\"},\"children\":[{\"type\":\"image\",\"props\":{\"image\":\"wp-content\\\/uploads\\\/2024\\\/04\\\/Casa-sassone-anniversario.jpg\",\"image_svg_color\":\"emphasis\",\"margin\":\"remove-vertical\"}}]},{\"type\":\"column\",\"props\":{\"image_position\":\"center-center\",\"position_sticky_breakpoint\":\"m\",\"prevent_collapse\":false,\"width_medium\":\"1-2\"},\"children\":[{\"type\":\"text\",\"props\":{\"column_breakpoint\":\"m\",\"content\":\"\n\n<p><strong>30 ans<\\\/strong> se sont \\u00e9coul\\u00e9s depuis <strong>1997<\\\/strong>, lorsque <strong>Le Quattro Stagioni<\\\/strong> a ouvert ses portes \\u00e0 ses clients pour la premi\\u00e8re fois. Au fil des ans, nous sommes rest\\u00e9s fid\\u00e8les \\u00e0 notre choix : une cuisine traditionnelle qui ne propose que les meilleurs produits locaux et les traditions culinaires les plus particuli\\u00e8res du Pi\\u00e9mont et des r\\u00e9gions d'Italie. Pendant tout ce temps, nous avons form\\u00e9 et s\\u00e9lectionn\\u00e9 des cuisiniers et du personnel de salle qui refl\\u00e8tent nos valeurs, g\\u00e9r\\u00e9 une \\u00e9cole de cuisine internationale pour \\u00e9trangers - l'ICIF, <span>\\u00a0<\\\/span><a href=\\\"https:\\\/\\\/www.icif.com\\\/\\\" target=\\\"_blank\\\" rel=\\\"noopener\\\"><strong>Italian Culinary Institute for Foreigners<\\\/strong><\\\/a>\\u00a0- et cr\\u00e9\\u00e9 le format Arro Coffee \\u00e0 Londres. Dans les ann\\u00e9es les plus difficiles pour la restauration mondiale, nous avons investi dans la r\\u00e9novation de nouveaux espaces pour agrandir le <strong>si\\u00e8ge historique \\u00e0 Saluzzo<\\\/strong>, qui depuis 2022 est ouvert au public avec une cuisine ouverte lumineuse, deux nouvelles caves - l'une au concept plus traditionnel et l'autre au design moderne marqu\\u00e9 - et un atelier interne avec des produits <strong>de<\\\/strong> <strong>marque Casa Sassone<\\\/strong>.<\\\/p>\",\"margin\":\"medium\",\"text_align\":\"left\"}}]}]}]}],\"version\":\"4.5.32\"} --><\/p>\n","protected":false},"excerpt":{"rendered":"<p>Anniversaire 1997 \/ 2026 30 ans se sont \u00e9coul\u00e9s depuis 1997, lorsque Le Quattro Stagioni a ouvert ses portes \u00e0 ses clients pour la premi\u00e8re fois. Au fil des ans, nous sommes rest\u00e9s fid\u00e8les \u00e0 notre choix : une cuisine traditionnelle qui ne propose que les meilleurs produits locaux et les traditions culinaires les plus [&hellip;]<\/p>\n","protected":false},"author":1,"featured_media":0,"parent":0,"menu_order":0,"comment_status":"closed","ping_status":"closed","template":"","meta":{"_acf_changed":false,"_monsterinsights_skip_tracking":false,"_monsterinsights_sitenote_active":false,"_monsterinsights_sitenote_note":"","_monsterinsights_sitenote_category":0,"footnotes":""},"class_list":["post-2041","page","type-page","status-publish","hentry"],"acf":[],"yoast_head":"<!-- This site is optimized with the Yoast SEO plugin v27.1.1 - https:\/\/yoast.com\/product\/yoast-seo-wordpress\/ -->\n<title>Anniversaire - Ristorante Le 4 Stagioni di Casa Sassone<\/title>\n<meta name=\"robots\" content=\"index, follow, max-snippet:-1, max-image-preview:large, max-video-preview:-1\" \/>\n<link rel=\"canonical\" href=\"https:\/\/ristorantele4stagioni.com\/anniversario\/\" \/>\n<meta property=\"og:locale\" content=\"fr_FR\" \/>\n<meta property=\"og:type\" content=\"article\" \/>\n<meta property=\"og:title\" content=\"Anniversaire - Ristorante Le 4 Stagioni di Casa Sassone\" \/>\n<meta property=\"og:description\" content=\"Anniversaire 1997 \/ 2026 30 ans se sont \u00e9coul\u00e9s depuis 1997, lorsque Le Quattro Stagioni a ouvert ses portes \u00e0 ses clients pour la premi\u00e8re fois. Au fil des ans, nous sommes rest\u00e9s fid\u00e8les \u00e0 notre choix : une cuisine traditionnelle qui ne propose que les meilleurs produits locaux et les traditions culinaires les plus [&hellip;]\" \/>\n<meta property=\"og:url\" content=\"https:\/\/ristorantele4stagioni.com\/anniversario\/\" \/>\n<meta property=\"og:site_name\" content=\"Ristorante Le 4 Stagioni di Casa Sassone\" \/>\n<meta property=\"article:publisher\" content=\"https:\/\/www.facebook.com\/ristorantele4stagioni\" \/>\n<meta property=\"article:modified_time\" content=\"2026-02-19T09:02:23+00:00\" \/>\n<meta property=\"og:image\" content=\"https:\/\/ristorantele4stagioni.com\/wp-content\/uploads\/2024\/11\/logo-ristorante4stagioni-bagliore.png\" \/>\n\t<meta property=\"og:image:width\" content=\"800\" \/>\n\t<meta property=\"og:image:height\" content=\"610\" \/>\n\t<meta property=\"og:image:type\" content=\"image\/png\" \/>\n<meta name=\"twitter:card\" content=\"summary_large_image\" \/>\n<meta name=\"twitter:site\" content=\"@ristorante4stag\" \/>\n<meta name=\"twitter:label1\" content=\"Est. reading time\" \/>\n\t<meta name=\"twitter:data1\" content=\"1 minute\" \/>\n<script type=\"application\/ld+json\" class=\"yoast-schema-graph\">{\"@context\":\"https:\/\/schema.org\",\"@graph\":[{\"@type\":\"WebPage\",\"@id\":\"https:\/\/ristorantele4stagioni.com\/anniversario\/\",\"url\":\"https:\/\/ristorantele4stagioni.com\/anniversario\/\",\"name\":\"Anniversaire - Ristorante Le 4 Stagioni di Casa Sassone\",\"isPartOf\":{\"@id\":\"https:\/\/ristorantele4stagioni.com\/#website\"},\"datePublished\":\"2024-04-20T13:14:38+00:00\",\"dateModified\":\"2026-02-19T09:02:23+00:00\",\"breadcrumb\":{\"@id\":\"https:\/\/ristorantele4stagioni.com\/anniversario\/#breadcrumb\"},\"inLanguage\":\"fr-FR\",\"potentialAction\":[{\"@type\":\"ReadAction\",\"target\":[\"https:\/\/ristorantele4stagioni.com\/anniversario\/\"]}]},{\"@type\":\"BreadcrumbList\",\"@id\":\"https:\/\/ristorantele4stagioni.com\/anniversario\/#breadcrumb\",\"itemListElement\":[{\"@type\":\"ListItem\",\"position\":1,\"name\":\"Home\",\"item\":\"https:\/\/ristorantele4stagioni.com\/fr\/home-2\/\"},{\"@type\":\"ListItem\",\"position\":2,\"name\":\"Anniversaire\"}]},{\"@type\":\"WebSite\",\"@id\":\"https:\/\/ristorantele4stagioni.com\/#website\",\"url\":\"https:\/\/ristorantele4stagioni.com\/\",\"name\":\"Ristorante Le 4 Stagioni di Casa Sassone e Charcuterie a Saluzzo\",\"description\":\"Nel cuore del centro storico di Saluzzo, capitale del Marchesato\",\"publisher\":{\"@id\":\"https:\/\/ristorantele4stagioni.com\/#organization\"},\"potentialAction\":[{\"@type\":\"SearchAction\",\"target\":{\"@type\":\"EntryPoint\",\"urlTemplate\":\"https:\/\/ristorantele4stagioni.com\/?s={search_term_string}\"},\"query-input\":{\"@type\":\"PropertyValueSpecification\",\"valueRequired\":true,\"valueName\":\"search_term_string\"}}],\"inLanguage\":\"fr-FR\"},{\"@type\":\"Organization\",\"@id\":\"https:\/\/ristorantele4stagioni.com\/#organization\",\"name\":\"Ristorante Le 4 Stagioni di Casa Sassone\",\"url\":\"https:\/\/ristorantele4stagioni.com\/\",\"logo\":{\"@type\":\"ImageObject\",\"inLanguage\":\"fr-FR\",\"@id\":\"https:\/\/ristorantele4stagioni.com\/#\/schema\/logo\/image\/\",\"url\":\"https:\/\/ristorantele4stagioni.com\/wp-content\/uploads\/2024\/11\/logo-ristorante4stagioni-bagliore.png\",\"contentUrl\":\"https:\/\/ristorantele4stagioni.com\/wp-content\/uploads\/2024\/11\/logo-ristorante4stagioni-bagliore.png\",\"width\":800,\"height\":610,\"caption\":\"Ristorante Le 4 Stagioni di Casa Sassone\"},\"image\":{\"@id\":\"https:\/\/ristorantele4stagioni.com\/#\/schema\/logo\/image\/\"},\"sameAs\":[\"https:\/\/www.facebook.com\/ristorantele4stagioni\",\"https:\/\/x.com\/ristorante4stag\",\"https:\/\/www.instagram.com\/le4stagioni.ristorante\/\",\"https:\/\/www.tripadvisor.it\/Restaurant_Review-g194893-d940554-Reviews-Le_Quattro_Stagioni_d_Italia-Saluzzo_Province_of_Cuneo_Piedmont.html\"]}]}<\/script>\n<!-- \/ Yoast SEO plugin. -->","yoast_head_json":{"title":"Anniversaire - Ristorante Le 4 Stagioni di Casa Sassone","robots":{"index":"index","follow":"follow","max-snippet":"max-snippet:-1","max-image-preview":"max-image-preview:large","max-video-preview":"max-video-preview:-1"},"canonical":"https:\/\/ristorantele4stagioni.com\/anniversario\/","og_locale":"fr_FR","og_type":"article","og_title":"Anniversaire - Ristorante Le 4 Stagioni di Casa Sassone","og_description":"Anniversaire 1997 \/ 2026 30 ans se sont \u00e9coul\u00e9s depuis 1997, lorsque Le Quattro Stagioni a ouvert ses portes \u00e0 ses clients pour la premi\u00e8re fois. Au fil des ans, nous sommes rest\u00e9s fid\u00e8les \u00e0 notre choix : une cuisine traditionnelle qui ne propose que les meilleurs produits locaux et les traditions culinaires les plus [&hellip;]","og_url":"https:\/\/ristorantele4stagioni.com\/anniversario\/","og_site_name":"Ristorante Le 4 Stagioni di Casa Sassone","article_publisher":"https:\/\/www.facebook.com\/ristorantele4stagioni","article_modified_time":"2026-02-19T09:02:23+00:00","og_image":[{"width":800,"height":610,"url":"https:\/\/ristorantele4stagioni.com\/wp-content\/uploads\/2024\/11\/logo-ristorante4stagioni-bagliore.png","type":"image\/png"}],"twitter_card":"summary_large_image","twitter_site":"@ristorante4stag","twitter_misc":{"Est. reading time":"1 minute"},"schema":{"@context":"https:\/\/schema.org","@graph":[{"@type":"WebPage","@id":"https:\/\/ristorantele4stagioni.com\/anniversario\/","url":"https:\/\/ristorantele4stagioni.com\/anniversario\/","name":"Anniversaire - Ristorante Le 4 Stagioni di Casa Sassone","isPartOf":{"@id":"https:\/\/ristorantele4stagioni.com\/#website"},"datePublished":"2024-04-20T13:14:38+00:00","dateModified":"2026-02-19T09:02:23+00:00","breadcrumb":{"@id":"https:\/\/ristorantele4stagioni.com\/anniversario\/#breadcrumb"},"inLanguage":"fr-FR","potentialAction":[{"@type":"ReadAction","target":["https:\/\/ristorantele4stagioni.com\/anniversario\/"]}]},{"@type":"BreadcrumbList","@id":"https:\/\/ristorantele4stagioni.com\/anniversario\/#breadcrumb","itemListElement":[{"@type":"ListItem","position":1,"name":"Home","item":"https:\/\/ristorantele4stagioni.com\/fr\/home-2\/"},{"@type":"ListItem","position":2,"name":"Anniversaire"}]},{"@type":"WebSite","@id":"https:\/\/ristorantele4stagioni.com\/#website","url":"https:\/\/ristorantele4stagioni.com\/","name":"Ristorante Le 4 Stagioni di Casa Sassone e Charcuterie a Saluzzo","description":"Nel cuore del centro storico di Saluzzo, capitale del Marchesato","publisher":{"@id":"https:\/\/ristorantele4stagioni.com\/#organization"},"potentialAction":[{"@type":"SearchAction","target":{"@type":"EntryPoint","urlTemplate":"https:\/\/ristorantele4stagioni.com\/?s={search_term_string}"},"query-input":{"@type":"PropertyValueSpecification","valueRequired":true,"valueName":"search_term_string"}}],"inLanguage":"fr-FR"},{"@type":"Organization","@id":"https:\/\/ristorantele4stagioni.com\/#organization","name":"Ristorante Le 4 Stagioni di Casa Sassone","url":"https:\/\/ristorantele4stagioni.com\/","logo":{"@type":"ImageObject","inLanguage":"fr-FR","@id":"https:\/\/ristorantele4stagioni.com\/#\/schema\/logo\/image\/","url":"https:\/\/ristorantele4stagioni.com\/wp-content\/uploads\/2024\/11\/logo-ristorante4stagioni-bagliore.png","contentUrl":"https:\/\/ristorantele4stagioni.com\/wp-content\/uploads\/2024\/11\/logo-ristorante4stagioni-bagliore.png","width":800,"height":610,"caption":"Ristorante Le 4 Stagioni di Casa Sassone"},"image":{"@id":"https:\/\/ristorantele4stagioni.com\/#\/schema\/logo\/image\/"},"sameAs":["https:\/\/www.facebook.com\/ristorantele4stagioni","https:\/\/x.com\/ristorante4stag","https:\/\/www.instagram.com\/le4stagioni.ristorante\/","https:\/\/www.tripadvisor.it\/Restaurant_Review-g194893-d940554-Reviews-Le_Quattro_Stagioni_d_Italia-Saluzzo_Province_of_Cuneo_Piedmont.html"]}]}},"_links":{"self":[{"href":"https:\/\/ristorantele4stagioni.com\/fr\/wp-json\/wp\/v2\/pages\/2041","targetHints":{"allow":["GET"]}}],"collection":[{"href":"https:\/\/ristorantele4stagioni.com\/fr\/wp-json\/wp\/v2\/pages"}],"about":[{"href":"https:\/\/ristorantele4stagioni.com\/fr\/wp-json\/wp\/v2\/types\/page"}],"author":[{"embeddable":true,"href":"https:\/\/ristorantele4stagioni.com\/fr\/wp-json\/wp\/v2\/users\/1"}],"replies":[{"embeddable":true,"href":"https:\/\/ristorantele4stagioni.com\/fr\/wp-json\/wp\/v2\/comments?post=2041"}],"version-history":[{"count":5,"href":"https:\/\/ristorantele4stagioni.com\/fr\/wp-json\/wp\/v2\/pages\/2041\/revisions"}],"predecessor-version":[{"id":4474,"href":"https:\/\/ristorantele4stagioni.com\/fr\/wp-json\/wp\/v2\/pages\/2041\/revisions\/4474"}],"wp:attachment":[{"href":"https:\/\/ristorantele4stagioni.com\/fr\/wp-json\/wp\/v2\/media?parent=2041"}],"curies":[{"name":"wp","href":"https:\/\/api.w.org\/{rel}","templated":true}]}}